{"id":1941,"date":"2025-06-15T09:37:47","date_gmt":"2025-06-15T07:37:47","guid":{"rendered":"https:\/\/zoomserie.at\/?page_id=1941"},"modified":"2025-06-15T09:38:33","modified_gmt":"2025-06-15T07:38:33","slug":"drinks-menu","status":"publish","type":"page","link":"https:\/\/zoomserie.at\/en\/shop\/getraenkekarte\/","title":{"rendered":"Drinks menu"},"content":{"rendered":"<div>\n<div>\n<p>Cappuccino 4.3<\/p>\n<\/div>\n<\/div>\n<div>\n<div>\n<p>Big Brown 4.3<\/p>\n<\/div>\n<\/div>\n<div>\n<div>\n<p>Little Brown 3.3<\/p>\n<\/div>\n<\/div>\n<div>\n<div>\n<p>Extended 3.8<\/p>\n<\/div>\n<\/div>\n<div>\n<div>\n<p>Blend 4<\/p>\n<\/div>\n<\/div>\n<div>\n<div>\n<p>Coffee Latte 4.1<\/p>\n<\/div>\n<\/div>\n<div>\n<div>\n<p>Espresso 3.1<\/p>\n<\/div>\n<\/div>\n<div>\n<div>\n<p>Espresso Lungo 3.1<\/p>\n<\/div>\n<\/div>\n<div>\n<div>\n<p>Double Espresso 3.9<\/p>\n<\/div>\n<\/div>\n<div>\n<div>\n<p>Flat White 3.8<\/p>\n<\/div>\n<\/div>\n<div>\n<div>\n<p>Chai Latte 4.3<\/p>\n<\/div>\n<\/div>\n<div>\n<div>\n<p>Matcha Latte 4.3<\/p>\n<\/div>\n<\/div>\n<div>\n<div>\n<p>Mocha with whipped cream 5<\/p>\n<\/div>\n<\/div>\n<div>\n<div>\n<p>Affogatto 4.5<\/p>\n<\/div>\n<\/div>\n<div>\n<div>\n<p>Chocolate 4.1<\/p>\n<\/div>\n<\/div>\n<div>\n<p>White Chocolate 4.1<\/p>\n<div>\n<div>\n<div>\n<p>Freddo espresso 4.8<\/p>\n<\/div>\n<\/div>\n<div>\n<div>\n<p>Freddo Cappuccino 5<\/p>\n<\/div>\n<\/div>\n<div>\n<div>\n<p>Viennese iced coffee 5.3<\/p>\n<\/div>\n<\/div>\n<div>\n<div>\n<p>Freddoccino Caramel 5<\/p>\n<\/div>\n<\/div>\n<div>\n<div>\n<p>Frappe Classic 4.1<\/p>\n<\/div>\n<\/div>\n<div>\n<div>\n<p>Frappe with ice 5<\/p>\n<\/div>\n<\/div>\n<div>\n<div>\n<p>Organic lemonade with organic forest honey 5<\/p>\n<\/div>\n<\/div>\n<div>\n<div>\n<p>Orange juice 6.3<\/p>\n<\/div>\n<\/div>\n<div>\n<div>\n<p>Coca-Cola\/Zero 3.1<\/p>\n<\/div>\n<\/div>\n<div>\n<div>\n<p>Milkshake 6<\/p>\n<\/div>\n<\/div>\n<div>\n<div>\n<p>Water 2.5<\/p>\n<\/div>\n<\/div>\n<div>\n<p>Iced latte 4.1<\/p>\n<div>\n<div>\n<div>\n<p>Tea 4<\/p>\n<p>English breakfast<\/p>\n<\/div>\n<\/div>\n<div>\n<div>\n<p>Earl Grey<\/p>\n<\/div>\n<div>\n<p>mango<\/p>\n<\/div>\n<div>\n<p>Kombucha<\/p>\n<\/div>\n<div>\n<p>Menta<\/p>\n<\/div>\n<div>\n<p>Chamomile<\/p>\n<\/div>\n<div>\n<p>Matcha<\/p>\n<\/div>\n<div>\n<p>Orange Ginger<\/p>\n<\/div>\n<\/div>\n<\/div>\n<\/div>\n<\/div>\n<\/div>","protected":false},"excerpt":{"rendered":"<p>Cappuccino 4.3 Gro\u00dfer Brauner 4.3 Kleiner Brauner 3.3 Verl\u00e4ngerter 3.8 Melange 4 Kaffe Latte 4.1 Espresso 3.1 Espresso Lungo 3.1 Doppelter Espresso 3.9 Flat White 3.8 Chai Latte 4.3 Matcha Latte 4.3 Mokka mit Schlagsahne 5 Affogatto 4.5 Schokolade 4.1 Wei\u00dfe Schokolade 4.1 Freddo espresso 4.8 Freddo Cappuccino 5 Wiener Eiskaffee 5.3 Freddoccino Karamel 5 [&hellip;]<\/p>\n","protected":false},"author":2,"featured_media":1942,"parent":51,"menu_order":0,"comment_status":"closed","ping_status":"closed","template":"","meta":{"_monsterinsights_skip_tracking":false,"_monsterinsights_sitenote_active":false,"_monsterinsights_sitenote_note":"","_monsterinsights_sitenote_category":0,"footnotes":""},"class_list":["post-1941","page","type-page","status-publish","has-post-thumbnail","hentry"],"aioseo_notices":[],"aioseo_head":"\n\t\t<!-- All in One SEO Pro 4.9.6.1 - aioseo.com -->\n\t<meta name=\"description\" content=\"Cappuccino 4.3 Gro\u00dfer Brauner 4.3 Kleiner Brauner 3.3 Verl\u00e4ngerter 3.8 Melange 4 Kaffe Latte 4.1 Espresso 3.1 Espresso Lungo 3.1 Doppelter Espresso 3.9 Flat White 3.8 Chai Latte 4.3 Matcha Latte 4.3 Mokka mit Schlagsahne 5 Affogatto 4.5 Schokolade 4.1 Wei\u00dfe Schokolade 4.1 Freddo espresso 4.8 Freddo Cappuccino 5 Wiener Eiskaffee 5.3 Freddoccino Karamel 5\" \/>\n\t<meta name=\"robots\" content=\"max-image-preview:large\" \/>\n\t<link rel=\"canonical\" href=\"https:\/\/zoomserie.at\/en\/shop\/getraenkekarte\/\" \/>\n\t<meta name=\"generator\" content=\"All in One SEO Pro (AIOSEO) 4.9.6.1\" \/>\n\t\t<meta property=\"og:locale\" content=\"en_US\" \/>\n\t\t<meta property=\"og:site_name\" content=\"Zoomserie Wien \u25ba Zoomserie Wien, Torten Bestellen, Konditorei, Eis, Kaffee, Patisserie\" \/>\n\t\t<meta property=\"og:type\" content=\"article\" \/>\n\t\t<meta property=\"og:title\" content=\"Getr\u00e4nkekarte \u25ba Zoomserie Wien\" \/>\n\t\t<meta property=\"og:description\" content=\"Cappuccino 4.3 Gro\u00dfer Brauner 4.3 Kleiner Brauner 3.3 Verl\u00e4ngerter 3.8 Melange 4 Kaffe Latte 4.1 Espresso 3.1 Espresso Lungo 3.1 Doppelter Espresso 3.9 Flat White 3.8 Chai Latte 4.3 Matcha Latte 4.3 Mokka mit Schlagsahne 5 Affogatto 4.5 Schokolade 4.1 Wei\u00dfe Schokolade 4.1 Freddo espresso 4.8 Freddo Cappuccino 5 Wiener Eiskaffee 5.3 Freddoccino Karamel 5\" \/>\n\t\t<meta property=\"og:url\" content=\"https:\/\/zoomserie.at\/en\/shop\/getraenkekarte\/\" \/>\n\t\t<meta property=\"og:image\" content=\"https:\/\/zoomserie.at\/wp-content\/uploads\/2023\/11\/logo_zoomserie-01.svg\" \/>\n\t\t<meta property=\"og:image:secure_url\" content=\"https:\/\/zoomserie.at\/wp-content\/uploads\/2023\/11\/logo_zoomserie-01.svg\" \/>\n\t\t<meta property=\"article:published_time\" content=\"2025-06-15T07:37:47+00:00\" \/>\n\t\t<meta property=\"article:modified_time\" content=\"2025-06-15T07:38:33+00:00\" \/>\n\t\t<meta property=\"article:publisher\" content=\"https:\/\/www.facebook.com\/ZoomserieAustria\" \/>\n\t\t<meta name=\"twitter:card\" content=\"summary_large_image\" \/>\n\t\t<meta name=\"twitter:title\" content=\"Getr\u00e4nkekarte \u25ba Zoomserie Wien\" \/>\n\t\t<meta name=\"twitter:description\" content=\"Cappuccino 4.3 Gro\u00dfer Brauner 4.3 Kleiner Brauner 3.3 Verl\u00e4ngerter 3.8 Melange 4 Kaffe Latte 4.1 Espresso 3.1 Espresso Lungo 3.1 Doppelter Espresso 3.9 Flat White 3.8 Chai Latte 4.3 Matcha Latte 4.3 Mokka mit Schlagsahne 5 Affogatto 4.5 Schokolade 4.1 Wei\u00dfe Schokolade 4.1 Freddo espresso 4.8 Freddo Cappuccino 5 Wiener Eiskaffee 5.3 Freddoccino Karamel 5\" \/>\n\t\t<meta name=\"twitter:image\" content=\"https:\/\/zoomserie.at\/wp-content\/uploads\/2023\/11\/logo_zoomserie-01.svg\" \/>\n\t\t<script type=\"application\/ld+json\" class=\"aioseo-schema\">\n\t\t\t{\"@context\":\"https:\\\/\\\/schema.org\",\"@graph\":[{\"@type\":\"BreadcrumbList\",\"@id\":\"https:\\\/\\\/zoomserie.at\\\/en\\\/shop\\\/getraenkekarte\\\/#breadcrumblist\",\"itemListElement\":[{\"@type\":\"ListItem\",\"@id\":\"https:\\\/\\\/zoomserie.at\\\/en#listItem\",\"position\":1,\"name\":\"Zu Hause\",\"item\":\"https:\\\/\\\/zoomserie.at\\\/en\",\"nextItem\":{\"@type\":\"ListItem\",\"@id\":\"https:\\\/\\\/zoomserie.at\\\/en\\\/shop\\\/#listItem\",\"name\":\"Shop\"}},{\"@type\":\"ListItem\",\"@id\":\"https:\\\/\\\/zoomserie.at\\\/en\\\/shop\\\/#listItem\",\"position\":2,\"name\":\"Shop\",\"item\":\"https:\\\/\\\/zoomserie.at\\\/en\\\/shop\\\/\",\"nextItem\":{\"@type\":\"ListItem\",\"@id\":\"https:\\\/\\\/zoomserie.at\\\/en\\\/shop\\\/getraenkekarte\\\/#listItem\",\"name\":\"Getr\\u00e4nkekarte\"},\"previousItem\":{\"@type\":\"ListItem\",\"@id\":\"https:\\\/\\\/zoomserie.at\\\/en#listItem\",\"name\":\"Zu Hause\"}},{\"@type\":\"ListItem\",\"@id\":\"https:\\\/\\\/zoomserie.at\\\/en\\\/shop\\\/getraenkekarte\\\/#listItem\",\"position\":3,\"name\":\"Getr\\u00e4nkekarte\",\"previousItem\":{\"@type\":\"ListItem\",\"@id\":\"https:\\\/\\\/zoomserie.at\\\/en\\\/shop\\\/#listItem\",\"name\":\"Shop\"}}]},{\"@type\":\"Organization\",\"@id\":\"https:\\\/\\\/zoomserie.at\\\/en\\\/#organization\",\"name\":\"Zoomserie Wien\",\"description\":\"Zoomserie ist eine moderne Patisserie. Gegr\\u00fcndet wurde sie 1981 im gebirgigen Norden Griechenlands als Eishersteller. Die lokalen Zutaten wie Milch, Butter und Eier bestimmten die Rezepte, und sehr schnell wurde das kleine l\\u00e4ndliche Unternehmen zu einer nationalen Marke. Mit derselben Leidenschaft setzen wir unsere Arbeit fort, verwenden die nat\\u00fcrlichsten Zutaten und kreieren neue Rezepte in den Bereichen Patisserie, Eiscreme und traditionelle Backwaren. Griechenland, ein ewiger Schnittpunkt kulinarischer Kulturen, beeinflusst unsere Produktpalette am st\\u00e4rksten. Orientalisch sirupartige Aromen, franz\\u00f6sische Haute-Desserts, italienisches Gelato sowie die neuesten Trends der internationalen Patisseriekunst lassen unser umfangreiches Produktsortiment auf dem Markt hervorstechen. Dar\\u00fcber hinaus wurde unsere Leidenschaft und unser Augenmerk auf das Detail beim guten Kaffee mit einem Great Taste Award f\\u00fcr unsere Specialty-Kaffees ausgezeichnet. Unsere Produkte finden Sie in den Zoomserie-Fachgesch\\u00e4ften in Griechenland, Deutschland, \\u00d6sterreich, Gro\\u00dfbritannien und Rum\\u00e4nien sowie bei ausgew\\u00e4hlten Handelspartnern.\",\"url\":\"https:\\\/\\\/zoomserie.at\\\/en\\\/\",\"email\":\"kontakt@zoomserie.at\",\"telephone\":\"+4367761781960\",\"foundingDate\":\"1981-04-18\",\"logo\":{\"@type\":\"ImageObject\",\"url\":\"https:\\\/\\\/zoomserie.at\\\/wp-content\\\/uploads\\\/2023\\\/11\\\/logo_zoomserie-01.svg\",\"@id\":\"https:\\\/\\\/zoomserie.at\\\/en\\\/shop\\\/getraenkekarte\\\/#organizationLogo\"},\"image\":{\"@id\":\"https:\\\/\\\/zoomserie.at\\\/en\\\/shop\\\/getraenkekarte\\\/#organizationLogo\"},\"sameAs\":[\"https:\\\/\\\/www.facebook.com\\\/ZoomserieAustria\",\"https:\\\/\\\/www.instagram.com\\\/zoomseriewien\",\"https:\\\/\\\/www.tiktok.com\\\/@zoomserie.wien\"],\"address\":{\"@id\":\"https:\\\/\\\/zoomserie.at\\\/en\\\/#postaladdress\",\"@type\":\"PostalAddress\",\"streetAddress\":\"Gablenzgasse 11, Lugner City\",\"postalCode\":\"1150\",\"addressLocality\":\"Wien\",\"addressCountry\":\"AT\"},\"taxID\":\"FN 617575 z\",\"vatID\":\"ATU80436324\"},{\"@type\":\"WebPage\",\"@id\":\"https:\\\/\\\/zoomserie.at\\\/en\\\/shop\\\/getraenkekarte\\\/#webpage\",\"url\":\"https:\\\/\\\/zoomserie.at\\\/en\\\/shop\\\/getraenkekarte\\\/\",\"name\":\"Getr\\u00e4nkekarte \\u25ba Zoomserie Wien\",\"description\":\"Cappuccino 4.3 Gro\\u00dfer Brauner 4.3 Kleiner Brauner 3.3 Verl\\u00e4ngerter 3.8 Melange 4 Kaffe Latte 4.1 Espresso 3.1 Espresso Lungo 3.1 Doppelter Espresso 3.9 Flat White 3.8 Chai Latte 4.3 Matcha Latte 4.3 Mokka mit Schlagsahne 5 Affogatto 4.5 Schokolade 4.1 Wei\\u00dfe Schokolade 4.1 Freddo espresso 4.8 Freddo Cappuccino 5 Wiener Eiskaffee 5.3 Freddoccino Karamel 5\",\"inLanguage\":\"en-US\",\"isPartOf\":{\"@id\":\"https:\\\/\\\/zoomserie.at\\\/en\\\/#website\"},\"breadcrumb\":{\"@id\":\"https:\\\/\\\/zoomserie.at\\\/en\\\/shop\\\/getraenkekarte\\\/#breadcrumblist\"},\"image\":{\"@type\":\"ImageObject\",\"url\":\"https:\\\/\\\/zoomserie.at\\\/wp-content\\\/uploads\\\/2025\\\/06\\\/screen-menu-lugner-2-e1749973957887.png\",\"@id\":\"https:\\\/\\\/zoomserie.at\\\/en\\\/shop\\\/getraenkekarte\\\/#mainImage\",\"width\":800,\"height\":450,\"caption\":\"Getr\\u00e4nkekarte Zoomserie Wien\"},\"primaryImageOfPage\":{\"@id\":\"https:\\\/\\\/zoomserie.at\\\/en\\\/shop\\\/getraenkekarte\\\/#mainImage\"},\"datePublished\":\"2025-06-15T09:37:47+02:00\",\"dateModified\":\"2025-06-15T09:38:33+02:00\"},{\"@type\":\"WebSite\",\"@id\":\"https:\\\/\\\/zoomserie.at\\\/en\\\/#website\",\"url\":\"https:\\\/\\\/zoomserie.at\\\/en\\\/\",\"name\":\"Zoomserie Wien\",\"description\":\"Zoomserie Wien, Torten Bestellen, Konditorei, Eis, Kaffee, Patisserie\",\"inLanguage\":\"en-US\",\"publisher\":{\"@id\":\"https:\\\/\\\/zoomserie.at\\\/en\\\/#organization\"}}]}\n\t\t<\/script>\n\t\t<!-- All in One SEO Pro -->\r\n\t\t<title>Getr\u00e4nkekarte \u25ba Zoomserie Wien<\/title>\n\n","aioseo_head_json":{"title":"Drinks menu \u25ba Zoomserie Vienna","description":"Cappuccino 4.3 Large Brown 4.3 Small Brown 3.3 Long 3.8 Melange 4 Coffee Latte 4.1 Espresso 3.1 Espresso Lungo 3.1 Double Espresso 3.9 Flat White 3.8 Chai Latte 4.3 Matcha Latte 4.3 Mocha with whipped cream 5 Affogatto 4.5 Chocolate 4.1 White Chocolate 4.1 Freddo Espresso 4.8 Freddo Cappuccino 5 Viennese Iced Coffee 5.3 Freddoccino Caramel 5","canonical_url":"https:\/\/zoomserie.at\/en\/shop\/getraenkekarte\/","robots":"max-image-preview:large","keywords":"","webmasterTools":{"miscellaneous":""},"schema":{"@context":"https:\/\/schema.org","@graph":[{"@type":"BreadcrumbList","@id":"https:\/\/zoomserie.at\/en\/shop\/getraenkekarte\/#breadcrumblist","itemListElement":[{"@type":"ListItem","@id":"https:\/\/zoomserie.at\/en#listItem","position":1,"name":"Zu Hause","item":"https:\/\/zoomserie.at\/en","nextItem":{"@type":"ListItem","@id":"https:\/\/zoomserie.at\/en\/shop\/#listItem","name":"Shop"}},{"@type":"ListItem","@id":"https:\/\/zoomserie.at\/en\/shop\/#listItem","position":2,"name":"Shop","item":"https:\/\/zoomserie.at\/en\/shop\/","nextItem":{"@type":"ListItem","@id":"https:\/\/zoomserie.at\/en\/shop\/getraenkekarte\/#listItem","name":"Getr\u00e4nkekarte"},"previousItem":{"@type":"ListItem","@id":"https:\/\/zoomserie.at\/en#listItem","name":"Zu Hause"}},{"@type":"ListItem","@id":"https:\/\/zoomserie.at\/en\/shop\/getraenkekarte\/#listItem","position":3,"name":"Getr\u00e4nkekarte","previousItem":{"@type":"ListItem","@id":"https:\/\/zoomserie.at\/en\/shop\/#listItem","name":"Shop"}}]},{"@type":"Organization","@id":"https:\/\/zoomserie.at\/en\/#organization","name":"Zoomserie Wien","description":"Zoomserie ist eine moderne Patisserie. Gegr\u00fcndet wurde sie 1981 im gebirgigen Norden Griechenlands als Eishersteller. Die lokalen Zutaten wie Milch, Butter und Eier bestimmten die Rezepte, und sehr schnell wurde das kleine l\u00e4ndliche Unternehmen zu einer nationalen Marke. Mit derselben Leidenschaft setzen wir unsere Arbeit fort, verwenden die nat\u00fcrlichsten Zutaten und kreieren neue Rezepte in den Bereichen Patisserie, Eiscreme und traditionelle Backwaren. Griechenland, ein ewiger Schnittpunkt kulinarischer Kulturen, beeinflusst unsere Produktpalette am st\u00e4rksten. Orientalisch sirupartige Aromen, franz\u00f6sische Haute-Desserts, italienisches Gelato sowie die neuesten Trends der internationalen Patisseriekunst lassen unser umfangreiches Produktsortiment auf dem Markt hervorstechen. Dar\u00fcber hinaus wurde unsere Leidenschaft und unser Augenmerk auf das Detail beim guten Kaffee mit einem Great Taste Award f\u00fcr unsere Specialty-Kaffees ausgezeichnet. Unsere Produkte finden Sie in den Zoomserie-Fachgesch\u00e4ften in Griechenland, Deutschland, \u00d6sterreich, Gro\u00dfbritannien und Rum\u00e4nien sowie bei ausgew\u00e4hlten Handelspartnern.","url":"https:\/\/zoomserie.at\/en\/","email":"kontakt@zoomserie.at","telephone":"+4367761781960","foundingDate":"1981-04-18","logo":{"@type":"ImageObject","url":"https:\/\/zoomserie.at\/wp-content\/uploads\/2023\/11\/logo_zoomserie-01.svg","@id":"https:\/\/zoomserie.at\/en\/shop\/getraenkekarte\/#organizationLogo"},"image":{"@id":"https:\/\/zoomserie.at\/en\/shop\/getraenkekarte\/#organizationLogo"},"sameAs":["https:\/\/www.facebook.com\/ZoomserieAustria","https:\/\/www.instagram.com\/zoomseriewien","https:\/\/www.tiktok.com\/@zoomserie.wien"],"address":{"@id":"https:\/\/zoomserie.at\/en\/#postaladdress","@type":"PostalAddress","streetAddress":"Gablenzgasse 11, Lugner City","postalCode":"1150","addressLocality":"Wien","addressCountry":"AT"},"taxID":"FN 617575 z","vatID":"ATU80436324"},{"@type":"WebPage","@id":"https:\/\/zoomserie.at\/en\/shop\/getraenkekarte\/#webpage","url":"https:\/\/zoomserie.at\/en\/shop\/getraenkekarte\/","name":"Getr\u00e4nkekarte \u25ba Zoomserie Wien","description":"Cappuccino 4.3 Gro\u00dfer Brauner 4.3 Kleiner Brauner 3.3 Verl\u00e4ngerter 3.8 Melange 4 Kaffe Latte 4.1 Espresso 3.1 Espresso Lungo 3.1 Doppelter Espresso 3.9 Flat White 3.8 Chai Latte 4.3 Matcha Latte 4.3 Mokka mit Schlagsahne 5 Affogatto 4.5 Schokolade 4.1 Wei\u00dfe Schokolade 4.1 Freddo espresso 4.8 Freddo Cappuccino 5 Wiener Eiskaffee 5.3 Freddoccino Karamel 5","inLanguage":"en-US","isPartOf":{"@id":"https:\/\/zoomserie.at\/en\/#website"},"breadcrumb":{"@id":"https:\/\/zoomserie.at\/en\/shop\/getraenkekarte\/#breadcrumblist"},"image":{"@type":"ImageObject","url":"https:\/\/zoomserie.at\/wp-content\/uploads\/2025\/06\/screen-menu-lugner-2-e1749973957887.png","@id":"https:\/\/zoomserie.at\/en\/shop\/getraenkekarte\/#mainImage","width":800,"height":450,"caption":"Getr\u00e4nkekarte Zoomserie Wien"},"primaryImageOfPage":{"@id":"https:\/\/zoomserie.at\/en\/shop\/getraenkekarte\/#mainImage"},"datePublished":"2025-06-15T09:37:47+02:00","dateModified":"2025-06-15T09:38:33+02:00"},{"@type":"WebSite","@id":"https:\/\/zoomserie.at\/en\/#website","url":"https:\/\/zoomserie.at\/en\/","name":"Zoomserie Wien","description":"Zoomserie Wien, Torten Bestellen, Konditorei, Eis, Kaffee, Patisserie","inLanguage":"en-US","publisher":{"@id":"https:\/\/zoomserie.at\/en\/#organization"}}]},"og:locale":"en_US","og:site_name":"Zoomserie Wien \u25ba Zoomserie Wien, Torten Bestellen, Konditorei, Eis, Kaffee, Patisserie","og:type":"article","og:title":"Getr\u00e4nkekarte \u25ba Zoomserie Wien","og:description":"Cappuccino 4.3 Gro\u00dfer Brauner 4.3 Kleiner Brauner 3.3 Verl\u00e4ngerter 3.8 Melange 4 Kaffe Latte 4.1 Espresso 3.1 Espresso Lungo 3.1 Doppelter Espresso 3.9 Flat White 3.8 Chai Latte 4.3 Matcha Latte 4.3 Mokka mit Schlagsahne 5 Affogatto 4.5 Schokolade 4.1 Wei\u00dfe Schokolade 4.1 Freddo espresso 4.8 Freddo Cappuccino 5 Wiener Eiskaffee 5.3 Freddoccino Karamel 5","og:url":"https:\/\/zoomserie.at\/en\/shop\/getraenkekarte\/","og:image":"https:\/\/zoomserie.at\/wp-content\/uploads\/2023\/11\/logo_zoomserie-01.svg","og:image:secure_url":"https:\/\/zoomserie.at\/wp-content\/uploads\/2023\/11\/logo_zoomserie-01.svg","article:published_time":"2025-06-15T07:37:47+00:00","article:modified_time":"2025-06-15T07:38:33+00:00","article:publisher":"https:\/\/www.facebook.com\/ZoomserieAustria","twitter:card":"summary_large_image","twitter:title":"Getr\u00e4nkekarte \u25ba Zoomserie Wien","twitter:description":"Cappuccino 4.3 Gro\u00dfer Brauner 4.3 Kleiner Brauner 3.3 Verl\u00e4ngerter 3.8 Melange 4 Kaffe Latte 4.1 Espresso 3.1 Espresso Lungo 3.1 Doppelter Espresso 3.9 Flat White 3.8 Chai Latte 4.3 Matcha Latte 4.3 Mokka mit Schlagsahne 5 Affogatto 4.5 Schokolade 4.1 Wei\u00dfe Schokolade 4.1 Freddo espresso 4.8 Freddo Cappuccino 5 Wiener Eiskaffee 5.3 Freddoccino Karamel 5","twitter:image":"https:\/\/zoomserie.at\/wp-content\/uploads\/2023\/11\/logo_zoomserie-01.svg"},"aioseo_meta_data":{"post_id":"1941","title":null,"description":null,"keywords":null,"keyphrases":{"focus":{"keyphrase":"Getr\u00e4nkekarte","score":50,"analysis":{"keyphraseInTitle":{"score":9,"maxScore":9,"error":0},"keyphraseInDescription":{"score":3,"maxScore":9,"error":1},"keyphraseLength":{"score":9,"maxScore":9,"error":0,"length":2},"keyphraseInURL":{"score":1,"maxScore":5,"error":1},"keyphraseInIntroduction":{"score":3,"maxScore":9,"error":1},"keyphraseInSubHeadings":[],"keyphraseInImageAlt":[],"keywordDensity":{"score":0,"type":"low","maxScore":9,"error":1}}},"additional":[]},"primary_term":null,"canonical_url":null,"og_title":null,"og_description":null,"og_object_type":"default","og_image_type":"default","og_image_url":null,"og_image_width":null,"og_image_height":null,"og_image_custom_url":null,"og_image_custom_fields":null,"og_video":"","og_custom_url":null,"og_article_section":null,"og_article_tags":null,"twitter_use_og":false,"twitter_card":"default","twitter_image_type":"default","twitter_image_url":null,"twitter_image_custom_url":null,"twitter_image_custom_fields":null,"twitter_title":null,"twitter_description":null,"schema":{"blockGraphs":[],"customGraphs":[],"default":{"data":{"Article":[],"Course":[],"Dataset":[],"FAQPage":[],"Movie":[],"Person":[],"Product":[],"ProductReview":[],"Car":[],"Recipe":[],"Service":[],"SoftwareApplication":[],"WebPage":[]},"graphName":"WebPage","isEnabled":true},"graphs":[]},"schema_type":"default","schema_type_options":null,"pillar_content":false,"robots_default":true,"robots_noindex":false,"robots_noarchive":false,"robots_nosnippet":false,"robots_nofollow":false,"robots_noimageindex":false,"robots_noodp":false,"robots_notranslate":false,"robots_max_snippet":"-1","robots_max_videopreview":"-1","robots_max_imagepreview":"large","priority":null,"frequency":"default","local_seo":null,"seo_analyzer_scan_date":"2025-08-15 03:59:08","breadcrumb_settings":null,"limit_modified_date":false,"reviewed_by":null,"open_ai":"{\"title\":{\"suggestions\":[],\"usage\":0},\"description\":{\"suggestions\":[],\"usage\":0}}","ai":null,"created":"2025-06-15 07:37:07","updated":"2025-08-15 03:59:08"},"aioseo_breadcrumb":"<div class=\"aioseo-breadcrumbs\"><span class=\"aioseo-breadcrumb\">\n\t<a href=\"https:\/\/zoomserie.at\/en\" title=\"Zu Hause\">Zu Hause<\/a>\n<\/span><span class=\"aioseo-breadcrumb-separator\">&raquo;<\/span><span class=\"aioseo-breadcrumb\">\n\t<a href=\"https:\/\/zoomserie.at\/en\/shop\/\" title=\"Shop\">Shop<\/a>\n<\/span><span class=\"aioseo-breadcrumb-separator\">&raquo;<\/span><span class=\"aioseo-breadcrumb\">\n\tGetr\u00e4nkekarte\n<\/span><\/div>","aioseo_breadcrumb_json":[{"label":"Zu Hause","link":"https:\/\/zoomserie.at\/en"},{"label":"Shop","link":"https:\/\/zoomserie.at\/en\/shop\/"},{"label":"Getr\u00e4nkekarte","link":"https:\/\/zoomserie.at\/en\/shop\/getraenkekarte\/"}],"_links":{"self":[{"href":"https:\/\/zoomserie.at\/en\/wp-json\/wp\/v2\/pages\/1941","targetHints":{"allow":["GET"]}}],"collection":[{"href":"https:\/\/zoomserie.at\/en\/wp-json\/wp\/v2\/pages"}],"about":[{"href":"https:\/\/zoomserie.at\/en\/wp-json\/wp\/v2\/types\/page"}],"author":[{"embeddable":true,"href":"https:\/\/zoomserie.at\/en\/wp-json\/wp\/v2\/users\/2"}],"replies":[{"embeddable":true,"href":"https:\/\/zoomserie.at\/en\/wp-json\/wp\/v2\/comments?post=1941"}],"version-history":[{"count":1,"href":"https:\/\/zoomserie.at\/en\/wp-json\/wp\/v2\/pages\/1941\/revisions"}],"predecessor-version":[{"id":1943,"href":"https:\/\/zoomserie.at\/en\/wp-json\/wp\/v2\/pages\/1941\/revisions\/1943"}],"up":[{"embeddable":true,"href":"https:\/\/zoomserie.at\/en\/wp-json\/wp\/v2\/pages\/51"}],"wp:featuredmedia":[{"embeddable":true,"href":"https:\/\/zoomserie.at\/en\/wp-json\/wp\/v2\/media\/1942"}],"wp:attachment":[{"href":"https:\/\/zoomserie.at\/en\/wp-json\/wp\/v2\/media?parent=1941"}],"curies":[{"name":"wp","href":"https:\/\/api.w.org\/{rel}","templated":true}]}}