{"id":52,"date":"2023-11-22T23:26:00","date_gmt":"2023-11-22T22:26:00","guid":{"rendered":"https:\/\/zoomserie.at\/cart\/"},"modified":"2023-12-10T15:56:52","modified_gmt":"2023-12-10T14:56:52","slug":"shopping-basket","status":"publish","type":"page","link":"https:\/\/zoomserie.at\/en\/einkaufskorb\/","title":{"rendered":"Shopping basket"},"content":{"rendered":"<div data-block-name=\"woocommerce\/cart\" class=\"wp-block-woocommerce-cart alignwide is-loading\">\n<div data-block-name=\"woocommerce\/filled-cart-block\" class=\"wp-block-woocommerce-filled-cart-block\">\n<div data-block-name=\"woocommerce\/cart-items-block\" class=\"wp-block-woocommerce-cart-items-block\">\n<div data-block-name=\"woocommerce\/cart-line-items-block\" class=\"wp-block-woocommerce-cart-line-items-block\"><\/div>\n\n\n\n<div data-block-name=\"woocommerce\/cart-cross-sells-block\" class=\"wp-block-woocommerce-cart-cross-sells-block\">\n<h2 class=\"wp-block-heading has-large-font-size\">You may be interested in...<\/h2>\n\n\n\n<div data-block-name=\"woocommerce\/cart-cross-sells-products-block\" class=\"wp-block-woocommerce-cart-cross-sells-products-block\"><\/div>\n<\/div>\n<\/div>\n\n\n\n<div data-block-name=\"woocommerce\/cart-totals-block\" class=\"wp-block-woocommerce-cart-totals-block\">\n<div data-block-name=\"woocommerce\/cart-order-summary-block\" class=\"wp-block-woocommerce-cart-order-summary-block\">\n<div data-block-name=\"woocommerce\/cart-order-summary-heading-block\" class=\"wp-block-woocommerce-cart-order-summary-heading-block\"><\/div><div data-block-name=\"woocommerce\/cart-order-summary-coupon-form-block\" class=\"wp-block-woocommerce-cart-order-summary-coupon-form-block\"><\/div><div data-block-name=\"woocommerce\/cart-order-summary-totals-block\" class=\"wp-block-woocommerce-cart-order-summary-totals-block\">\n<div data-block-name=\"woocommerce\/cart-order-summary-subtotal-block\" class=\"wp-block-woocommerce-cart-order-summary-subtotal-block\"><\/div>\n<div data-block-name=\"woocommerce\/cart-order-summary-discount-block\" class=\"wp-block-woocommerce-cart-order-summary-discount-block\"><\/div>\n<div data-block-name=\"woocommerce\/cart-order-summary-fee-block\" class=\"wp-block-woocommerce-cart-order-summary-fee-block\"><\/div>\n<div data-block-name=\"woocommerce\/cart-order-summary-shipping-block\" class=\"wp-block-woocommerce-cart-order-summary-shipping-block\"><\/div>\n<div data-block-name=\"woocommerce\/cart-order-summary-taxes-block\" class=\"wp-block-woocommerce-cart-order-summary-taxes-block\"><\/div><\/div>\n<\/div>\n\n\n\n<div data-block-name=\"woocommerce\/cart-express-payment-block\" class=\"wp-block-woocommerce-cart-express-payment-block\"><\/div>\n\n\n\n<div data-block-name=\"woocommerce\/proceed-to-checkout-block\" class=\"wp-block-woocommerce-proceed-to-checkout-block\"><\/div>\n\n\n\n<div data-block-name=\"woocommerce\/cart-accepted-payment-methods-block\" class=\"wp-block-woocommerce-cart-accepted-payment-methods-block\"><\/div>\n<\/div>\n<\/div>\n\n\n\n<div data-block-name=\"woocommerce\/empty-cart-block\" class=\"wp-block-woocommerce-empty-cart-block\">\n<h2 class=\"wp-block-heading has-text-align-center with-empty-cart-icon wc-block-cart__empty-cart__title\">Your cart is currently empty!<\/h2>\n\n\n\n<hr class=\"wp-block-separator has-alpha-channel-opacity is-style-dots\"\/>\n\n\n\n<h2 class=\"wp-block-heading has-text-align-center\">New in store<\/h2>\n\n\n<div data-block-name=\"woocommerce\/product-new\" data-columns=\"4\" data-rows=\"1\" class=\"wc-block-grid wp-block-product-new wp-block-woocommerce-product-new wc-block-product-new has-4-columns\"><ul class=\"wc-block-grid__products\"><li class=\"wc-block-grid__product\">\n\t\t\t\t<a href=\"https:\/\/zoomserie.at\/en\/produkt\/tropical-paradise-cheesecake\/\" class=\"wc-block-grid__product-link\">\n\t\t\t\t\t\n\t\t\t\t\t<div class=\"wc-block-grid__product-image\"><img loading=\"lazy\" decoding=\"async\" width=\"300\" height=\"300\" src=\"https:\/\/zoomserie.at\/wp-content\/uploads\/2025\/06\/tropical-paradise-cheesecake-300x300.jpg\" class=\"attachment-woocommerce_thumbnail size-woocommerce_thumbnail\" alt=\"Tropical Paradise Cheesecake\" srcset=\"https:\/\/zoomserie.at\/wp-content\/uploads\/2025\/06\/tropical-paradise-cheesecake-300x300.jpg 300w, https:\/\/zoomserie.at\/wp-content\/uploads\/2025\/06\/tropical-paradise-cheesecake-150x150.jpg 150w, https:\/\/zoomserie.at\/wp-content\/uploads\/2025\/06\/tropical-paradise-cheesecake-12x12.jpg 12w, https:\/\/zoomserie.at\/wp-content\/uploads\/2025\/06\/tropical-paradise-cheesecake-100x100.jpg 100w, https:\/\/zoomserie.at\/wp-content\/uploads\/2025\/06\/tropical-paradise-cheesecake.jpg 500w\" sizes=\"(max-width: 300px) 100vw, 300px\" \/><\/div>\n\t\t\t\t\t<div class=\"wc-block-grid__product-title\">Tropical Paradise Cheesecake<\/div>\n\t\t\t\t<\/a>\n\t\t\t\t<div class=\"wc-block-grid__product-price price\"><\/div>\n\t\t\t\t\n\t\t\t\t<div class=\"wp-block-button wc-block-grid__product-add-to-cart\"><a href=\"https:\/\/zoomserie.at\/en\/produkt\/tropical-paradise-cheesecake\/\" aria-label=\"Read more about \u201cTropical Paradise Cheesecake\u201d\" data-quantity=\"1\" data-product_id=\"1959\" data-product_sku=\"\" data-price=\"0\" rel=\"nofollow\" class=\"wp-block-button__link  add_to_cart_button\" data-no-translation=\"\" data-trp-gettext=\"\" data-no-translation-aria-label=\"\">Read more<\/a><\/div>\n\t\t\t<\/li><li class=\"wc-block-grid__product\">\n\t\t\t\t<a href=\"https:\/\/zoomserie.at\/en\/produkt\/pistazien-cheesecake\/\" class=\"wc-block-grid__product-link\">\n\t\t\t\t\t\n\t\t\t\t\t<div class=\"wc-block-grid__product-image\"><img loading=\"lazy\" decoding=\"async\" width=\"300\" height=\"300\" src=\"https:\/\/zoomserie.at\/wp-content\/uploads\/2025\/06\/cheesecake-pistachio-300x300.jpg\" class=\"attachment-woocommerce_thumbnail size-woocommerce_thumbnail\" alt=\"Pistachio Cheesecake\" srcset=\"https:\/\/zoomserie.at\/wp-content\/uploads\/2025\/06\/cheesecake-pistachio-300x300.jpg 300w, https:\/\/zoomserie.at\/wp-content\/uploads\/2025\/06\/cheesecake-pistachio-150x150.jpg 150w, https:\/\/zoomserie.at\/wp-content\/uploads\/2025\/06\/cheesecake-pistachio-100x100.jpg 100w\" sizes=\"(max-width: 300px) 100vw, 300px\" \/><\/div>\n\t\t\t\t\t<div class=\"wc-block-grid__product-title\">Pistachio Cheesecake<\/div>\n\t\t\t\t<\/a>\n\t\t\t\t<div class=\"wc-block-grid__product-price price\"><\/div>\n\t\t\t\t\n\t\t\t\t<div class=\"wp-block-button wc-block-grid__product-add-to-cart\"><a href=\"https:\/\/zoomserie.at\/en\/produkt\/pistazien-cheesecake\/\" aria-label=\"Read more about \u201cPistazien Cheesecake\u201d\" data-quantity=\"1\" data-product_id=\"1958\" data-product_sku=\"\" data-price=\"0\" rel=\"nofollow\" class=\"wp-block-button__link  add_to_cart_button\" data-no-translation=\"\" data-trp-gettext=\"\" data-no-translation-aria-label=\"\">Read more<\/a><\/div>\n\t\t\t<\/li><li class=\"wc-block-grid__product\">\n\t\t\t\t<a href=\"https:\/\/zoomserie.at\/en\/produkt\/getraenkekarte\/\" class=\"wc-block-grid__product-link\">\n\t\t\t\t\t\n\t\t\t\t\t<div class=\"wc-block-grid__product-image\"><img loading=\"lazy\" decoding=\"async\" width=\"300\" height=\"300\" src=\"https:\/\/zoomserie.at\/wp-content\/uploads\/2025\/06\/screen-menu-lugner-2-300x300.png\" class=\"attachment-woocommerce_thumbnail size-woocommerce_thumbnail\" alt=\"Drinks menu\" srcset=\"https:\/\/zoomserie.at\/wp-content\/uploads\/2025\/06\/screen-menu-lugner-2-300x300.png 300w, https:\/\/zoomserie.at\/wp-content\/uploads\/2025\/06\/screen-menu-lugner-2-150x150.png 150w, https:\/\/zoomserie.at\/wp-content\/uploads\/2025\/06\/screen-menu-lugner-2-100x100.png 100w\" sizes=\"(max-width: 300px) 100vw, 300px\" \/><\/div>\n\t\t\t\t\t<div class=\"wc-block-grid__product-title\">Drinks menu<\/div>\n\t\t\t\t<\/a>\n\t\t\t\t<div class=\"wc-block-grid__product-price price\"><\/div>\n\t\t\t\t\n\t\t\t\t<div class=\"wp-block-button wc-block-grid__product-add-to-cart\"><a href=\"https:\/\/zoomserie.at\/en\/produkt\/getraenkekarte\/\" aria-label=\"Read more about \u201cGetr\u00e4nkekarte\u201d\" data-quantity=\"1\" data-product_id=\"1945\" data-product_sku=\"\" data-price=\"0\" rel=\"nofollow\" class=\"wp-block-button__link  add_to_cart_button\" data-no-translation=\"\" data-trp-gettext=\"\" data-no-translation-aria-label=\"\">Read more<\/a><\/div>\n\t\t\t<\/li><li class=\"wc-block-grid__product\">\n\t\t\t\t<a href=\"https:\/\/zoomserie.at\/en\/produkt\/gelato\/\" class=\"wc-block-grid__product-link\">\n\t\t\t\t\t\n\t\t\t\t\t<div class=\"wc-block-grid__product-image\"><img loading=\"lazy\" decoding=\"async\" width=\"300\" height=\"261\" src=\"https:\/\/zoomserie.at\/wp-content\/uploads\/2025\/06\/IMG_9155-300x261.jpeg\" class=\"attachment-woocommerce_thumbnail size-woocommerce_thumbnail\" alt=\"Ice cream - Gelato\" \/><\/div>\n\t\t\t\t\t<div class=\"wc-block-grid__product-title\">Ice cream \u2013 Gelato<\/div>\n\t\t\t\t<\/a>\n\t\t\t\t<div class=\"wc-block-grid__product-price price\"><\/div>\n\t\t\t\t\n\t\t\t\t<div class=\"wp-block-button wc-block-grid__product-add-to-cart\"><a href=\"https:\/\/zoomserie.at\/en\/produkt\/gelato\/\" aria-label=\"Read more about \u201cEis - Gelato\u201d\" data-quantity=\"1\" data-product_id=\"1924\" data-product_sku=\"\" data-price=\"0\" rel=\"nofollow\" class=\"wp-block-button__link  add_to_cart_button\" data-no-translation=\"\" data-trp-gettext=\"\" data-no-translation-aria-label=\"\">Read more<\/a><\/div>\n\t\t\t<\/li><\/ul><\/div><\/div>\n<\/div>","protected":false},"excerpt":{"rendered":"","protected":false},"author":1,"featured_media":0,"parent":0,"menu_order":0,"comment_status":"closed","ping_status":"closed","template":"","meta":{"_monsterinsights_skip_tracking":false,"_monsterinsights_sitenote_active":false,"_monsterinsights_sitenote_note":"","_monsterinsights_sitenote_category":0,"footnotes":""},"class_list":["post-52","page","type-page","status-publish","hentry"],"aioseo_notices":[],"aioseo_head":"\n\t\t<!-- All in One SEO Pro 4.9.6.2 - aioseo.com -->\n\t<meta name=\"description\" content=\"You may be interested in\u2026 Your cart is currently empty! New in store\" \/>\n\t<meta name=\"robots\" content=\"noindex, max-image-preview:large\" \/>\n\t<link rel=\"canonical\" href=\"https:\/\/zoomserie.at\/en\/einkaufskorb\/\" \/>\n\t<meta name=\"generator\" content=\"All in One SEO Pro (AIOSEO) 4.9.6.2\" \/>\n\t\t<meta property=\"og:locale\" content=\"en_US\" \/>\n\t\t<meta property=\"og:site_name\" content=\"Zoomserie Wien \u25ba Zoomserie Wien, Torten Bestellen, Konditorei, Eis, Kaffee, Patisserie\" \/>\n\t\t<meta property=\"og:type\" content=\"article\" \/>\n\t\t<meta property=\"og:title\" content=\"Einkaufskorb \u25ba Zoomserie Wien\" \/>\n\t\t<meta property=\"og:description\" content=\"You may be interested in\u2026 Your cart is currently empty! New in store\" \/>\n\t\t<meta property=\"og:url\" content=\"https:\/\/zoomserie.at\/en\/einkaufskorb\/\" \/>\n\t\t<meta property=\"og:image\" content=\"https:\/\/zoomserie.at\/wp-content\/uploads\/2023\/11\/logo_zoomserie-01.svg\" \/>\n\t\t<meta property=\"og:image:secure_url\" content=\"https:\/\/zoomserie.at\/wp-content\/uploads\/2023\/11\/logo_zoomserie-01.svg\" \/>\n\t\t<meta property=\"article:published_time\" content=\"2023-11-22T22:26:00+00:00\" \/>\n\t\t<meta property=\"article:modified_time\" content=\"2023-12-10T14:56:52+00:00\" \/>\n\t\t<meta property=\"article:publisher\" content=\"https:\/\/www.facebook.com\/ZoomserieAustria\" \/>\n\t\t<meta name=\"twitter:card\" content=\"summary_large_image\" \/>\n\t\t<meta name=\"twitter:title\" content=\"Einkaufskorb \u25ba Zoomserie Wien\" \/>\n\t\t<meta name=\"twitter:description\" content=\"You may be interested in\u2026 Your cart is currently empty! New in store\" \/>\n\t\t<meta name=\"twitter:image\" content=\"https:\/\/zoomserie.at\/wp-content\/uploads\/2023\/11\/logo_zoomserie-01.svg\" \/>\n\t\t<script type=\"application\/ld+json\" class=\"aioseo-schema\">\n\t\t\t{\"@context\":\"https:\\\/\\\/schema.org\",\"@graph\":[{\"@type\":\"BreadcrumbList\",\"@id\":\"https:\\\/\\\/zoomserie.at\\\/en\\\/einkaufskorb\\\/#breadcrumblist\",\"itemListElement\":[{\"@type\":\"ListItem\",\"@id\":\"https:\\\/\\\/zoomserie.at\\\/en#listItem\",\"position\":1,\"name\":\"Zu Hause\",\"item\":\"https:\\\/\\\/zoomserie.at\\\/en\",\"nextItem\":{\"@type\":\"ListItem\",\"@id\":\"https:\\\/\\\/zoomserie.at\\\/en\\\/einkaufskorb\\\/#listItem\",\"name\":\"Einkaufskorb\"}},{\"@type\":\"ListItem\",\"@id\":\"https:\\\/\\\/zoomserie.at\\\/en\\\/einkaufskorb\\\/#listItem\",\"position\":2,\"name\":\"Einkaufskorb\",\"previousItem\":{\"@type\":\"ListItem\",\"@id\":\"https:\\\/\\\/zoomserie.at\\\/en#listItem\",\"name\":\"Zu Hause\"}}]},{\"@type\":\"Organization\",\"@id\":\"https:\\\/\\\/zoomserie.at\\\/en\\\/#organization\",\"name\":\"Zoomserie Wien\",\"description\":\"Zoomserie ist eine moderne Patisserie. Gegr\\u00fcndet wurde sie 1981 im gebirgigen Norden Griechenlands als Eishersteller. Die lokalen Zutaten wie Milch, Butter und Eier bestimmten die Rezepte, und sehr schnell wurde das kleine l\\u00e4ndliche Unternehmen zu einer nationalen Marke. Mit derselben Leidenschaft setzen wir unsere Arbeit fort, verwenden die nat\\u00fcrlichsten Zutaten und kreieren neue Rezepte in den Bereichen Patisserie, Eiscreme und traditionelle Backwaren. Griechenland, ein ewiger Schnittpunkt kulinarischer Kulturen, beeinflusst unsere Produktpalette am st\\u00e4rksten. Orientalisch sirupartige Aromen, franz\\u00f6sische Haute-Desserts, italienisches Gelato sowie die neuesten Trends der internationalen Patisseriekunst lassen unser umfangreiches Produktsortiment auf dem Markt hervorstechen. Dar\\u00fcber hinaus wurde unsere Leidenschaft und unser Augenmerk auf das Detail beim guten Kaffee mit einem Great Taste Award f\\u00fcr unsere Specialty-Kaffees ausgezeichnet. Unsere Produkte finden Sie in den Zoomserie-Fachgesch\\u00e4ften in Griechenland, Deutschland, \\u00d6sterreich, Gro\\u00dfbritannien und Rum\\u00e4nien sowie bei ausgew\\u00e4hlten Handelspartnern.\",\"url\":\"https:\\\/\\\/zoomserie.at\\\/en\\\/\",\"email\":\"kontakt@zoomserie.at\",\"telephone\":\"+4367761781960\",\"foundingDate\":\"1981-04-18\",\"logo\":{\"@type\":\"ImageObject\",\"url\":\"https:\\\/\\\/zoomserie.at\\\/wp-content\\\/uploads\\\/2023\\\/11\\\/logo_zoomserie-01.svg\",\"@id\":\"https:\\\/\\\/zoomserie.at\\\/en\\\/einkaufskorb\\\/#organizationLogo\"},\"image\":{\"@id\":\"https:\\\/\\\/zoomserie.at\\\/en\\\/einkaufskorb\\\/#organizationLogo\"},\"sameAs\":[\"https:\\\/\\\/www.facebook.com\\\/ZoomserieAustria\",\"https:\\\/\\\/www.instagram.com\\\/zoomseriewien\",\"https:\\\/\\\/www.tiktok.com\\\/@zoomserie.wien\"],\"address\":{\"@id\":\"https:\\\/\\\/zoomserie.at\\\/en\\\/#postaladdress\",\"@type\":\"PostalAddress\",\"streetAddress\":\"Gablenzgasse 11, Lugner City\",\"postalCode\":\"1150\",\"addressLocality\":\"Wien\",\"addressCountry\":\"AT\"},\"taxID\":\"FN 617575 z\",\"vatID\":\"ATU80436324\"},{\"@type\":\"WebPage\",\"@id\":\"https:\\\/\\\/zoomserie.at\\\/en\\\/einkaufskorb\\\/#webpage\",\"url\":\"https:\\\/\\\/zoomserie.at\\\/en\\\/einkaufskorb\\\/\",\"name\":\"Einkaufskorb \\u25ba Zoomserie Wien\",\"description\":\"You may be interested in\\u2026 Your cart is currently empty! New in store\",\"inLanguage\":\"en-US\",\"isPartOf\":{\"@id\":\"https:\\\/\\\/zoomserie.at\\\/en\\\/#website\"},\"breadcrumb\":{\"@id\":\"https:\\\/\\\/zoomserie.at\\\/en\\\/einkaufskorb\\\/#breadcrumblist\"},\"datePublished\":\"2023-11-22T23:26:00+01:00\",\"dateModified\":\"2023-12-10T15:56:52+01:00\"},{\"@type\":\"WebSite\",\"@id\":\"https:\\\/\\\/zoomserie.at\\\/en\\\/#website\",\"url\":\"https:\\\/\\\/zoomserie.at\\\/en\\\/\",\"name\":\"Zoomserie Wien\",\"description\":\"Zoomserie Wien, Torten Bestellen, Konditorei, Eis, Kaffee, Patisserie\",\"inLanguage\":\"en-US\",\"publisher\":{\"@id\":\"https:\\\/\\\/zoomserie.at\\\/en\\\/#organization\"}}]}\n\t\t<\/script>\n\t\t<!-- All in One SEO Pro -->\r\n\t\t<title>Einkaufskorb \u25ba Zoomserie Wien<\/title>\n\n","aioseo_head_json":{"title":"Shopping basket \u25ba Zoomserie Vienna","description":"You may be interested in\u2026 Your cart is currently empty! New in store","canonical_url":"https:\/\/zoomserie.at\/en\/einkaufskorb\/","robots":"noindex, max-image-preview:large","keywords":"","webmasterTools":{"miscellaneous":""},"schema":{"@context":"https:\/\/schema.org","@graph":[{"@type":"BreadcrumbList","@id":"https:\/\/zoomserie.at\/en\/einkaufskorb\/#breadcrumblist","itemListElement":[{"@type":"ListItem","@id":"https:\/\/zoomserie.at\/en#listItem","position":1,"name":"Zu Hause","item":"https:\/\/zoomserie.at\/en","nextItem":{"@type":"ListItem","@id":"https:\/\/zoomserie.at\/en\/einkaufskorb\/#listItem","name":"Einkaufskorb"}},{"@type":"ListItem","@id":"https:\/\/zoomserie.at\/en\/einkaufskorb\/#listItem","position":2,"name":"Einkaufskorb","previousItem":{"@type":"ListItem","@id":"https:\/\/zoomserie.at\/en#listItem","name":"Zu Hause"}}]},{"@type":"Organization","@id":"https:\/\/zoomserie.at\/en\/#organization","name":"Zoomserie Wien","description":"Zoomserie ist eine moderne Patisserie. Gegr\u00fcndet wurde sie 1981 im gebirgigen Norden Griechenlands als Eishersteller. Die lokalen Zutaten wie Milch, Butter und Eier bestimmten die Rezepte, und sehr schnell wurde das kleine l\u00e4ndliche Unternehmen zu einer nationalen Marke. Mit derselben Leidenschaft setzen wir unsere Arbeit fort, verwenden die nat\u00fcrlichsten Zutaten und kreieren neue Rezepte in den Bereichen Patisserie, Eiscreme und traditionelle Backwaren. Griechenland, ein ewiger Schnittpunkt kulinarischer Kulturen, beeinflusst unsere Produktpalette am st\u00e4rksten. Orientalisch sirupartige Aromen, franz\u00f6sische Haute-Desserts, italienisches Gelato sowie die neuesten Trends der internationalen Patisseriekunst lassen unser umfangreiches Produktsortiment auf dem Markt hervorstechen. Dar\u00fcber hinaus wurde unsere Leidenschaft und unser Augenmerk auf das Detail beim guten Kaffee mit einem Great Taste Award f\u00fcr unsere Specialty-Kaffees ausgezeichnet. Unsere Produkte finden Sie in den Zoomserie-Fachgesch\u00e4ften in Griechenland, Deutschland, \u00d6sterreich, Gro\u00dfbritannien und Rum\u00e4nien sowie bei ausgew\u00e4hlten Handelspartnern.","url":"https:\/\/zoomserie.at\/en\/","email":"kontakt@zoomserie.at","telephone":"+4367761781960","foundingDate":"1981-04-18","logo":{"@type":"ImageObject","url":"https:\/\/zoomserie.at\/wp-content\/uploads\/2023\/11\/logo_zoomserie-01.svg","@id":"https:\/\/zoomserie.at\/en\/einkaufskorb\/#organizationLogo"},"image":{"@id":"https:\/\/zoomserie.at\/en\/einkaufskorb\/#organizationLogo"},"sameAs":["https:\/\/www.facebook.com\/ZoomserieAustria","https:\/\/www.instagram.com\/zoomseriewien","https:\/\/www.tiktok.com\/@zoomserie.wien"],"address":{"@id":"https:\/\/zoomserie.at\/en\/#postaladdress","@type":"PostalAddress","streetAddress":"Gablenzgasse 11, Lugner City","postalCode":"1150","addressLocality":"Wien","addressCountry":"AT"},"taxID":"FN 617575 z","vatID":"ATU80436324"},{"@type":"WebPage","@id":"https:\/\/zoomserie.at\/en\/einkaufskorb\/#webpage","url":"https:\/\/zoomserie.at\/en\/einkaufskorb\/","name":"Einkaufskorb \u25ba Zoomserie Wien","description":"You may be interested in\u2026 Your cart is currently empty! New in store","inLanguage":"en-US","isPartOf":{"@id":"https:\/\/zoomserie.at\/en\/#website"},"breadcrumb":{"@id":"https:\/\/zoomserie.at\/en\/einkaufskorb\/#breadcrumblist"},"datePublished":"2023-11-22T23:26:00+01:00","dateModified":"2023-12-10T15:56:52+01:00"},{"@type":"WebSite","@id":"https:\/\/zoomserie.at\/en\/#website","url":"https:\/\/zoomserie.at\/en\/","name":"Zoomserie Wien","description":"Zoomserie Wien, Torten Bestellen, Konditorei, Eis, Kaffee, Patisserie","inLanguage":"en-US","publisher":{"@id":"https:\/\/zoomserie.at\/en\/#organization"}}]},"og:locale":"en_US","og:site_name":"Zoomserie Wien \u25ba Zoomserie Wien, Torten Bestellen, Konditorei, Eis, Kaffee, Patisserie","og:type":"article","og:title":"Einkaufskorb \u25ba Zoomserie Wien","og:description":"You may be interested in\u2026 Your cart is currently empty! New in store","og:url":"https:\/\/zoomserie.at\/en\/einkaufskorb\/","og:image":"https:\/\/zoomserie.at\/wp-content\/uploads\/2023\/11\/logo_zoomserie-01.svg","og:image:secure_url":"https:\/\/zoomserie.at\/wp-content\/uploads\/2023\/11\/logo_zoomserie-01.svg","article:published_time":"2023-11-22T22:26:00+00:00","article:modified_time":"2023-12-10T14:56:52+00:00","article:publisher":"https:\/\/www.facebook.com\/ZoomserieAustria","twitter:card":"summary_large_image","twitter:title":"Einkaufskorb \u25ba Zoomserie Wien","twitter:description":"You may be interested in\u2026 Your cart is currently empty! New in store","twitter:image":"https:\/\/zoomserie.at\/wp-content\/uploads\/2023\/11\/logo_zoomserie-01.svg"},"aioseo_meta_data":{"post_id":"52","title":null,"description":null,"keywords":null,"keyphrases":null,"primary_term":null,"canonical_url":null,"og_title":null,"og_description":null,"og_object_type":"default","og_image_type":"default","og_image_url":null,"og_image_width":null,"og_image_height":null,"og_image_custom_url":null,"og_image_custom_fields":null,"og_video":null,"og_custom_url":null,"og_article_section":null,"og_article_tags":null,"twitter_use_og":false,"twitter_card":"default","twitter_image_type":"default","twitter_image_url":null,"twitter_image_custom_url":null,"twitter_image_custom_fields":null,"twitter_title":null,"twitter_description":null,"schema":{"blockGraphs":[],"customGraphs":[],"default":{"data":{"Article":[],"Course":[],"Dataset":[],"FAQPage":[],"Movie":[],"Person":[],"Product":[],"ProductReview":[],"Car":[],"Recipe":[],"Service":[],"SoftwareApplication":[],"WebPage":[]},"graphName":"","isEnabled":true},"graphs":[]},"schema_type":"default","schema_type_options":null,"pillar_content":false,"robots_default":false,"robots_noindex":true,"robots_noarchive":false,"robots_nosnippet":false,"robots_nofollow":false,"robots_noimageindex":false,"robots_noodp":false,"robots_notranslate":false,"robots_max_snippet":null,"robots_max_videopreview":null,"robots_max_imagepreview":"large","priority":null,"frequency":null,"local_seo":null,"seo_analyzer_scan_date":"2025-08-15 03:37:14","breadcrumb_settings":null,"limit_modified_date":false,"reviewed_by":null,"open_ai":null,"ai":null,"created":"2024-02-09 13:00:13","updated":"2025-08-15 03:37:14"},"aioseo_breadcrumb":"<div class=\"aioseo-breadcrumbs\"><span class=\"aioseo-breadcrumb\">\n\t<a href=\"https:\/\/zoomserie.at\/en\" title=\"Zu Hause\">Zu Hause<\/a>\n<\/span><span class=\"aioseo-breadcrumb-separator\">&raquo;<\/span><span class=\"aioseo-breadcrumb\">\n\tEinkaufskorb\n<\/span><\/div>","aioseo_breadcrumb_json":[{"label":"Zu Hause","link":"https:\/\/zoomserie.at\/en"},{"label":"Einkaufskorb","link":"https:\/\/zoomserie.at\/en\/einkaufskorb\/"}],"_links":{"self":[{"href":"https:\/\/zoomserie.at\/en\/wp-json\/wp\/v2\/pages\/52","targetHints":{"allow":["GET"]}}],"collection":[{"href":"https:\/\/zoomserie.at\/en\/wp-json\/wp\/v2\/pages"}],"about":[{"href":"https:\/\/zoomserie.at\/en\/wp-json\/wp\/v2\/types\/page"}],"author":[{"embeddable":true,"href":"https:\/\/zoomserie.at\/en\/wp-json\/wp\/v2\/users\/1"}],"replies":[{"embeddable":true,"href":"https:\/\/zoomserie.at\/en\/wp-json\/wp\/v2\/comments?post=52"}],"version-history":[{"count":1,"href":"https:\/\/zoomserie.at\/en\/wp-json\/wp\/v2\/pages\/52\/revisions"}],"predecessor-version":[{"id":677,"href":"https:\/\/zoomserie.at\/en\/wp-json\/wp\/v2\/pages\/52\/revisions\/677"}],"wp:attachment":[{"href":"https:\/\/zoomserie.at\/en\/wp-json\/wp\/v2\/media?parent=52"}],"curies":[{"name":"wp","href":"https:\/\/api.w.org\/{rel}","templated":true}]}}