{"id":55,"date":"2024-01-21T13:57:38","date_gmt":"2024-01-21T12:57:38","guid":{"rendered":"https:\/\/zoomserie.at\/?page_id=55"},"modified":"2024-01-21T13:57:38","modified_gmt":"2024-01-21T12:57:38","slug":"refund_returns","status":"publish","type":"page","link":"https:\/\/zoomserie.at\/en\/refund_returns\/","title":{"rendered":"Refund and Return Policy"},"content":{"rendered":"<h2>refund policy<\/h2>\r\n<p><br \/>If you have ordered a product on www.zoomserie.ro and when you collect it does not correspond to the description and specifications on the website or to the information you provided when ordering, you may refuse to collect the product or return the product within Send it back within 24 hours and you will get your money back in full.<\/p>\r\n<h2>The manufacturing of the products influences the results.<\/h2>\r\n<p>The products shown in the images on www.zoomserie.ro are for presentation purposes only, their decoration is standard, with the possibility of adding accessories depending on the ability of www.zoomserie.ro to meet your needs. When ordering online, you can choose an individual decoration, which will later be confirmed by the www.zoomserie.ro employee over the phone.<\/p>\r\n<p>The cakes are not always identical as they are handmade and may have minor changes depending on the quantity (the pictures may show smaller or larger cakes than the quantity you requested).<\/p>\r\n<p>For each custom cake, depending on the model chosen and the number of portions desired, the minimum quantity required for its production is confirmed and you must accept a margin of +\/- 500 grams of the quantity confirmed via www.zoomserie.ro. Since this is a different project, we can only approximate the minimum quantity required for production.<\/p>\r\n<h2>Cancellation of orders<\/h2>\r\n<p>For custom-made items, due to the complexity of the decorative elements, the order can be canceled before delivery, with a minimum deadline equal to the production time. (Example: For a cake with a production time of 48 hours, the order can be canceled at least 2 days before delivery). If you cancel your order after production has begun, we reserve the right to retain the deposit paid at the time of ordering.<\/p>\r\n<p>The customer is obliged to respect the collection date of the order. Any change in the collection date can be made by telephone or by email to comenzi@zoomserie.ro, with a telephone confirmation by the bakery. Failure by the customer to collect the product on the agreed date and not communicating the change by telephone will result in a tacit cancellation of the order.<\/p>\r\n<h2>Additional questions<\/h2>\r\n<p>If you have any questions, special orders or additional questions, please do not hesitate to contact us via email at kontakt@zoomserie.at<\/p>","protected":false},"excerpt":{"rendered":"<p>R\u00fcckgaberecht Wenn Sie ein Produkt auf www.zoomserie.ro bestellt haben und es bei der Abholung nicht mit der Beschreibung und den Spezifikationen auf der Website oder den von Ihnen bei der Bestellung gemachten Angaben \u00fcbereinstimmt, k\u00f6nnen Sie die Abholung des Produkts verweigern oder das Produkt innerhalb von 24 Stunden zur\u00fcckschicken und Sie erhalten Ihr Geld vollst\u00e4ndig [&hellip;]<\/p>\n","protected":false},"author":1,"featured_media":0,"parent":0,"menu_order":0,"comment_status":"closed","ping_status":"closed","template":"","meta":{"_monsterinsights_skip_tracking":false,"_monsterinsights_sitenote_active":false,"_monsterinsights_sitenote_note":"","_monsterinsights_sitenote_category":0,"footnotes":""},"class_list":["post-55","page","type-page","status-publish","hentry"],"aioseo_notices":[],"aioseo_head":"\n\t\t<!-- All in One SEO Pro 4.9.6.1 - aioseo.com -->\n\t<meta name=\"description\" content=\"R\u00fcckgaberecht Wenn Sie ein Produkt auf www.zoomserie.ro bestellt haben und es bei der Abholung nicht mit der Beschreibung und den Spezifikationen auf der Website oder den von Ihnen bei der Bestellung gemachten Angaben \u00fcbereinstimmt, k\u00f6nnen Sie die Abholung des Produkts verweigern oder das Produkt innerhalb von 24 Stunden zur\u00fcckschicken und Sie erhalten Ihr Geld vollst\u00e4ndig\" \/>\n\t<meta name=\"robots\" content=\"max-image-preview:large\" \/>\n\t<link rel=\"canonical\" href=\"https:\/\/zoomserie.at\/en\/refund_returns\/\" \/>\n\t<meta name=\"generator\" content=\"All in One SEO Pro (AIOSEO) 4.9.6.1\" \/>\n\t\t<meta property=\"og:locale\" content=\"en_US\" \/>\n\t\t<meta property=\"og:site_name\" content=\"Zoomserie Wien \u25ba Zoomserie Wien, Torten Bestellen, Konditorei, Eis, Kaffee, Patisserie\" \/>\n\t\t<meta property=\"og:type\" content=\"article\" \/>\n\t\t<meta property=\"og:title\" content=\"Erstattungs- und R\u00fcckgabebestimmungen \u25ba Zoomserie Wien\" \/>\n\t\t<meta property=\"og:description\" content=\"R\u00fcckgaberecht Wenn Sie ein Produkt auf www.zoomserie.ro bestellt haben und es bei der Abholung nicht mit der Beschreibung und den Spezifikationen auf der Website oder den von Ihnen bei der Bestellung gemachten Angaben \u00fcbereinstimmt, k\u00f6nnen Sie die Abholung des Produkts verweigern oder das Produkt innerhalb von 24 Stunden zur\u00fcckschicken und Sie erhalten Ihr Geld vollst\u00e4ndig\" \/>\n\t\t<meta property=\"og:url\" content=\"https:\/\/zoomserie.at\/en\/refund_returns\/\" \/>\n\t\t<meta property=\"og:image\" content=\"https:\/\/zoomserie.at\/wp-content\/uploads\/2023\/11\/logo_zoomserie-01.svg\" \/>\n\t\t<meta property=\"og:image:secure_url\" content=\"https:\/\/zoomserie.at\/wp-content\/uploads\/2023\/11\/logo_zoomserie-01.svg\" \/>\n\t\t<meta property=\"article:published_time\" content=\"2024-01-21T12:57:38+00:00\" \/>\n\t\t<meta property=\"article:modified_time\" content=\"2024-01-21T12:57:38+00:00\" \/>\n\t\t<meta property=\"article:publisher\" content=\"https:\/\/www.facebook.com\/ZoomserieAustria\" \/>\n\t\t<meta name=\"twitter:card\" content=\"summary_large_image\" \/>\n\t\t<meta name=\"twitter:title\" content=\"Erstattungs- und R\u00fcckgabebestimmungen \u25ba Zoomserie Wien\" \/>\n\t\t<meta name=\"twitter:description\" content=\"R\u00fcckgaberecht Wenn Sie ein Produkt auf www.zoomserie.ro bestellt haben und es bei der Abholung nicht mit der Beschreibung und den Spezifikationen auf der Website oder den von Ihnen bei der Bestellung gemachten Angaben \u00fcbereinstimmt, k\u00f6nnen Sie die Abholung des Produkts verweigern oder das Produkt innerhalb von 24 Stunden zur\u00fcckschicken und Sie erhalten Ihr Geld vollst\u00e4ndig\" \/>\n\t\t<meta name=\"twitter:image\" content=\"https:\/\/zoomserie.at\/wp-content\/uploads\/2023\/11\/logo_zoomserie-01.svg\" \/>\n\t\t<script type=\"application\/ld+json\" class=\"aioseo-schema\">\n\t\t\t{\"@context\":\"https:\\\/\\\/schema.org\",\"@graph\":[{\"@type\":\"BreadcrumbList\",\"@id\":\"https:\\\/\\\/zoomserie.at\\\/en\\\/refund_returns\\\/#breadcrumblist\",\"itemListElement\":[{\"@type\":\"ListItem\",\"@id\":\"https:\\\/\\\/zoomserie.at\\\/en#listItem\",\"position\":1,\"name\":\"Zu Hause\",\"item\":\"https:\\\/\\\/zoomserie.at\\\/en\",\"nextItem\":{\"@type\":\"ListItem\",\"@id\":\"https:\\\/\\\/zoomserie.at\\\/en\\\/refund_returns\\\/#listItem\",\"name\":\"Erstattungs- und R\\u00fcckgabebestimmungen\"}},{\"@type\":\"ListItem\",\"@id\":\"https:\\\/\\\/zoomserie.at\\\/en\\\/refund_returns\\\/#listItem\",\"position\":2,\"name\":\"Erstattungs- und R\\u00fcckgabebestimmungen\",\"previousItem\":{\"@type\":\"ListItem\",\"@id\":\"https:\\\/\\\/zoomserie.at\\\/en#listItem\",\"name\":\"Zu Hause\"}}]},{\"@type\":\"Organization\",\"@id\":\"https:\\\/\\\/zoomserie.at\\\/en\\\/#organization\",\"name\":\"Zoomserie Wien\",\"description\":\"Zoomserie ist eine moderne Patisserie. Gegr\\u00fcndet wurde sie 1981 im gebirgigen Norden Griechenlands als Eishersteller. Die lokalen Zutaten wie Milch, Butter und Eier bestimmten die Rezepte, und sehr schnell wurde das kleine l\\u00e4ndliche Unternehmen zu einer nationalen Marke. Mit derselben Leidenschaft setzen wir unsere Arbeit fort, verwenden die nat\\u00fcrlichsten Zutaten und kreieren neue Rezepte in den Bereichen Patisserie, Eiscreme und traditionelle Backwaren. Griechenland, ein ewiger Schnittpunkt kulinarischer Kulturen, beeinflusst unsere Produktpalette am st\\u00e4rksten. Orientalisch sirupartige Aromen, franz\\u00f6sische Haute-Desserts, italienisches Gelato sowie die neuesten Trends der internationalen Patisseriekunst lassen unser umfangreiches Produktsortiment auf dem Markt hervorstechen. Dar\\u00fcber hinaus wurde unsere Leidenschaft und unser Augenmerk auf das Detail beim guten Kaffee mit einem Great Taste Award f\\u00fcr unsere Specialty-Kaffees ausgezeichnet. Unsere Produkte finden Sie in den Zoomserie-Fachgesch\\u00e4ften in Griechenland, Deutschland, \\u00d6sterreich, Gro\\u00dfbritannien und Rum\\u00e4nien sowie bei ausgew\\u00e4hlten Handelspartnern.\",\"url\":\"https:\\\/\\\/zoomserie.at\\\/en\\\/\",\"email\":\"kontakt@zoomserie.at\",\"telephone\":\"+4367761781960\",\"foundingDate\":\"1981-04-18\",\"logo\":{\"@type\":\"ImageObject\",\"url\":\"https:\\\/\\\/zoomserie.at\\\/wp-content\\\/uploads\\\/2023\\\/11\\\/logo_zoomserie-01.svg\",\"@id\":\"https:\\\/\\\/zoomserie.at\\\/en\\\/refund_returns\\\/#organizationLogo\"},\"image\":{\"@id\":\"https:\\\/\\\/zoomserie.at\\\/en\\\/refund_returns\\\/#organizationLogo\"},\"sameAs\":[\"https:\\\/\\\/www.facebook.com\\\/ZoomserieAustria\",\"https:\\\/\\\/www.instagram.com\\\/zoomseriewien\",\"https:\\\/\\\/www.tiktok.com\\\/@zoomserie.wien\"],\"address\":{\"@id\":\"https:\\\/\\\/zoomserie.at\\\/en\\\/#postaladdress\",\"@type\":\"PostalAddress\",\"streetAddress\":\"Gablenzgasse 11, Lugner City\",\"postalCode\":\"1150\",\"addressLocality\":\"Wien\",\"addressCountry\":\"AT\"},\"taxID\":\"FN 617575 z\",\"vatID\":\"ATU80436324\"},{\"@type\":\"WebPage\",\"@id\":\"https:\\\/\\\/zoomserie.at\\\/en\\\/refund_returns\\\/#webpage\",\"url\":\"https:\\\/\\\/zoomserie.at\\\/en\\\/refund_returns\\\/\",\"name\":\"Erstattungs- und R\\u00fcckgabebestimmungen \\u25ba Zoomserie Wien\",\"description\":\"R\\u00fcckgaberecht Wenn Sie ein Produkt auf www.zoomserie.ro bestellt haben und es bei der Abholung nicht mit der Beschreibung und den Spezifikationen auf der Website oder den von Ihnen bei der Bestellung gemachten Angaben \\u00fcbereinstimmt, k\\u00f6nnen Sie die Abholung des Produkts verweigern oder das Produkt innerhalb von 24 Stunden zur\\u00fcckschicken und Sie erhalten Ihr Geld vollst\\u00e4ndig\",\"inLanguage\":\"en-US\",\"isPartOf\":{\"@id\":\"https:\\\/\\\/zoomserie.at\\\/en\\\/#website\"},\"breadcrumb\":{\"@id\":\"https:\\\/\\\/zoomserie.at\\\/en\\\/refund_returns\\\/#breadcrumblist\"},\"datePublished\":\"2024-01-21T13:57:38+01:00\",\"dateModified\":\"2024-01-21T13:57:38+01:00\"},{\"@type\":\"WebSite\",\"@id\":\"https:\\\/\\\/zoomserie.at\\\/en\\\/#website\",\"url\":\"https:\\\/\\\/zoomserie.at\\\/en\\\/\",\"name\":\"Zoomserie Wien\",\"description\":\"Zoomserie Wien, Torten Bestellen, Konditorei, Eis, Kaffee, Patisserie\",\"inLanguage\":\"en-US\",\"publisher\":{\"@id\":\"https:\\\/\\\/zoomserie.at\\\/en\\\/#organization\"}}]}\n\t\t<\/script>\n\t\t<!-- All in One SEO Pro -->\r\n\t\t<title>Erstattungs- und R\u00fcckgabebestimmungen \u25ba Zoomserie Wien<\/title>\n\n","aioseo_head_json":{"title":"Refund and return policy \u25ba Zoomserie Vienna","description":"Return policy If you have ordered a product on www.zoomserie.ro and when you collect it does not correspond to the description and specifications on the website or to the information you provided when ordering, you may refuse to collect the product or return the product within Send it back within 24 hours and you will receive your money in full","canonical_url":"https:\/\/zoomserie.at\/en\/refund_returns\/","robots":"max-image-preview:large","keywords":"","webmasterTools":{"miscellaneous":""},"schema":{"@context":"https:\/\/schema.org","@graph":[{"@type":"BreadcrumbList","@id":"https:\/\/zoomserie.at\/en\/refund_returns\/#breadcrumblist","itemListElement":[{"@type":"ListItem","@id":"https:\/\/zoomserie.at\/en#listItem","position":1,"name":"Zu Hause","item":"https:\/\/zoomserie.at\/en","nextItem":{"@type":"ListItem","@id":"https:\/\/zoomserie.at\/en\/refund_returns\/#listItem","name":"Erstattungs- und R\u00fcckgabebestimmungen"}},{"@type":"ListItem","@id":"https:\/\/zoomserie.at\/en\/refund_returns\/#listItem","position":2,"name":"Erstattungs- und R\u00fcckgabebestimmungen","previousItem":{"@type":"ListItem","@id":"https:\/\/zoomserie.at\/en#listItem","name":"Zu Hause"}}]},{"@type":"Organization","@id":"https:\/\/zoomserie.at\/en\/#organization","name":"Zoomserie Wien","description":"Zoomserie ist eine moderne Patisserie. Gegr\u00fcndet wurde sie 1981 im gebirgigen Norden Griechenlands als Eishersteller. Die lokalen Zutaten wie Milch, Butter und Eier bestimmten die Rezepte, und sehr schnell wurde das kleine l\u00e4ndliche Unternehmen zu einer nationalen Marke. Mit derselben Leidenschaft setzen wir unsere Arbeit fort, verwenden die nat\u00fcrlichsten Zutaten und kreieren neue Rezepte in den Bereichen Patisserie, Eiscreme und traditionelle Backwaren. Griechenland, ein ewiger Schnittpunkt kulinarischer Kulturen, beeinflusst unsere Produktpalette am st\u00e4rksten. Orientalisch sirupartige Aromen, franz\u00f6sische Haute-Desserts, italienisches Gelato sowie die neuesten Trends der internationalen Patisseriekunst lassen unser umfangreiches Produktsortiment auf dem Markt hervorstechen. Dar\u00fcber hinaus wurde unsere Leidenschaft und unser Augenmerk auf das Detail beim guten Kaffee mit einem Great Taste Award f\u00fcr unsere Specialty-Kaffees ausgezeichnet. Unsere Produkte finden Sie in den Zoomserie-Fachgesch\u00e4ften in Griechenland, Deutschland, \u00d6sterreich, Gro\u00dfbritannien und Rum\u00e4nien sowie bei ausgew\u00e4hlten Handelspartnern.","url":"https:\/\/zoomserie.at\/en\/","email":"kontakt@zoomserie.at","telephone":"+4367761781960","foundingDate":"1981-04-18","logo":{"@type":"ImageObject","url":"https:\/\/zoomserie.at\/wp-content\/uploads\/2023\/11\/logo_zoomserie-01.svg","@id":"https:\/\/zoomserie.at\/en\/refund_returns\/#organizationLogo"},"image":{"@id":"https:\/\/zoomserie.at\/en\/refund_returns\/#organizationLogo"},"sameAs":["https:\/\/www.facebook.com\/ZoomserieAustria","https:\/\/www.instagram.com\/zoomseriewien","https:\/\/www.tiktok.com\/@zoomserie.wien"],"address":{"@id":"https:\/\/zoomserie.at\/en\/#postaladdress","@type":"PostalAddress","streetAddress":"Gablenzgasse 11, Lugner City","postalCode":"1150","addressLocality":"Wien","addressCountry":"AT"},"taxID":"FN 617575 z","vatID":"ATU80436324"},{"@type":"WebPage","@id":"https:\/\/zoomserie.at\/en\/refund_returns\/#webpage","url":"https:\/\/zoomserie.at\/en\/refund_returns\/","name":"Erstattungs- und R\u00fcckgabebestimmungen \u25ba Zoomserie Wien","description":"R\u00fcckgaberecht Wenn Sie ein Produkt auf www.zoomserie.ro bestellt haben und es bei der Abholung nicht mit der Beschreibung und den Spezifikationen auf der Website oder den von Ihnen bei der Bestellung gemachten Angaben \u00fcbereinstimmt, k\u00f6nnen Sie die Abholung des Produkts verweigern oder das Produkt innerhalb von 24 Stunden zur\u00fcckschicken und Sie erhalten Ihr Geld vollst\u00e4ndig","inLanguage":"en-US","isPartOf":{"@id":"https:\/\/zoomserie.at\/en\/#website"},"breadcrumb":{"@id":"https:\/\/zoomserie.at\/en\/refund_returns\/#breadcrumblist"},"datePublished":"2024-01-21T13:57:38+01:00","dateModified":"2024-01-21T13:57:38+01:00"},{"@type":"WebSite","@id":"https:\/\/zoomserie.at\/en\/#website","url":"https:\/\/zoomserie.at\/en\/","name":"Zoomserie Wien","description":"Zoomserie Wien, Torten Bestellen, Konditorei, Eis, Kaffee, Patisserie","inLanguage":"en-US","publisher":{"@id":"https:\/\/zoomserie.at\/en\/#organization"}}]},"og:locale":"en_US","og:site_name":"Zoomserie Wien \u25ba Zoomserie Wien, Torten Bestellen, Konditorei, Eis, Kaffee, Patisserie","og:type":"article","og:title":"Erstattungs- und R\u00fcckgabebestimmungen \u25ba Zoomserie Wien","og:description":"R\u00fcckgaberecht Wenn Sie ein Produkt auf www.zoomserie.ro bestellt haben und es bei der Abholung nicht mit der Beschreibung und den Spezifikationen auf der Website oder den von Ihnen bei der Bestellung gemachten Angaben \u00fcbereinstimmt, k\u00f6nnen Sie die Abholung des Produkts verweigern oder das Produkt innerhalb von 24 Stunden zur\u00fcckschicken und Sie erhalten Ihr Geld vollst\u00e4ndig","og:url":"https:\/\/zoomserie.at\/en\/refund_returns\/","og:image":"https:\/\/zoomserie.at\/wp-content\/uploads\/2023\/11\/logo_zoomserie-01.svg","og:image:secure_url":"https:\/\/zoomserie.at\/wp-content\/uploads\/2023\/11\/logo_zoomserie-01.svg","article:published_time":"2024-01-21T12:57:38+00:00","article:modified_time":"2024-01-21T12:57:38+00:00","article:publisher":"https:\/\/www.facebook.com\/ZoomserieAustria","twitter:card":"summary_large_image","twitter:title":"Erstattungs- und R\u00fcckgabebestimmungen \u25ba Zoomserie Wien","twitter:description":"R\u00fcckgaberecht Wenn Sie ein Produkt auf www.zoomserie.ro bestellt haben und es bei der Abholung nicht mit der Beschreibung und den Spezifikationen auf der Website oder den von Ihnen bei der Bestellung gemachten Angaben \u00fcbereinstimmt, k\u00f6nnen Sie die Abholung des Produkts verweigern oder das Produkt innerhalb von 24 Stunden zur\u00fcckschicken und Sie erhalten Ihr Geld vollst\u00e4ndig","twitter:image":"https:\/\/zoomserie.at\/wp-content\/uploads\/2023\/11\/logo_zoomserie-01.svg"},"aioseo_meta_data":{"post_id":"55","title":null,"description":null,"keywords":null,"keyphrases":null,"primary_term":null,"canonical_url":null,"og_title":null,"og_description":null,"og_object_type":"default","og_image_type":"default","og_image_url":null,"og_image_width":null,"og_image_height":null,"og_image_custom_url":null,"og_image_custom_fields":null,"og_video":null,"og_custom_url":null,"og_article_section":null,"og_article_tags":null,"twitter_use_og":false,"twitter_card":"default","twitter_image_type":"default","twitter_image_url":null,"twitter_image_custom_url":null,"twitter_image_custom_fields":null,"twitter_title":null,"twitter_description":null,"schema":{"blockGraphs":[],"customGraphs":[],"default":{"data":{"Article":[],"Course":[],"Dataset":[],"FAQPage":[],"Movie":[],"Person":[],"Product":[],"ProductReview":[],"Car":[],"Recipe":[],"Service":[],"SoftwareApplication":[],"WebPage":[]},"graphName":"","isEnabled":true},"graphs":[]},"schema_type":"default","schema_type_options":null,"pillar_content":false,"robots_default":true,"robots_noindex":false,"robots_noarchive":false,"robots_nosnippet":false,"robots_nofollow":false,"robots_noimageindex":false,"robots_noodp":false,"robots_notranslate":false,"robots_max_snippet":null,"robots_max_videopreview":null,"robots_max_imagepreview":"large","priority":null,"frequency":null,"local_seo":null,"seo_analyzer_scan_date":"2025-08-15 03:44:42","breadcrumb_settings":null,"limit_modified_date":false,"reviewed_by":null,"open_ai":null,"ai":null,"created":"2024-02-09 13:02:13","updated":"2025-08-15 03:44:42"},"aioseo_breadcrumb":"<div class=\"aioseo-breadcrumbs\"><span class=\"aioseo-breadcrumb\">\n\t<a href=\"https:\/\/zoomserie.at\/en\" title=\"Zu Hause\">Zu Hause<\/a>\n<\/span><span class=\"aioseo-breadcrumb-separator\">&raquo;<\/span><span class=\"aioseo-breadcrumb\">\n\tErstattungs- und R\u00fcckgabebestimmungen\n<\/span><\/div>","aioseo_breadcrumb_json":[{"label":"Zu Hause","link":"https:\/\/zoomserie.at\/en"},{"label":"Erstattungs- und R\u00fcckgabebestimmungen","link":"https:\/\/zoomserie.at\/en\/refund_returns\/"}],"_links":{"self":[{"href":"https:\/\/zoomserie.at\/en\/wp-json\/wp\/v2\/pages\/55","targetHints":{"allow":["GET"]}}],"collection":[{"href":"https:\/\/zoomserie.at\/en\/wp-json\/wp\/v2\/pages"}],"about":[{"href":"https:\/\/zoomserie.at\/en\/wp-json\/wp\/v2\/types\/page"}],"author":[{"embeddable":true,"href":"https:\/\/zoomserie.at\/en\/wp-json\/wp\/v2\/users\/1"}],"replies":[{"embeddable":true,"href":"https:\/\/zoomserie.at\/en\/wp-json\/wp\/v2\/comments?post=55"}],"version-history":[{"count":2,"href":"https:\/\/zoomserie.at\/en\/wp-json\/wp\/v2\/pages\/55\/revisions"}],"predecessor-version":[{"id":1178,"href":"https:\/\/zoomserie.at\/en\/wp-json\/wp\/v2\/pages\/55\/revisions\/1178"}],"wp:attachment":[{"href":"https:\/\/zoomserie.at\/en\/wp-json\/wp\/v2\/media?parent=55"}],"curies":[{"name":"wp","href":"https:\/\/api.w.org\/{rel}","templated":true}]}}