{"id":1220,"date":"2024-01-21T15:45:22","date_gmt":"2024-01-21T14:45:22","guid":{"rendered":"https:\/\/ralucanegru.ro\/?post_type=product&#038;p=1220"},"modified":"2024-06-13T09:20:15","modified_gmt":"2024-06-13T07:20:15","slug":"pistachio-cake","status":"publish","type":"product","link":"https:\/\/zoomserie.at\/en\/produkt\/pistachio-torte\/","title":{"rendered":"Pistachio cake"},"content":{"rendered":"<p>The pistachio cake consists of an airy sponge cake filled with pistachio cream and berry jam. The cake is finished with a pistachio glaze, which creates a delicious and balanced taste. Enjoy the harmonious combination of these ingredients in every bite.<\/p>","protected":false},"excerpt":{"rendered":"<p>Pistachio cake with sponge cake, pistachio cream, berry jam and pistachio glaze.<\/p>","protected":false},"featured_media":1716,"comment_status":"closed","ping_status":"closed","template":"","meta":{"_monsterinsights_skip_tracking":false,"_monsterinsights_sitenote_active":false,"_monsterinsights_sitenote_note":"","_monsterinsights_sitenote_category":0},"product_brand":[],"product_cat":[24],"product_tag":[],"class_list":{"0":"post-1220","1":"product","2":"type-product","3":"status-publish","4":"has-post-thumbnail","6":"product_cat-torten","8":"first","9":"instock","10":"taxable","11":"shipping-taxable","12":"purchasable","13":"product-type-variable"},"aioseo_notices":[],"aioseo_head":"\n\t\t<!-- All in One SEO Pro 4.9.6.2 - aioseo.com -->\n\t<meta name=\"description\" content=\"Pistazien Torte mit Biskuitteig, Pistaziencreme, Beerenkonfit\u00fcre und Glasur aus Pistazien.\" \/>\n\t<meta name=\"robots\" content=\"max-image-preview:large\" \/>\n\t<link rel=\"canonical\" href=\"https:\/\/zoomserie.at\/en\/produkt\/pistachio-torte\/\" \/>\n\t<meta name=\"generator\" content=\"All in One SEO Pro (AIOSEO) 4.9.6.2\" \/>\n\t\t<meta property=\"og:locale\" content=\"en_US\" \/>\n\t\t<meta property=\"og:site_name\" content=\"Zoomserie Wien \u25ba Zoomserie Wien, Torten Bestellen, Konditorei, Eis, Kaffee, Patisserie\" \/>\n\t\t<meta property=\"og:type\" content=\"article\" \/>\n\t\t<meta property=\"og:title\" content=\"Pistazien Torte \u25ba Zoomserie Wien\" \/>\n\t\t<meta property=\"og:description\" content=\"Pistazien Torte mit Biskuitteig, Pistaziencreme, Beerenkonfit\u00fcre und Glasur aus Pistazien.\" \/>\n\t\t<meta property=\"og:url\" content=\"https:\/\/zoomserie.at\/en\/produkt\/pistachio-torte\/\" \/>\n\t\t<meta property=\"og:image\" content=\"https:\/\/zoomserie.at\/wp-content\/uploads\/2023\/11\/logo_zoomserie-01.svg\" \/>\n\t\t<meta property=\"og:image:secure_url\" content=\"https:\/\/zoomserie.at\/wp-content\/uploads\/2023\/11\/logo_zoomserie-01.svg\" \/>\n\t\t<meta property=\"article:published_time\" content=\"2024-01-21T14:45:22+00:00\" \/>\n\t\t<meta property=\"article:modified_time\" content=\"2024-06-13T07:20:15+00:00\" \/>\n\t\t<meta property=\"article:publisher\" content=\"https:\/\/www.facebook.com\/ZoomserieAustria\" \/>\n\t\t<meta name=\"twitter:card\" content=\"summary_large_image\" \/>\n\t\t<meta name=\"twitter:title\" content=\"Pistazien Torte \u25ba Zoomserie Wien\" \/>\n\t\t<meta name=\"twitter:description\" content=\"Pistazien Torte mit Biskuitteig, Pistaziencreme, Beerenkonfit\u00fcre und Glasur aus Pistazien.\" \/>\n\t\t<meta name=\"twitter:image\" content=\"https:\/\/zoomserie.at\/wp-content\/uploads\/2023\/11\/logo_zoomserie-01.svg\" \/>\n\t\t<script type=\"application\/ld+json\" class=\"aioseo-schema\">\n\t\t\t{\"@context\":\"https:\\\/\\\/schema.org\",\"@graph\":[{\"@type\":\"BreadcrumbList\",\"@id\":\"https:\\\/\\\/zoomserie.at\\\/en\\\/produkt\\\/pistachio-torte\\\/#breadcrumblist\",\"itemListElement\":[{\"@type\":\"ListItem\",\"@id\":\"https:\\\/\\\/zoomserie.at\\\/en#listItem\",\"position\":1,\"name\":\"Zu Hause\",\"item\":\"https:\\\/\\\/zoomserie.at\\\/en\",\"nextItem\":{\"@type\":\"ListItem\",\"@id\":\"https:\\\/\\\/zoomserie.at\\\/en\\\/shop\\\/#listItem\",\"name\":\"Shop\"}},{\"@type\":\"ListItem\",\"@id\":\"https:\\\/\\\/zoomserie.at\\\/en\\\/shop\\\/#listItem\",\"position\":2,\"name\":\"Shop\",\"item\":\"https:\\\/\\\/zoomserie.at\\\/en\\\/shop\\\/\",\"nextItem\":{\"@type\":\"ListItem\",\"@id\":\"https:\\\/\\\/zoomserie.at\\\/en\\\/produktkategorie\\\/torten\\\/#listItem\",\"name\":\"Torten\"},\"previousItem\":{\"@type\":\"ListItem\",\"@id\":\"https:\\\/\\\/zoomserie.at\\\/en#listItem\",\"name\":\"Zu Hause\"}},{\"@type\":\"ListItem\",\"@id\":\"https:\\\/\\\/zoomserie.at\\\/en\\\/produktkategorie\\\/torten\\\/#listItem\",\"position\":3,\"name\":\"Torten\",\"item\":\"https:\\\/\\\/zoomserie.at\\\/en\\\/produktkategorie\\\/torten\\\/\",\"nextItem\":{\"@type\":\"ListItem\",\"@id\":\"https:\\\/\\\/zoomserie.at\\\/en\\\/produkt\\\/pistachio-torte\\\/#listItem\",\"name\":\"Pistazien Torte\"},\"previousItem\":{\"@type\":\"ListItem\",\"@id\":\"https:\\\/\\\/zoomserie.at\\\/en\\\/shop\\\/#listItem\",\"name\":\"Shop\"}},{\"@type\":\"ListItem\",\"@id\":\"https:\\\/\\\/zoomserie.at\\\/en\\\/produkt\\\/pistachio-torte\\\/#listItem\",\"position\":4,\"name\":\"Pistazien Torte\",\"previousItem\":{\"@type\":\"ListItem\",\"@id\":\"https:\\\/\\\/zoomserie.at\\\/en\\\/produktkategorie\\\/torten\\\/#listItem\",\"name\":\"Torten\"}}]},{\"@type\":\"ItemPage\",\"@id\":\"https:\\\/\\\/zoomserie.at\\\/en\\\/produkt\\\/pistachio-torte\\\/#itempage\",\"url\":\"https:\\\/\\\/zoomserie.at\\\/en\\\/produkt\\\/pistachio-torte\\\/\",\"name\":\"Pistazien Torte \\u25ba Zoomserie Wien\",\"description\":\"Pistazien Torte mit Biskuitteig, Pistaziencreme, Beerenkonfit\\u00fcre und Glasur aus Pistazien.\",\"inLanguage\":\"en-US\",\"isPartOf\":{\"@id\":\"https:\\\/\\\/zoomserie.at\\\/en\\\/#website\"},\"breadcrumb\":{\"@id\":\"https:\\\/\\\/zoomserie.at\\\/en\\\/produkt\\\/pistachio-torte\\\/#breadcrumblist\"},\"image\":{\"@type\":\"ImageObject\",\"url\":\"https:\\\/\\\/zoomserie.at\\\/wp-content\\\/uploads\\\/2024\\\/03\\\/pistachio-torte.jpg\",\"@id\":\"https:\\\/\\\/zoomserie.at\\\/en\\\/produkt\\\/pistachio-torte\\\/#mainImage\",\"width\":1000,\"height\":1000},\"primaryImageOfPage\":{\"@id\":\"https:\\\/\\\/zoomserie.at\\\/en\\\/produkt\\\/pistachio-torte\\\/#mainImage\"},\"datePublished\":\"2024-01-21T15:45:22+01:00\",\"dateModified\":\"2024-06-13T09:20:15+02:00\"},{\"@type\":\"Organization\",\"@id\":\"https:\\\/\\\/zoomserie.at\\\/en\\\/#organization\",\"name\":\"Zoomserie Wien\",\"description\":\"Zoomserie ist eine moderne Patisserie. Gegr\\u00fcndet wurde sie 1981 im gebirgigen Norden Griechenlands als Eishersteller. Die lokalen Zutaten wie Milch, Butter und Eier bestimmten die Rezepte, und sehr schnell wurde das kleine l\\u00e4ndliche Unternehmen zu einer nationalen Marke. Mit derselben Leidenschaft setzen wir unsere Arbeit fort, verwenden die nat\\u00fcrlichsten Zutaten und kreieren neue Rezepte in den Bereichen Patisserie, Eiscreme und traditionelle Backwaren. Griechenland, ein ewiger Schnittpunkt kulinarischer Kulturen, beeinflusst unsere Produktpalette am st\\u00e4rksten. Orientalisch sirupartige Aromen, franz\\u00f6sische Haute-Desserts, italienisches Gelato sowie die neuesten Trends der internationalen Patisseriekunst lassen unser umfangreiches Produktsortiment auf dem Markt hervorstechen. Dar\\u00fcber hinaus wurde unsere Leidenschaft und unser Augenmerk auf das Detail beim guten Kaffee mit einem Great Taste Award f\\u00fcr unsere Specialty-Kaffees ausgezeichnet. Unsere Produkte finden Sie in den Zoomserie-Fachgesch\\u00e4ften in Griechenland, Deutschland, \\u00d6sterreich, Gro\\u00dfbritannien und Rum\\u00e4nien sowie bei ausgew\\u00e4hlten Handelspartnern.\",\"url\":\"https:\\\/\\\/zoomserie.at\\\/en\\\/\",\"email\":\"kontakt@zoomserie.at\",\"telephone\":\"+4367761781960\",\"foundingDate\":\"1981-04-18\",\"logo\":{\"@type\":\"ImageObject\",\"url\":\"https:\\\/\\\/zoomserie.at\\\/wp-content\\\/uploads\\\/2023\\\/11\\\/logo_zoomserie-01.svg\",\"@id\":\"https:\\\/\\\/zoomserie.at\\\/en\\\/produkt\\\/pistachio-torte\\\/#organizationLogo\"},\"image\":{\"@id\":\"https:\\\/\\\/zoomserie.at\\\/en\\\/produkt\\\/pistachio-torte\\\/#organizationLogo\"},\"sameAs\":[\"https:\\\/\\\/www.facebook.com\\\/ZoomserieAustria\",\"https:\\\/\\\/www.instagram.com\\\/zoomseriewien\",\"https:\\\/\\\/www.tiktok.com\\\/@zoomserie.wien\"],\"address\":{\"@id\":\"https:\\\/\\\/zoomserie.at\\\/en\\\/#postaladdress\",\"@type\":\"PostalAddress\",\"streetAddress\":\"Gablenzgasse 11, Lugner City\",\"postalCode\":\"1150\",\"addressLocality\":\"Wien\",\"addressCountry\":\"AT\"},\"taxID\":\"FN 617575 z\",\"vatID\":\"ATU80436324\"},{\"@type\":\"WebPage\",\"@id\":\"https:\\\/\\\/zoomserie.at\\\/en\\\/produkt\\\/pistachio-torte\\\/#webpage\",\"url\":\"https:\\\/\\\/zoomserie.at\\\/en\\\/produkt\\\/pistachio-torte\\\/\",\"name\":\"Pistazien Torte \\u25ba Zoomserie Wien\",\"description\":\"Pistazien Torte mit Biskuitteig, Pistaziencreme, Beerenkonfit\\u00fcre und Glasur aus Pistazien.\",\"inLanguage\":\"en-US\",\"isPartOf\":{\"@id\":\"https:\\\/\\\/zoomserie.at\\\/en\\\/#website\"},\"breadcrumb\":{\"@id\":\"https:\\\/\\\/zoomserie.at\\\/en\\\/produkt\\\/pistachio-torte\\\/#breadcrumblist\"},\"image\":{\"@type\":\"ImageObject\",\"url\":\"https:\\\/\\\/zoomserie.at\\\/wp-content\\\/uploads\\\/2024\\\/03\\\/pistachio-torte.jpg\",\"@id\":\"https:\\\/\\\/zoomserie.at\\\/en\\\/produkt\\\/pistachio-torte\\\/#mainImage\",\"width\":1000,\"height\":1000},\"primaryImageOfPage\":{\"@id\":\"https:\\\/\\\/zoomserie.at\\\/en\\\/produkt\\\/pistachio-torte\\\/#mainImage\"},\"datePublished\":\"2024-01-21T15:45:22+01:00\",\"dateModified\":\"2024-06-13T09:20:15+02:00\"},{\"@type\":\"WebSite\",\"@id\":\"https:\\\/\\\/zoomserie.at\\\/en\\\/#website\",\"url\":\"https:\\\/\\\/zoomserie.at\\\/en\\\/\",\"name\":\"Zoomserie Wien\",\"description\":\"Zoomserie Wien, Torten Bestellen, Konditorei, Eis, Kaffee, Patisserie\",\"inLanguage\":\"en-US\",\"publisher\":{\"@id\":\"https:\\\/\\\/zoomserie.at\\\/en\\\/#organization\"}}]}\n\t\t<\/script>\n\t\t<!-- All in One SEO Pro -->\r\n\t\t<title>Pistazien Torte \u25ba Zoomserie Wien<\/title>\n\n","aioseo_head_json":{"title":"Pistachio Cake \u25ba Zoomserie Vienna","description":"Pistachio cake with sponge cake, pistachio cream, berry jam and pistachio glaze.","canonical_url":"https:\/\/zoomserie.at\/en\/produkt\/pistachio-torte\/","robots":"max-image-preview:large","keywords":"","webmasterTools":{"miscellaneous":""},"schema":{"@context":"https:\/\/schema.org","@graph":[{"@type":"BreadcrumbList","@id":"https:\/\/zoomserie.at\/en\/produkt\/pistachio-torte\/#breadcrumblist","itemListElement":[{"@type":"ListItem","@id":"https:\/\/zoomserie.at\/en#listItem","position":1,"name":"Zu Hause","item":"https:\/\/zoomserie.at\/en","nextItem":{"@type":"ListItem","@id":"https:\/\/zoomserie.at\/en\/shop\/#listItem","name":"Shop"}},{"@type":"ListItem","@id":"https:\/\/zoomserie.at\/en\/shop\/#listItem","position":2,"name":"Shop","item":"https:\/\/zoomserie.at\/en\/shop\/","nextItem":{"@type":"ListItem","@id":"https:\/\/zoomserie.at\/en\/produktkategorie\/torten\/#listItem","name":"Torten"},"previousItem":{"@type":"ListItem","@id":"https:\/\/zoomserie.at\/en#listItem","name":"Zu Hause"}},{"@type":"ListItem","@id":"https:\/\/zoomserie.at\/en\/produktkategorie\/torten\/#listItem","position":3,"name":"Torten","item":"https:\/\/zoomserie.at\/en\/produktkategorie\/torten\/","nextItem":{"@type":"ListItem","@id":"https:\/\/zoomserie.at\/en\/produkt\/pistachio-torte\/#listItem","name":"Pistazien Torte"},"previousItem":{"@type":"ListItem","@id":"https:\/\/zoomserie.at\/en\/shop\/#listItem","name":"Shop"}},{"@type":"ListItem","@id":"https:\/\/zoomserie.at\/en\/produkt\/pistachio-torte\/#listItem","position":4,"name":"Pistazien Torte","previousItem":{"@type":"ListItem","@id":"https:\/\/zoomserie.at\/en\/produktkategorie\/torten\/#listItem","name":"Torten"}}]},{"@type":"ItemPage","@id":"https:\/\/zoomserie.at\/en\/produkt\/pistachio-torte\/#itempage","url":"https:\/\/zoomserie.at\/en\/produkt\/pistachio-torte\/","name":"Pistazien Torte \u25ba Zoomserie Wien","description":"Pistazien Torte mit Biskuitteig, Pistaziencreme, Beerenkonfit\u00fcre und Glasur aus Pistazien.","inLanguage":"en-US","isPartOf":{"@id":"https:\/\/zoomserie.at\/en\/#website"},"breadcrumb":{"@id":"https:\/\/zoomserie.at\/en\/produkt\/pistachio-torte\/#breadcrumblist"},"image":{"@type":"ImageObject","url":"https:\/\/zoomserie.at\/wp-content\/uploads\/2024\/03\/pistachio-torte.jpg","@id":"https:\/\/zoomserie.at\/en\/produkt\/pistachio-torte\/#mainImage","width":1000,"height":1000},"primaryImageOfPage":{"@id":"https:\/\/zoomserie.at\/en\/produkt\/pistachio-torte\/#mainImage"},"datePublished":"2024-01-21T15:45:22+01:00","dateModified":"2024-06-13T09:20:15+02:00"},{"@type":"Organization","@id":"https:\/\/zoomserie.at\/en\/#organization","name":"Zoomserie Wien","description":"Zoomserie ist eine moderne Patisserie. Gegr\u00fcndet wurde sie 1981 im gebirgigen Norden Griechenlands als Eishersteller. Die lokalen Zutaten wie Milch, Butter und Eier bestimmten die Rezepte, und sehr schnell wurde das kleine l\u00e4ndliche Unternehmen zu einer nationalen Marke. Mit derselben Leidenschaft setzen wir unsere Arbeit fort, verwenden die nat\u00fcrlichsten Zutaten und kreieren neue Rezepte in den Bereichen Patisserie, Eiscreme und traditionelle Backwaren. Griechenland, ein ewiger Schnittpunkt kulinarischer Kulturen, beeinflusst unsere Produktpalette am st\u00e4rksten. Orientalisch sirupartige Aromen, franz\u00f6sische Haute-Desserts, italienisches Gelato sowie die neuesten Trends der internationalen Patisseriekunst lassen unser umfangreiches Produktsortiment auf dem Markt hervorstechen. Dar\u00fcber hinaus wurde unsere Leidenschaft und unser Augenmerk auf das Detail beim guten Kaffee mit einem Great Taste Award f\u00fcr unsere Specialty-Kaffees ausgezeichnet. Unsere Produkte finden Sie in den Zoomserie-Fachgesch\u00e4ften in Griechenland, Deutschland, \u00d6sterreich, Gro\u00dfbritannien und Rum\u00e4nien sowie bei ausgew\u00e4hlten Handelspartnern.","url":"https:\/\/zoomserie.at\/en\/","email":"kontakt@zoomserie.at","telephone":"+4367761781960","foundingDate":"1981-04-18","logo":{"@type":"ImageObject","url":"https:\/\/zoomserie.at\/wp-content\/uploads\/2023\/11\/logo_zoomserie-01.svg","@id":"https:\/\/zoomserie.at\/en\/produkt\/pistachio-torte\/#organizationLogo"},"image":{"@id":"https:\/\/zoomserie.at\/en\/produkt\/pistachio-torte\/#organizationLogo"},"sameAs":["https:\/\/www.facebook.com\/ZoomserieAustria","https:\/\/www.instagram.com\/zoomseriewien","https:\/\/www.tiktok.com\/@zoomserie.wien"],"address":{"@id":"https:\/\/zoomserie.at\/en\/#postaladdress","@type":"PostalAddress","streetAddress":"Gablenzgasse 11, Lugner City","postalCode":"1150","addressLocality":"Wien","addressCountry":"AT"},"taxID":"FN 617575 z","vatID":"ATU80436324"},{"@type":"WebPage","@id":"https:\/\/zoomserie.at\/en\/produkt\/pistachio-torte\/#webpage","url":"https:\/\/zoomserie.at\/en\/produkt\/pistachio-torte\/","name":"Pistazien Torte \u25ba Zoomserie Wien","description":"Pistazien Torte mit Biskuitteig, Pistaziencreme, Beerenkonfit\u00fcre und Glasur aus Pistazien.","inLanguage":"en-US","isPartOf":{"@id":"https:\/\/zoomserie.at\/en\/#website"},"breadcrumb":{"@id":"https:\/\/zoomserie.at\/en\/produkt\/pistachio-torte\/#breadcrumblist"},"image":{"@type":"ImageObject","url":"https:\/\/zoomserie.at\/wp-content\/uploads\/2024\/03\/pistachio-torte.jpg","@id":"https:\/\/zoomserie.at\/en\/produkt\/pistachio-torte\/#mainImage","width":1000,"height":1000},"primaryImageOfPage":{"@id":"https:\/\/zoomserie.at\/en\/produkt\/pistachio-torte\/#mainImage"},"datePublished":"2024-01-21T15:45:22+01:00","dateModified":"2024-06-13T09:20:15+02:00"},{"@type":"WebSite","@id":"https:\/\/zoomserie.at\/en\/#website","url":"https:\/\/zoomserie.at\/en\/","name":"Zoomserie Wien","description":"Zoomserie Wien, Torten Bestellen, Konditorei, Eis, Kaffee, Patisserie","inLanguage":"en-US","publisher":{"@id":"https:\/\/zoomserie.at\/en\/#organization"}}]},"og:locale":"en_US","og:site_name":"Zoomserie Wien \u25ba Zoomserie Wien, Torten Bestellen, Konditorei, Eis, Kaffee, Patisserie","og:type":"article","og:title":"Pistazien Torte \u25ba Zoomserie Wien","og:description":"Pistazien Torte mit Biskuitteig, Pistaziencreme, Beerenkonfit\u00fcre und Glasur aus Pistazien.","og:url":"https:\/\/zoomserie.at\/en\/produkt\/pistachio-torte\/","og:image":"https:\/\/zoomserie.at\/wp-content\/uploads\/2023\/11\/logo_zoomserie-01.svg","og:image:secure_url":"https:\/\/zoomserie.at\/wp-content\/uploads\/2023\/11\/logo_zoomserie-01.svg","article:published_time":"2024-01-21T14:45:22+00:00","article:modified_time":"2024-06-13T07:20:15+00:00","article:publisher":"https:\/\/www.facebook.com\/ZoomserieAustria","twitter:card":"summary_large_image","twitter:title":"Pistazien Torte \u25ba Zoomserie Wien","twitter:description":"Pistazien Torte mit Biskuitteig, Pistaziencreme, Beerenkonfit\u00fcre und Glasur aus Pistazien.","twitter:image":"https:\/\/zoomserie.at\/wp-content\/uploads\/2023\/11\/logo_zoomserie-01.svg"},"aioseo_meta_data":{"post_id":"1220","title":null,"description":null,"keywords":null,"keyphrases":{"focus":{"keyphrase":"Pistazien Torte","score":62,"analysis":{"keyphraseInTitle":{"score":9,"maxScore":9,"error":0},"keyphraseInDescription":{"score":9,"maxScore":9,"error":0},"keyphraseLength":{"score":9,"maxScore":9,"error":0,"length":2},"keyphraseInURL":{"score":1,"maxScore":5,"error":1},"keyphraseInIntroduction":{"score":3,"maxScore":9,"error":1},"keyphraseInSubHeadings":[],"keyphraseInImageAlt":[],"keywordDensity":{"score":0,"type":"low","maxScore":9,"error":1}}},"additional":[]},"primary_term":null,"canonical_url":null,"og_title":null,"og_description":null,"og_object_type":"default","og_image_type":"default","og_image_url":null,"og_image_width":null,"og_image_height":null,"og_image_custom_url":null,"og_image_custom_fields":null,"og_video":"","og_custom_url":null,"og_article_section":null,"og_article_tags":null,"twitter_use_og":false,"twitter_card":"default","twitter_image_type":"default","twitter_image_url":null,"twitter_image_custom_url":null,"twitter_image_custom_fields":null,"twitter_title":null,"twitter_description":null,"schema":{"blockGraphs":[],"customGraphs":[],"default":{"data":{"Article":[],"Course":[],"Dataset":[],"FAQPage":[],"Movie":[],"Person":[],"Product":[],"ProductReview":[],"Car":[],"Recipe":[],"Service":[],"SoftwareApplication":[],"WebPage":[]},"graphName":"ItemPage","isEnabled":true},"graphs":[]},"schema_type":"default","schema_type_options":null,"pillar_content":false,"robots_default":true,"robots_noindex":false,"robots_noarchive":false,"robots_nosnippet":false,"robots_nofollow":false,"robots_noimageindex":false,"robots_noodp":false,"robots_notranslate":false,"robots_max_snippet":"-1","robots_max_videopreview":"-1","robots_max_imagepreview":"large","priority":null,"frequency":"default","local_seo":null,"seo_analyzer_scan_date":"2025-10-09 06:36:01","breadcrumb_settings":null,"limit_modified_date":false,"reviewed_by":null,"open_ai":"{\"title\":{\"suggestions\":[],\"usage\":0},\"description\":{\"suggestions\":[],\"usage\":0}}","ai":null,"created":"2024-02-09 13:17:50","updated":"2025-10-09 06:36:01"},"aioseo_breadcrumb":"<div class=\"aioseo-breadcrumbs\"><span class=\"aioseo-breadcrumb\">\n\t<a href=\"https:\/\/zoomserie.at\/en\" title=\"Zu Hause\">Zu Hause<\/a>\n<\/span><span class=\"aioseo-breadcrumb-separator\">&raquo;<\/span><span class=\"aioseo-breadcrumb\">\n\t<a href=\"https:\/\/zoomserie.at\/en\/shop\/\" title=\"Shop\">Shop<\/a>\n<\/span><span class=\"aioseo-breadcrumb-separator\">&raquo;<\/span><span class=\"aioseo-breadcrumb\">\n\t<a href=\"https:\/\/zoomserie.at\/en\/produktkategorie\/torten\/\" title=\"Torten\">Torten<\/a>\n<\/span><span class=\"aioseo-breadcrumb-separator\">&raquo;<\/span><span class=\"aioseo-breadcrumb\">\n\tPistazien Torte\n<\/span><\/div>","aioseo_breadcrumb_json":[{"label":"Zu Hause","link":"https:\/\/zoomserie.at\/en"},{"label":"Shop","link":"https:\/\/zoomserie.at\/en\/shop\/"},{"label":"Torten","link":"https:\/\/zoomserie.at\/en\/produktkategorie\/torten\/"},{"label":"Pistazien Torte","link":"https:\/\/zoomserie.at\/en\/produkt\/pistachio-torte\/"}],"_links":{"self":[{"href":"https:\/\/zoomserie.at\/en\/wp-json\/wp\/v2\/product\/1220","targetHints":{"allow":["GET"]}}],"collection":[{"href":"https:\/\/zoomserie.at\/en\/wp-json\/wp\/v2\/product"}],"about":[{"href":"https:\/\/zoomserie.at\/en\/wp-json\/wp\/v2\/types\/product"}],"replies":[{"embeddable":true,"href":"https:\/\/zoomserie.at\/en\/wp-json\/wp\/v2\/comments?post=1220"}],"wp:featuredmedia":[{"embeddable":true,"href":"https:\/\/zoomserie.at\/en\/wp-json\/wp\/v2\/media\/1716"}],"wp:attachment":[{"href":"https:\/\/zoomserie.at\/en\/wp-json\/wp\/v2\/media?parent=1220"}],"wp:term":[{"taxonomy":"product_brand","embeddable":true,"href":"https:\/\/zoomserie.at\/en\/wp-json\/wp\/v2\/product_brand?post=1220"},{"taxonomy":"product_cat","embeddable":true,"href":"https:\/\/zoomserie.at\/en\/wp-json\/wp\/v2\/product_cat?post=1220"},{"taxonomy":"product_tag","embeddable":true,"href":"https:\/\/zoomserie.at\/en\/wp-json\/wp\/v2\/product_tag?post=1220"}],"curies":[{"name":"wp","href":"https:\/\/api.w.org\/{rel}","templated":true}]}}