{"id":1292,"date":"2024-01-23T14:54:26","date_gmt":"2024-01-23T13:54:26","guid":{"rendered":"https:\/\/zoomserie.at\/produkt\/jubilaeumstablett-mini-kuchen-mittel\/"},"modified":"2024-06-13T09:13:24","modified_gmt":"2024-06-13T07:13:24","slug":"anniversary-tray-mini-cake-medium","status":"publish","type":"product","link":"https:\/\/zoomserie.at\/en\/produkt\/jubilaeumstablett-mini-kuchen-mittel\/","title":{"rendered":"Mini cake box"},"content":{"rendered":"<p>Enjoy the variety of Mini White Choco, Fragola, Cremeschnitte, Biscotto and Caramela in this festive combination. The Mini Cake Box Box offers a delicious selection of 25 mini cakes in 5 different varieties, perfect for around 10 people. This refreshing blend includes variations with fresh, fruity and vanilla flavors, ideal for office birthday parties or family gatherings. Please contact us by email at kontakt@zoomserie.at if you would like an individual selection. Please note that costs may vary depending on the mini cake selection.<\/p>","protected":false},"excerpt":{"rendered":"<p>Mini cake box: 25 mini cakes in 5 different varieties: Mini White Choco, Fragola, Cremeschnitte, Biscotto and Caramela.<\/p>","protected":false},"featured_media":94,"comment_status":"closed","ping_status":"closed","template":"","meta":{"_monsterinsights_skip_tracking":false,"_monsterinsights_sitenote_active":false,"_monsterinsights_sitenote_note":"","_monsterinsights_sitenote_category":0},"product_brand":[],"product_cat":[29,17,19],"product_tag":[],"class_list":{"0":"post-1292","1":"product","2":"type-product","3":"status-publish","4":"has-post-thumbnail","6":"product_cat-platten","7":"product_cat-urlaubsgeschenke","8":"product_cat-weihnachten-und-neujahr","10":"first","11":"instock","12":"taxable","13":"shipping-taxable","14":"purchasable","15":"product-type-simple"},"aioseo_notices":[],"aioseo_head":"\n\t\t<!-- All in One SEO Pro 4.9.6.2 - aioseo.com -->\n\t<meta name=\"description\" content=\"Mini-Kuchen Box: 25 Mini-Kuchen in 5 verschiedenen Sorten: Mini White Choco, Fragola, Cremeschnitte, Biscotto und Caramela.\" \/>\n\t<meta name=\"robots\" content=\"max-image-preview:large\" \/>\n\t<link rel=\"canonical\" href=\"https:\/\/zoomserie.at\/en\/produkt\/jubilaeumstablett-mini-kuchen-mittel\/\" \/>\n\t<meta name=\"generator\" content=\"All in One SEO Pro (AIOSEO) 4.9.6.2\" \/>\n\t\t<meta property=\"og:locale\" content=\"en_US\" \/>\n\t\t<meta property=\"og:site_name\" content=\"Zoomserie Wien \u25ba Zoomserie Wien, Torten Bestellen, Konditorei, Eis, Kaffee, Patisserie\" \/>\n\t\t<meta property=\"og:type\" content=\"article\" \/>\n\t\t<meta property=\"og:title\" content=\"Mini-Kuchen Box \u25ba Zoomserie Wien\" \/>\n\t\t<meta property=\"og:description\" content=\"Mini-Kuchen Box: 25 Mini-Kuchen in 5 verschiedenen Sorten: Mini White Choco, Fragola, Cremeschnitte, Biscotto und Caramela.\" \/>\n\t\t<meta property=\"og:url\" content=\"https:\/\/zoomserie.at\/en\/produkt\/jubilaeumstablett-mini-kuchen-mittel\/\" \/>\n\t\t<meta property=\"og:image\" content=\"https:\/\/zoomserie.at\/wp-content\/uploads\/2023\/11\/logo_zoomserie-01.svg\" \/>\n\t\t<meta property=\"og:image:secure_url\" content=\"https:\/\/zoomserie.at\/wp-content\/uploads\/2023\/11\/logo_zoomserie-01.svg\" \/>\n\t\t<meta property=\"article:published_time\" content=\"2024-01-23T13:54:26+00:00\" \/>\n\t\t<meta property=\"article:modified_time\" content=\"2024-06-13T07:13:24+00:00\" \/>\n\t\t<meta property=\"article:publisher\" content=\"https:\/\/www.facebook.com\/ZoomserieAustria\" \/>\n\t\t<meta name=\"twitter:card\" content=\"summary_large_image\" \/>\n\t\t<meta name=\"twitter:title\" content=\"Mini-Kuchen Box \u25ba Zoomserie Wien\" \/>\n\t\t<meta name=\"twitter:description\" content=\"Mini-Kuchen Box: 25 Mini-Kuchen in 5 verschiedenen Sorten: Mini White Choco, Fragola, Cremeschnitte, Biscotto und Caramela.\" \/>\n\t\t<meta name=\"twitter:image\" content=\"https:\/\/zoomserie.at\/wp-content\/uploads\/2023\/11\/logo_zoomserie-01.svg\" \/>\n\t\t<script type=\"application\/ld+json\" class=\"aioseo-schema\">\n\t\t\t{\"@context\":\"https:\\\/\\\/schema.org\",\"@graph\":[{\"@type\":\"BreadcrumbList\",\"@id\":\"https:\\\/\\\/zoomserie.at\\\/en\\\/produkt\\\/jubilaeumstablett-mini-kuchen-mittel\\\/#breadcrumblist\",\"itemListElement\":[{\"@type\":\"ListItem\",\"@id\":\"https:\\\/\\\/zoomserie.at\\\/en#listItem\",\"position\":1,\"name\":\"Zu Hause\",\"item\":\"https:\\\/\\\/zoomserie.at\\\/en\",\"nextItem\":{\"@type\":\"ListItem\",\"@id\":\"https:\\\/\\\/zoomserie.at\\\/en\\\/shop\\\/#listItem\",\"name\":\"Shop\"}},{\"@type\":\"ListItem\",\"@id\":\"https:\\\/\\\/zoomserie.at\\\/en\\\/shop\\\/#listItem\",\"position\":2,\"name\":\"Shop\",\"item\":\"https:\\\/\\\/zoomserie.at\\\/en\\\/shop\\\/\",\"nextItem\":{\"@type\":\"ListItem\",\"@id\":\"https:\\\/\\\/zoomserie.at\\\/en\\\/produktkategorie\\\/feiertage-und-besondere-anlaesse\\\/#listItem\",\"name\":\"Feiertage und besondere Anl\\u00e4sse\"},\"previousItem\":{\"@type\":\"ListItem\",\"@id\":\"https:\\\/\\\/zoomserie.at\\\/en#listItem\",\"name\":\"Zu Hause\"}},{\"@type\":\"ListItem\",\"@id\":\"https:\\\/\\\/zoomserie.at\\\/en\\\/produktkategorie\\\/feiertage-und-besondere-anlaesse\\\/#listItem\",\"position\":3,\"name\":\"Feiertage und besondere Anl\\u00e4sse\",\"item\":\"https:\\\/\\\/zoomserie.at\\\/en\\\/produktkategorie\\\/feiertage-und-besondere-anlaesse\\\/\",\"nextItem\":{\"@type\":\"ListItem\",\"@id\":\"https:\\\/\\\/zoomserie.at\\\/en\\\/produktkategorie\\\/feiertage-und-besondere-anlaesse\\\/weihnachten-und-neujahr\\\/#listItem\",\"name\":\"Weihnachten und Neujahr\"},\"previousItem\":{\"@type\":\"ListItem\",\"@id\":\"https:\\\/\\\/zoomserie.at\\\/en\\\/shop\\\/#listItem\",\"name\":\"Shop\"}},{\"@type\":\"ListItem\",\"@id\":\"https:\\\/\\\/zoomserie.at\\\/en\\\/produktkategorie\\\/feiertage-und-besondere-anlaesse\\\/weihnachten-und-neujahr\\\/#listItem\",\"position\":4,\"name\":\"Weihnachten und Neujahr\",\"item\":\"https:\\\/\\\/zoomserie.at\\\/en\\\/produktkategorie\\\/feiertage-und-besondere-anlaesse\\\/weihnachten-und-neujahr\\\/\",\"nextItem\":{\"@type\":\"ListItem\",\"@id\":\"https:\\\/\\\/zoomserie.at\\\/en\\\/produkt\\\/jubilaeumstablett-mini-kuchen-mittel\\\/#listItem\",\"name\":\"Mini-Kuchen Box\"},\"previousItem\":{\"@type\":\"ListItem\",\"@id\":\"https:\\\/\\\/zoomserie.at\\\/en\\\/produktkategorie\\\/feiertage-und-besondere-anlaesse\\\/#listItem\",\"name\":\"Feiertage und besondere Anl\\u00e4sse\"}},{\"@type\":\"ListItem\",\"@id\":\"https:\\\/\\\/zoomserie.at\\\/en\\\/produkt\\\/jubilaeumstablett-mini-kuchen-mittel\\\/#listItem\",\"position\":5,\"name\":\"Mini-Kuchen Box\",\"previousItem\":{\"@type\":\"ListItem\",\"@id\":\"https:\\\/\\\/zoomserie.at\\\/en\\\/produktkategorie\\\/feiertage-und-besondere-anlaesse\\\/weihnachten-und-neujahr\\\/#listItem\",\"name\":\"Weihnachten und Neujahr\"}}]},{\"@type\":\"ItemPage\",\"@id\":\"https:\\\/\\\/zoomserie.at\\\/en\\\/produkt\\\/jubilaeumstablett-mini-kuchen-mittel\\\/#itempage\",\"url\":\"https:\\\/\\\/zoomserie.at\\\/en\\\/produkt\\\/jubilaeumstablett-mini-kuchen-mittel\\\/\",\"name\":\"Mini-Kuchen Box \\u25ba Zoomserie Wien\",\"description\":\"Mini-Kuchen Box: 25 Mini-Kuchen in 5 verschiedenen Sorten: Mini White Choco, Fragola, Cremeschnitte, Biscotto und Caramela.\",\"inLanguage\":\"en-US\",\"isPartOf\":{\"@id\":\"https:\\\/\\\/zoomserie.at\\\/en\\\/#website\"},\"breadcrumb\":{\"@id\":\"https:\\\/\\\/zoomserie.at\\\/en\\\/produkt\\\/jubilaeumstablett-mini-kuchen-mittel\\\/#breadcrumblist\"},\"image\":{\"@type\":\"ImageObject\",\"url\":\"https:\\\/\\\/zoomserie.at\\\/wp-content\\\/uploads\\\/2023\\\/11\\\/DSCF5983-300x300-1.jpg\",\"@id\":\"https:\\\/\\\/zoomserie.at\\\/en\\\/produkt\\\/jubilaeumstablett-mini-kuchen-mittel\\\/#mainImage\",\"width\":300,\"height\":300},\"primaryImageOfPage\":{\"@id\":\"https:\\\/\\\/zoomserie.at\\\/en\\\/produkt\\\/jubilaeumstablett-mini-kuchen-mittel\\\/#mainImage\"},\"datePublished\":\"2024-01-23T14:54:26+01:00\",\"dateModified\":\"2024-06-13T09:13:24+02:00\"},{\"@type\":\"Organization\",\"@id\":\"https:\\\/\\\/zoomserie.at\\\/en\\\/#organization\",\"name\":\"Zoomserie Wien\",\"description\":\"Zoomserie ist eine moderne Patisserie. Gegr\\u00fcndet wurde sie 1981 im gebirgigen Norden Griechenlands als Eishersteller. Die lokalen Zutaten wie Milch, Butter und Eier bestimmten die Rezepte, und sehr schnell wurde das kleine l\\u00e4ndliche Unternehmen zu einer nationalen Marke. Mit derselben Leidenschaft setzen wir unsere Arbeit fort, verwenden die nat\\u00fcrlichsten Zutaten und kreieren neue Rezepte in den Bereichen Patisserie, Eiscreme und traditionelle Backwaren. Griechenland, ein ewiger Schnittpunkt kulinarischer Kulturen, beeinflusst unsere Produktpalette am st\\u00e4rksten. Orientalisch sirupartige Aromen, franz\\u00f6sische Haute-Desserts, italienisches Gelato sowie die neuesten Trends der internationalen Patisseriekunst lassen unser umfangreiches Produktsortiment auf dem Markt hervorstechen. Dar\\u00fcber hinaus wurde unsere Leidenschaft und unser Augenmerk auf das Detail beim guten Kaffee mit einem Great Taste Award f\\u00fcr unsere Specialty-Kaffees ausgezeichnet. Unsere Produkte finden Sie in den Zoomserie-Fachgesch\\u00e4ften in Griechenland, Deutschland, \\u00d6sterreich, Gro\\u00dfbritannien und Rum\\u00e4nien sowie bei ausgew\\u00e4hlten Handelspartnern.\",\"url\":\"https:\\\/\\\/zoomserie.at\\\/en\\\/\",\"email\":\"kontakt@zoomserie.at\",\"telephone\":\"+4367761781960\",\"foundingDate\":\"1981-04-18\",\"logo\":{\"@type\":\"ImageObject\",\"url\":\"https:\\\/\\\/zoomserie.at\\\/wp-content\\\/uploads\\\/2023\\\/11\\\/logo_zoomserie-01.svg\",\"@id\":\"https:\\\/\\\/zoomserie.at\\\/en\\\/produkt\\\/jubilaeumstablett-mini-kuchen-mittel\\\/#organizationLogo\"},\"image\":{\"@id\":\"https:\\\/\\\/zoomserie.at\\\/en\\\/produkt\\\/jubilaeumstablett-mini-kuchen-mittel\\\/#organizationLogo\"},\"sameAs\":[\"https:\\\/\\\/www.facebook.com\\\/ZoomserieAustria\",\"https:\\\/\\\/www.instagram.com\\\/zoomseriewien\",\"https:\\\/\\\/www.tiktok.com\\\/@zoomserie.wien\"],\"address\":{\"@id\":\"https:\\\/\\\/zoomserie.at\\\/en\\\/#postaladdress\",\"@type\":\"PostalAddress\",\"streetAddress\":\"Gablenzgasse 11, Lugner City\",\"postalCode\":\"1150\",\"addressLocality\":\"Wien\",\"addressCountry\":\"AT\"},\"taxID\":\"FN 617575 z\",\"vatID\":\"ATU80436324\"},{\"@type\":\"WebPage\",\"@id\":\"https:\\\/\\\/zoomserie.at\\\/en\\\/produkt\\\/jubilaeumstablett-mini-kuchen-mittel\\\/#webpage\",\"url\":\"https:\\\/\\\/zoomserie.at\\\/en\\\/produkt\\\/jubilaeumstablett-mini-kuchen-mittel\\\/\",\"name\":\"Mini-Kuchen Box \\u25ba Zoomserie Wien\",\"description\":\"Mini-Kuchen Box: 25 Mini-Kuchen in 5 verschiedenen Sorten: Mini White Choco, Fragola, Cremeschnitte, Biscotto und Caramela.\",\"inLanguage\":\"en-US\",\"isPartOf\":{\"@id\":\"https:\\\/\\\/zoomserie.at\\\/en\\\/#website\"},\"breadcrumb\":{\"@id\":\"https:\\\/\\\/zoomserie.at\\\/en\\\/produkt\\\/jubilaeumstablett-mini-kuchen-mittel\\\/#breadcrumblist\"},\"image\":{\"@type\":\"ImageObject\",\"url\":\"https:\\\/\\\/zoomserie.at\\\/wp-content\\\/uploads\\\/2023\\\/11\\\/DSCF5983-300x300-1.jpg\",\"@id\":\"https:\\\/\\\/zoomserie.at\\\/en\\\/produkt\\\/jubilaeumstablett-mini-kuchen-mittel\\\/#mainImage\",\"width\":300,\"height\":300},\"primaryImageOfPage\":{\"@id\":\"https:\\\/\\\/zoomserie.at\\\/en\\\/produkt\\\/jubilaeumstablett-mini-kuchen-mittel\\\/#mainImage\"},\"datePublished\":\"2024-01-23T14:54:26+01:00\",\"dateModified\":\"2024-06-13T09:13:24+02:00\"},{\"@type\":\"WebSite\",\"@id\":\"https:\\\/\\\/zoomserie.at\\\/en\\\/#website\",\"url\":\"https:\\\/\\\/zoomserie.at\\\/en\\\/\",\"name\":\"Zoomserie Wien\",\"description\":\"Zoomserie Wien, Torten Bestellen, Konditorei, Eis, Kaffee, Patisserie\",\"inLanguage\":\"en-US\",\"publisher\":{\"@id\":\"https:\\\/\\\/zoomserie.at\\\/en\\\/#organization\"}}]}\n\t\t<\/script>\n\t\t<!-- All in One SEO Pro -->\r\n\t\t<title>Mini-Kuchen Box \u25ba Zoomserie Wien<\/title>\n\n","aioseo_head_json":{"title":"Mini Cake Box \u25ba Zoomserie Vienna","description":"Mini cake box: 25 mini cakes in 5 different varieties: Mini White Choco, Fragola, Cremeschnitte, Biscotto and Caramela.","canonical_url":"https:\/\/zoomserie.at\/en\/produkt\/jubilaeumstablett-mini-kuchen-mittel\/","robots":"max-image-preview:large","keywords":"","webmasterTools":{"miscellaneous":""},"schema":{"@context":"https:\/\/schema.org","@graph":[{"@type":"BreadcrumbList","@id":"https:\/\/zoomserie.at\/en\/produkt\/jubilaeumstablett-mini-kuchen-mittel\/#breadcrumblist","itemListElement":[{"@type":"ListItem","@id":"https:\/\/zoomserie.at\/en#listItem","position":1,"name":"Zu Hause","item":"https:\/\/zoomserie.at\/en","nextItem":{"@type":"ListItem","@id":"https:\/\/zoomserie.at\/en\/shop\/#listItem","name":"Shop"}},{"@type":"ListItem","@id":"https:\/\/zoomserie.at\/en\/shop\/#listItem","position":2,"name":"Shop","item":"https:\/\/zoomserie.at\/en\/shop\/","nextItem":{"@type":"ListItem","@id":"https:\/\/zoomserie.at\/en\/produktkategorie\/feiertage-und-besondere-anlaesse\/#listItem","name":"Feiertage und besondere Anl\u00e4sse"},"previousItem":{"@type":"ListItem","@id":"https:\/\/zoomserie.at\/en#listItem","name":"Zu Hause"}},{"@type":"ListItem","@id":"https:\/\/zoomserie.at\/en\/produktkategorie\/feiertage-und-besondere-anlaesse\/#listItem","position":3,"name":"Feiertage und besondere Anl\u00e4sse","item":"https:\/\/zoomserie.at\/en\/produktkategorie\/feiertage-und-besondere-anlaesse\/","nextItem":{"@type":"ListItem","@id":"https:\/\/zoomserie.at\/en\/produktkategorie\/feiertage-und-besondere-anlaesse\/weihnachten-und-neujahr\/#listItem","name":"Weihnachten und Neujahr"},"previousItem":{"@type":"ListItem","@id":"https:\/\/zoomserie.at\/en\/shop\/#listItem","name":"Shop"}},{"@type":"ListItem","@id":"https:\/\/zoomserie.at\/en\/produktkategorie\/feiertage-und-besondere-anlaesse\/weihnachten-und-neujahr\/#listItem","position":4,"name":"Weihnachten und Neujahr","item":"https:\/\/zoomserie.at\/en\/produktkategorie\/feiertage-und-besondere-anlaesse\/weihnachten-und-neujahr\/","nextItem":{"@type":"ListItem","@id":"https:\/\/zoomserie.at\/en\/produkt\/jubilaeumstablett-mini-kuchen-mittel\/#listItem","name":"Mini-Kuchen Box"},"previousItem":{"@type":"ListItem","@id":"https:\/\/zoomserie.at\/en\/produktkategorie\/feiertage-und-besondere-anlaesse\/#listItem","name":"Feiertage und besondere Anl\u00e4sse"}},{"@type":"ListItem","@id":"https:\/\/zoomserie.at\/en\/produkt\/jubilaeumstablett-mini-kuchen-mittel\/#listItem","position":5,"name":"Mini-Kuchen Box","previousItem":{"@type":"ListItem","@id":"https:\/\/zoomserie.at\/en\/produktkategorie\/feiertage-und-besondere-anlaesse\/weihnachten-und-neujahr\/#listItem","name":"Weihnachten und Neujahr"}}]},{"@type":"ItemPage","@id":"https:\/\/zoomserie.at\/en\/produkt\/jubilaeumstablett-mini-kuchen-mittel\/#itempage","url":"https:\/\/zoomserie.at\/en\/produkt\/jubilaeumstablett-mini-kuchen-mittel\/","name":"Mini-Kuchen Box \u25ba Zoomserie Wien","description":"Mini-Kuchen Box: 25 Mini-Kuchen in 5 verschiedenen Sorten: Mini White Choco, Fragola, Cremeschnitte, Biscotto und Caramela.","inLanguage":"en-US","isPartOf":{"@id":"https:\/\/zoomserie.at\/en\/#website"},"breadcrumb":{"@id":"https:\/\/zoomserie.at\/en\/produkt\/jubilaeumstablett-mini-kuchen-mittel\/#breadcrumblist"},"image":{"@type":"ImageObject","url":"https:\/\/zoomserie.at\/wp-content\/uploads\/2023\/11\/DSCF5983-300x300-1.jpg","@id":"https:\/\/zoomserie.at\/en\/produkt\/jubilaeumstablett-mini-kuchen-mittel\/#mainImage","width":300,"height":300},"primaryImageOfPage":{"@id":"https:\/\/zoomserie.at\/en\/produkt\/jubilaeumstablett-mini-kuchen-mittel\/#mainImage"},"datePublished":"2024-01-23T14:54:26+01:00","dateModified":"2024-06-13T09:13:24+02:00"},{"@type":"Organization","@id":"https:\/\/zoomserie.at\/en\/#organization","name":"Zoomserie Wien","description":"Zoomserie ist eine moderne Patisserie. Gegr\u00fcndet wurde sie 1981 im gebirgigen Norden Griechenlands als Eishersteller. Die lokalen Zutaten wie Milch, Butter und Eier bestimmten die Rezepte, und sehr schnell wurde das kleine l\u00e4ndliche Unternehmen zu einer nationalen Marke. Mit derselben Leidenschaft setzen wir unsere Arbeit fort, verwenden die nat\u00fcrlichsten Zutaten und kreieren neue Rezepte in den Bereichen Patisserie, Eiscreme und traditionelle Backwaren. Griechenland, ein ewiger Schnittpunkt kulinarischer Kulturen, beeinflusst unsere Produktpalette am st\u00e4rksten. Orientalisch sirupartige Aromen, franz\u00f6sische Haute-Desserts, italienisches Gelato sowie die neuesten Trends der internationalen Patisseriekunst lassen unser umfangreiches Produktsortiment auf dem Markt hervorstechen. Dar\u00fcber hinaus wurde unsere Leidenschaft und unser Augenmerk auf das Detail beim guten Kaffee mit einem Great Taste Award f\u00fcr unsere Specialty-Kaffees ausgezeichnet. Unsere Produkte finden Sie in den Zoomserie-Fachgesch\u00e4ften in Griechenland, Deutschland, \u00d6sterreich, Gro\u00dfbritannien und Rum\u00e4nien sowie bei ausgew\u00e4hlten Handelspartnern.","url":"https:\/\/zoomserie.at\/en\/","email":"kontakt@zoomserie.at","telephone":"+4367761781960","foundingDate":"1981-04-18","logo":{"@type":"ImageObject","url":"https:\/\/zoomserie.at\/wp-content\/uploads\/2023\/11\/logo_zoomserie-01.svg","@id":"https:\/\/zoomserie.at\/en\/produkt\/jubilaeumstablett-mini-kuchen-mittel\/#organizationLogo"},"image":{"@id":"https:\/\/zoomserie.at\/en\/produkt\/jubilaeumstablett-mini-kuchen-mittel\/#organizationLogo"},"sameAs":["https:\/\/www.facebook.com\/ZoomserieAustria","https:\/\/www.instagram.com\/zoomseriewien","https:\/\/www.tiktok.com\/@zoomserie.wien"],"address":{"@id":"https:\/\/zoomserie.at\/en\/#postaladdress","@type":"PostalAddress","streetAddress":"Gablenzgasse 11, Lugner City","postalCode":"1150","addressLocality":"Wien","addressCountry":"AT"},"taxID":"FN 617575 z","vatID":"ATU80436324"},{"@type":"WebPage","@id":"https:\/\/zoomserie.at\/en\/produkt\/jubilaeumstablett-mini-kuchen-mittel\/#webpage","url":"https:\/\/zoomserie.at\/en\/produkt\/jubilaeumstablett-mini-kuchen-mittel\/","name":"Mini-Kuchen Box \u25ba Zoomserie Wien","description":"Mini-Kuchen Box: 25 Mini-Kuchen in 5 verschiedenen Sorten: Mini White Choco, Fragola, Cremeschnitte, Biscotto und Caramela.","inLanguage":"en-US","isPartOf":{"@id":"https:\/\/zoomserie.at\/en\/#website"},"breadcrumb":{"@id":"https:\/\/zoomserie.at\/en\/produkt\/jubilaeumstablett-mini-kuchen-mittel\/#breadcrumblist"},"image":{"@type":"ImageObject","url":"https:\/\/zoomserie.at\/wp-content\/uploads\/2023\/11\/DSCF5983-300x300-1.jpg","@id":"https:\/\/zoomserie.at\/en\/produkt\/jubilaeumstablett-mini-kuchen-mittel\/#mainImage","width":300,"height":300},"primaryImageOfPage":{"@id":"https:\/\/zoomserie.at\/en\/produkt\/jubilaeumstablett-mini-kuchen-mittel\/#mainImage"},"datePublished":"2024-01-23T14:54:26+01:00","dateModified":"2024-06-13T09:13:24+02:00"},{"@type":"WebSite","@id":"https:\/\/zoomserie.at\/en\/#website","url":"https:\/\/zoomserie.at\/en\/","name":"Zoomserie Wien","description":"Zoomserie Wien, Torten Bestellen, Konditorei, Eis, Kaffee, Patisserie","inLanguage":"en-US","publisher":{"@id":"https:\/\/zoomserie.at\/en\/#organization"}}]},"og:locale":"en_US","og:site_name":"Zoomserie Wien \u25ba Zoomserie Wien, Torten Bestellen, Konditorei, Eis, Kaffee, Patisserie","og:type":"article","og:title":"Mini-Kuchen Box \u25ba Zoomserie Wien","og:description":"Mini-Kuchen Box: 25 Mini-Kuchen in 5 verschiedenen Sorten: Mini White Choco, Fragola, Cremeschnitte, Biscotto und Caramela.","og:url":"https:\/\/zoomserie.at\/en\/produkt\/jubilaeumstablett-mini-kuchen-mittel\/","og:image":"https:\/\/zoomserie.at\/wp-content\/uploads\/2023\/11\/logo_zoomserie-01.svg","og:image:secure_url":"https:\/\/zoomserie.at\/wp-content\/uploads\/2023\/11\/logo_zoomserie-01.svg","article:published_time":"2024-01-23T13:54:26+00:00","article:modified_time":"2024-06-13T07:13:24+00:00","article:publisher":"https:\/\/www.facebook.com\/ZoomserieAustria","twitter:card":"summary_large_image","twitter:title":"Mini-Kuchen Box \u25ba Zoomserie Wien","twitter:description":"Mini-Kuchen Box: 25 Mini-Kuchen in 5 verschiedenen Sorten: Mini White Choco, Fragola, Cremeschnitte, Biscotto und Caramela.","twitter:image":"https:\/\/zoomserie.at\/wp-content\/uploads\/2023\/11\/logo_zoomserie-01.svg"},"aioseo_meta_data":{"post_id":"1292","title":null,"description":null,"keywords":null,"keyphrases":{"focus":{"keyphrase":"Mini-Kuchen Box","score":92,"analysis":{"keyphraseInTitle":{"score":9,"maxScore":9,"error":0},"keyphraseInDescription":{"score":9,"maxScore":9,"error":0},"keyphraseLength":{"score":9,"maxScore":9,"error":0,"length":2},"keyphraseInURL":{"score":1,"maxScore":5,"error":1},"keyphraseInIntroduction":{"score":9,"maxScore":9,"error":0},"keyphraseInSubHeadings":[],"keyphraseInImageAlt":[],"keywordDensity":{"type":"best","score":9,"maxScore":9,"error":0}}},"additional":[]},"primary_term":null,"canonical_url":null,"og_title":null,"og_description":null,"og_object_type":"default","og_image_type":"default","og_image_url":null,"og_image_width":null,"og_image_height":null,"og_image_custom_url":null,"og_image_custom_fields":null,"og_video":"","og_custom_url":null,"og_article_section":null,"og_article_tags":null,"twitter_use_og":false,"twitter_card":"default","twitter_image_type":"default","twitter_image_url":null,"twitter_image_custom_url":null,"twitter_image_custom_fields":null,"twitter_title":null,"twitter_description":null,"schema":{"blockGraphs":[],"customGraphs":[],"default":{"data":{"Article":[],"Course":[],"Dataset":[],"FAQPage":[],"Movie":[],"Person":[],"Product":[],"ProductReview":[],"Car":[],"Recipe":[],"Service":[],"SoftwareApplication":[],"WebPage":[]},"graphName":"ItemPage","isEnabled":true},"graphs":[]},"schema_type":"default","schema_type_options":null,"pillar_content":false,"robots_default":true,"robots_noindex":false,"robots_noarchive":false,"robots_nosnippet":false,"robots_nofollow":false,"robots_noimageindex":false,"robots_noodp":false,"robots_notranslate":false,"robots_max_snippet":"-1","robots_max_videopreview":"-1","robots_max_imagepreview":"large","priority":null,"frequency":"default","local_seo":null,"seo_analyzer_scan_date":"2025-10-09 06:42:02","breadcrumb_settings":null,"limit_modified_date":false,"reviewed_by":null,"open_ai":"{\"title\":{\"suggestions\":[],\"usage\":0},\"description\":{\"suggestions\":[],\"usage\":0}}","ai":null,"created":"2024-02-09 14:16:15","updated":"2025-10-09 06:42:02"},"aioseo_breadcrumb":"<div class=\"aioseo-breadcrumbs\"><span class=\"aioseo-breadcrumb\">\n\t<a href=\"https:\/\/zoomserie.at\/en\" title=\"Zu Hause\">Zu Hause<\/a>\n<\/span><span class=\"aioseo-breadcrumb-separator\">&raquo;<\/span><span class=\"aioseo-breadcrumb\">\n\t<a href=\"https:\/\/zoomserie.at\/en\/shop\/\" title=\"Shop\">Shop<\/a>\n<\/span><span class=\"aioseo-breadcrumb-separator\">&raquo;<\/span><span class=\"aioseo-breadcrumb\">\n\t<a href=\"https:\/\/zoomserie.at\/en\/produktkategorie\/feiertage-und-besondere-anlaesse\/\" title=\"Feiertage und besondere Anl\u00e4sse\">Feiertage und besondere Anl\u00e4sse<\/a>\n<\/span><span class=\"aioseo-breadcrumb-separator\">&raquo;<\/span><span class=\"aioseo-breadcrumb\">\n\t<a href=\"https:\/\/zoomserie.at\/en\/produktkategorie\/feiertage-und-besondere-anlaesse\/weihnachten-und-neujahr\/\" title=\"Weihnachten und Neujahr\">Weihnachten und Neujahr<\/a>\n<\/span><span class=\"aioseo-breadcrumb-separator\">&raquo;<\/span><span class=\"aioseo-breadcrumb\">\n\tMini-Kuchen Box\n<\/span><\/div>","aioseo_breadcrumb_json":[{"label":"Zu Hause","link":"https:\/\/zoomserie.at\/en"},{"label":"Shop","link":"https:\/\/zoomserie.at\/en\/shop\/"},{"label":"Feiertage und besondere Anl\u00e4sse","link":"https:\/\/zoomserie.at\/en\/produktkategorie\/feiertage-und-besondere-anlaesse\/"},{"label":"Weihnachten und Neujahr","link":"https:\/\/zoomserie.at\/en\/produktkategorie\/feiertage-und-besondere-anlaesse\/weihnachten-und-neujahr\/"},{"label":"Mini-Kuchen Box","link":"https:\/\/zoomserie.at\/en\/produkt\/jubilaeumstablett-mini-kuchen-mittel\/"}],"_links":{"self":[{"href":"https:\/\/zoomserie.at\/en\/wp-json\/wp\/v2\/product\/1292","targetHints":{"allow":["GET"]}}],"collection":[{"href":"https:\/\/zoomserie.at\/en\/wp-json\/wp\/v2\/product"}],"about":[{"href":"https:\/\/zoomserie.at\/en\/wp-json\/wp\/v2\/types\/product"}],"replies":[{"embeddable":true,"href":"https:\/\/zoomserie.at\/en\/wp-json\/wp\/v2\/comments?post=1292"}],"wp:featuredmedia":[{"embeddable":true,"href":"https:\/\/zoomserie.at\/en\/wp-json\/wp\/v2\/media\/94"}],"wp:attachment":[{"href":"https:\/\/zoomserie.at\/en\/wp-json\/wp\/v2\/media?parent=1292"}],"wp:term":[{"taxonomy":"product_brand","embeddable":true,"href":"https:\/\/zoomserie.at\/en\/wp-json\/wp\/v2\/product_brand?post=1292"},{"taxonomy":"product_cat","embeddable":true,"href":"https:\/\/zoomserie.at\/en\/wp-json\/wp\/v2\/product_cat?post=1292"},{"taxonomy":"product_tag","embeddable":true,"href":"https:\/\/zoomserie.at\/en\/wp-json\/wp\/v2\/product_tag?post=1292"}],"curies":[{"name":"wp","href":"https:\/\/api.w.org\/{rel}","templated":true}]}}