{"id":1293,"date":"2024-01-23T14:54:27","date_gmt":"2024-01-23T13:54:27","guid":{"rendered":"https:\/\/zoomserie.at\/produkt\/schokolade-candy-box-2\/"},"modified":"2024-03-01T18:05:55","modified_gmt":"2024-03-01T17:05:55","slug":"chocolate-candy-box","status":"publish","type":"product","link":"https:\/\/zoomserie.at\/en\/produkt\/schokolade-candy-box\/","title":{"rendered":"Chocolate Candy Box"},"content":{"rendered":"<p>Present Chocolate Candy Box as an exquisite gift for your loved ones or for gourmets of delicate desserts. In this carefully curated box you will find 4 of our candies, each with different fillings and flavors, a total of 24 pieces in one box. The Chocolate Candy Box includes: chocolate pyramids and pralines, chocolate cookies, white chocolate and almonds, dark chocolate with caramel.<\/p>\n<p>For those who would like an individual selection or a larger quantity, we are at your disposal. Contact us to find the perfect one for you.<\/p>\n<p>Choose a chocolate box with Belgian chocolate and a variety of fillings, perfect as a gift or for your personal enjoyment at any time.<\/p>","protected":false},"excerpt":{"rendered":"<p>The Chocolate Candy Box, with 24 chocolate treats, weighs around 550 grams - the ideal gift for gourmets of sweet treats.<\/p>","protected":false},"featured_media":98,"comment_status":"closed","ping_status":"closed","template":"","meta":{"_monsterinsights_skip_tracking":false,"_monsterinsights_sitenote_active":false,"_monsterinsights_sitenote_note":"","_monsterinsights_sitenote_category":0},"product_brand":[],"product_cat":[29,35,17,19],"product_tag":[36,37,38],"class_list":{"0":"post-1293","1":"product","2":"type-product","3":"status-publish","4":"has-post-thumbnail","6":"product_cat-platten","7":"product_cat-schokolade","8":"product_cat-urlaubsgeschenke","9":"product_cat-weihnachten-und-neujahr","10":"product_tag-pralinen","11":"product_tag-pralinenschachtel","12":"product_tag-schachtel-mini-kuchen","14":"first","15":"instock","16":"taxable","17":"shipping-taxable","18":"purchasable","19":"product-type-simple"},"aioseo_notices":[],"aioseo_head":"\n\t\t<!-- All in One SEO Pro 4.9.6.2 - aioseo.com -->\n\t<meta name=\"description\" content=\"Die Chocolate Candy Box, mit 24 Schokoladen-Leckerbissen, wiegt etwa 550 Gramm \u2013 das ideale Geschenk f\u00fcr Feinschmecker von s\u00fc\u00dfen Gen\u00fcssen.\" \/>\n\t<meta name=\"robots\" content=\"max-image-preview:large\" \/>\n\t<link rel=\"canonical\" href=\"https:\/\/zoomserie.at\/en\/produkt\/schokolade-candy-box\/\" \/>\n\t<meta name=\"generator\" content=\"All in One SEO Pro (AIOSEO) 4.9.6.2\" \/>\n\t\t<meta property=\"og:locale\" content=\"en_US\" \/>\n\t\t<meta property=\"og:site_name\" content=\"Zoomserie Wien \u25ba Zoomserie Wien, Torten Bestellen, Konditorei, Eis, Kaffee, Patisserie\" \/>\n\t\t<meta property=\"og:type\" content=\"article\" \/>\n\t\t<meta property=\"og:title\" content=\"Chocolate Candy Box \u25ba Zoomserie Wien\" \/>\n\t\t<meta property=\"og:description\" content=\"Die Chocolate Candy Box, mit 24 Schokoladen-Leckerbissen, wiegt etwa 550 Gramm \u2013 das ideale Geschenk f\u00fcr Feinschmecker von s\u00fc\u00dfen Gen\u00fcssen.\" \/>\n\t\t<meta property=\"og:url\" content=\"https:\/\/zoomserie.at\/en\/produkt\/schokolade-candy-box\/\" \/>\n\t\t<meta property=\"og:image\" content=\"https:\/\/zoomserie.at\/wp-content\/uploads\/2023\/11\/logo_zoomserie-01.svg\" \/>\n\t\t<meta property=\"og:image:secure_url\" content=\"https:\/\/zoomserie.at\/wp-content\/uploads\/2023\/11\/logo_zoomserie-01.svg\" \/>\n\t\t<meta property=\"article:published_time\" content=\"2024-01-23T13:54:27+00:00\" \/>\n\t\t<meta property=\"article:modified_time\" content=\"2024-03-01T17:05:55+00:00\" \/>\n\t\t<meta property=\"article:publisher\" content=\"https:\/\/www.facebook.com\/ZoomserieAustria\" \/>\n\t\t<meta name=\"twitter:card\" content=\"summary_large_image\" \/>\n\t\t<meta name=\"twitter:title\" content=\"Chocolate Candy Box \u25ba Zoomserie Wien\" \/>\n\t\t<meta name=\"twitter:description\" content=\"Die Chocolate Candy Box, mit 24 Schokoladen-Leckerbissen, wiegt etwa 550 Gramm \u2013 das ideale Geschenk f\u00fcr Feinschmecker von s\u00fc\u00dfen Gen\u00fcssen.\" \/>\n\t\t<meta name=\"twitter:image\" content=\"https:\/\/zoomserie.at\/wp-content\/uploads\/2023\/11\/logo_zoomserie-01.svg\" \/>\n\t\t<script type=\"application\/ld+json\" class=\"aioseo-schema\">\n\t\t\t{\"@context\":\"https:\\\/\\\/schema.org\",\"@graph\":[{\"@type\":\"BreadcrumbList\",\"@id\":\"https:\\\/\\\/zoomserie.at\\\/en\\\/produkt\\\/schokolade-candy-box\\\/#breadcrumblist\",\"itemListElement\":[{\"@type\":\"ListItem\",\"@id\":\"https:\\\/\\\/zoomserie.at\\\/en#listItem\",\"position\":1,\"name\":\"Zu Hause\",\"item\":\"https:\\\/\\\/zoomserie.at\\\/en\",\"nextItem\":{\"@type\":\"ListItem\",\"@id\":\"https:\\\/\\\/zoomserie.at\\\/en\\\/shop\\\/#listItem\",\"name\":\"Shop\"}},{\"@type\":\"ListItem\",\"@id\":\"https:\\\/\\\/zoomserie.at\\\/en\\\/shop\\\/#listItem\",\"position\":2,\"name\":\"Shop\",\"item\":\"https:\\\/\\\/zoomserie.at\\\/en\\\/shop\\\/\",\"nextItem\":{\"@type\":\"ListItem\",\"@id\":\"https:\\\/\\\/zoomserie.at\\\/en\\\/produktkategorie\\\/feiertage-und-besondere-anlaesse\\\/#listItem\",\"name\":\"Feiertage und besondere Anl\\u00e4sse\"},\"previousItem\":{\"@type\":\"ListItem\",\"@id\":\"https:\\\/\\\/zoomserie.at\\\/en#listItem\",\"name\":\"Zu Hause\"}},{\"@type\":\"ListItem\",\"@id\":\"https:\\\/\\\/zoomserie.at\\\/en\\\/produktkategorie\\\/feiertage-und-besondere-anlaesse\\\/#listItem\",\"position\":3,\"name\":\"Feiertage und besondere Anl\\u00e4sse\",\"item\":\"https:\\\/\\\/zoomserie.at\\\/en\\\/produktkategorie\\\/feiertage-und-besondere-anlaesse\\\/\",\"nextItem\":{\"@type\":\"ListItem\",\"@id\":\"https:\\\/\\\/zoomserie.at\\\/en\\\/produktkategorie\\\/feiertage-und-besondere-anlaesse\\\/weihnachten-und-neujahr\\\/#listItem\",\"name\":\"Weihnachten und Neujahr\"},\"previousItem\":{\"@type\":\"ListItem\",\"@id\":\"https:\\\/\\\/zoomserie.at\\\/en\\\/shop\\\/#listItem\",\"name\":\"Shop\"}},{\"@type\":\"ListItem\",\"@id\":\"https:\\\/\\\/zoomserie.at\\\/en\\\/produktkategorie\\\/feiertage-und-besondere-anlaesse\\\/weihnachten-und-neujahr\\\/#listItem\",\"position\":4,\"name\":\"Weihnachten und Neujahr\",\"item\":\"https:\\\/\\\/zoomserie.at\\\/en\\\/produktkategorie\\\/feiertage-und-besondere-anlaesse\\\/weihnachten-und-neujahr\\\/\",\"nextItem\":{\"@type\":\"ListItem\",\"@id\":\"https:\\\/\\\/zoomserie.at\\\/en\\\/produkt\\\/schokolade-candy-box\\\/#listItem\",\"name\":\"Chocolate Candy Box\"},\"previousItem\":{\"@type\":\"ListItem\",\"@id\":\"https:\\\/\\\/zoomserie.at\\\/en\\\/produktkategorie\\\/feiertage-und-besondere-anlaesse\\\/#listItem\",\"name\":\"Feiertage und besondere Anl\\u00e4sse\"}},{\"@type\":\"ListItem\",\"@id\":\"https:\\\/\\\/zoomserie.at\\\/en\\\/produkt\\\/schokolade-candy-box\\\/#listItem\",\"position\":5,\"name\":\"Chocolate Candy Box\",\"previousItem\":{\"@type\":\"ListItem\",\"@id\":\"https:\\\/\\\/zoomserie.at\\\/en\\\/produktkategorie\\\/feiertage-und-besondere-anlaesse\\\/weihnachten-und-neujahr\\\/#listItem\",\"name\":\"Weihnachten und Neujahr\"}}]},{\"@type\":\"ItemPage\",\"@id\":\"https:\\\/\\\/zoomserie.at\\\/en\\\/produkt\\\/schokolade-candy-box\\\/#itempage\",\"url\":\"https:\\\/\\\/zoomserie.at\\\/en\\\/produkt\\\/schokolade-candy-box\\\/\",\"name\":\"Chocolate Candy Box \\u25ba Zoomserie Wien\",\"description\":\"Die Chocolate Candy Box, mit 24 Schokoladen-Leckerbissen, wiegt etwa 550 Gramm \\u2013 das ideale Geschenk f\\u00fcr Feinschmecker von s\\u00fc\\u00dfen Gen\\u00fcssen.\",\"inLanguage\":\"en-US\",\"isPartOf\":{\"@id\":\"https:\\\/\\\/zoomserie.at\\\/en\\\/#website\"},\"breadcrumb\":{\"@id\":\"https:\\\/\\\/zoomserie.at\\\/en\\\/produkt\\\/schokolade-candy-box\\\/#breadcrumblist\"},\"image\":{\"@type\":\"ImageObject\",\"url\":\"https:\\\/\\\/zoomserie.at\\\/wp-content\\\/uploads\\\/2023\\\/11\\\/mini-treat-bonbons-2-scaled-1.jpg\",\"@id\":\"https:\\\/\\\/zoomserie.at\\\/en\\\/produkt\\\/schokolade-candy-box\\\/#mainImage\",\"width\":2560,\"height\":1708},\"primaryImageOfPage\":{\"@id\":\"https:\\\/\\\/zoomserie.at\\\/en\\\/produkt\\\/schokolade-candy-box\\\/#mainImage\"},\"datePublished\":\"2024-01-23T14:54:27+01:00\",\"dateModified\":\"2024-03-01T18:05:55+01:00\"},{\"@type\":\"Organization\",\"@id\":\"https:\\\/\\\/zoomserie.at\\\/en\\\/#organization\",\"name\":\"Zoomserie Wien\",\"description\":\"Zoomserie ist eine moderne Patisserie. Gegr\\u00fcndet wurde sie 1981 im gebirgigen Norden Griechenlands als Eishersteller. Die lokalen Zutaten wie Milch, Butter und Eier bestimmten die Rezepte, und sehr schnell wurde das kleine l\\u00e4ndliche Unternehmen zu einer nationalen Marke. Mit derselben Leidenschaft setzen wir unsere Arbeit fort, verwenden die nat\\u00fcrlichsten Zutaten und kreieren neue Rezepte in den Bereichen Patisserie, Eiscreme und traditionelle Backwaren. Griechenland, ein ewiger Schnittpunkt kulinarischer Kulturen, beeinflusst unsere Produktpalette am st\\u00e4rksten. Orientalisch sirupartige Aromen, franz\\u00f6sische Haute-Desserts, italienisches Gelato sowie die neuesten Trends der internationalen Patisseriekunst lassen unser umfangreiches Produktsortiment auf dem Markt hervorstechen. Dar\\u00fcber hinaus wurde unsere Leidenschaft und unser Augenmerk auf das Detail beim guten Kaffee mit einem Great Taste Award f\\u00fcr unsere Specialty-Kaffees ausgezeichnet. Unsere Produkte finden Sie in den Zoomserie-Fachgesch\\u00e4ften in Griechenland, Deutschland, \\u00d6sterreich, Gro\\u00dfbritannien und Rum\\u00e4nien sowie bei ausgew\\u00e4hlten Handelspartnern.\",\"url\":\"https:\\\/\\\/zoomserie.at\\\/en\\\/\",\"email\":\"kontakt@zoomserie.at\",\"telephone\":\"+4367761781960\",\"foundingDate\":\"1981-04-18\",\"logo\":{\"@type\":\"ImageObject\",\"url\":\"https:\\\/\\\/zoomserie.at\\\/wp-content\\\/uploads\\\/2023\\\/11\\\/logo_zoomserie-01.svg\",\"@id\":\"https:\\\/\\\/zoomserie.at\\\/en\\\/produkt\\\/schokolade-candy-box\\\/#organizationLogo\"},\"image\":{\"@id\":\"https:\\\/\\\/zoomserie.at\\\/en\\\/produkt\\\/schokolade-candy-box\\\/#organizationLogo\"},\"sameAs\":[\"https:\\\/\\\/www.facebook.com\\\/ZoomserieAustria\",\"https:\\\/\\\/www.instagram.com\\\/zoomseriewien\",\"https:\\\/\\\/www.tiktok.com\\\/@zoomserie.wien\"],\"address\":{\"@id\":\"https:\\\/\\\/zoomserie.at\\\/en\\\/#postaladdress\",\"@type\":\"PostalAddress\",\"streetAddress\":\"Gablenzgasse 11, Lugner City\",\"postalCode\":\"1150\",\"addressLocality\":\"Wien\",\"addressCountry\":\"AT\"},\"taxID\":\"FN 617575 z\",\"vatID\":\"ATU80436324\"},{\"@type\":\"WebPage\",\"@id\":\"https:\\\/\\\/zoomserie.at\\\/en\\\/produkt\\\/schokolade-candy-box\\\/#webpage\",\"url\":\"https:\\\/\\\/zoomserie.at\\\/en\\\/produkt\\\/schokolade-candy-box\\\/\",\"name\":\"Chocolate Candy Box \\u25ba Zoomserie Wien\",\"description\":\"Die Chocolate Candy Box, mit 24 Schokoladen-Leckerbissen, wiegt etwa 550 Gramm \\u2013 das ideale Geschenk f\\u00fcr Feinschmecker von s\\u00fc\\u00dfen Gen\\u00fcssen.\",\"inLanguage\":\"en-US\",\"isPartOf\":{\"@id\":\"https:\\\/\\\/zoomserie.at\\\/en\\\/#website\"},\"breadcrumb\":{\"@id\":\"https:\\\/\\\/zoomserie.at\\\/en\\\/produkt\\\/schokolade-candy-box\\\/#breadcrumblist\"},\"image\":{\"@type\":\"ImageObject\",\"url\":\"https:\\\/\\\/zoomserie.at\\\/wp-content\\\/uploads\\\/2023\\\/11\\\/mini-treat-bonbons-2-scaled-1.jpg\",\"@id\":\"https:\\\/\\\/zoomserie.at\\\/en\\\/produkt\\\/schokolade-candy-box\\\/#mainImage\",\"width\":2560,\"height\":1708},\"primaryImageOfPage\":{\"@id\":\"https:\\\/\\\/zoomserie.at\\\/en\\\/produkt\\\/schokolade-candy-box\\\/#mainImage\"},\"datePublished\":\"2024-01-23T14:54:27+01:00\",\"dateModified\":\"2024-03-01T18:05:55+01:00\"},{\"@type\":\"WebSite\",\"@id\":\"https:\\\/\\\/zoomserie.at\\\/en\\\/#website\",\"url\":\"https:\\\/\\\/zoomserie.at\\\/en\\\/\",\"name\":\"Zoomserie Wien\",\"description\":\"Zoomserie Wien, Torten Bestellen, Konditorei, Eis, Kaffee, Patisserie\",\"inLanguage\":\"en-US\",\"publisher\":{\"@id\":\"https:\\\/\\\/zoomserie.at\\\/en\\\/#organization\"}}]}\n\t\t<\/script>\n\t\t<!-- All in One SEO Pro -->\r\n\t\t<title>Chocolate Candy Box \u25ba Zoomserie Wien<\/title>\n\n","aioseo_head_json":{"title":"Chocolate Candy Box \u25ba Zoomserie Vienna","description":"The Chocolate Candy Box, with 24 chocolate treats, weighs around 550 grams - the ideal gift for gourmets of sweet treats.","canonical_url":"https:\/\/zoomserie.at\/en\/produkt\/schokolade-candy-box\/","robots":"max-image-preview:large","keywords":"","webmasterTools":{"miscellaneous":""},"schema":{"@context":"https:\/\/schema.org","@graph":[{"@type":"BreadcrumbList","@id":"https:\/\/zoomserie.at\/en\/produkt\/schokolade-candy-box\/#breadcrumblist","itemListElement":[{"@type":"ListItem","@id":"https:\/\/zoomserie.at\/en#listItem","position":1,"name":"Zu Hause","item":"https:\/\/zoomserie.at\/en","nextItem":{"@type":"ListItem","@id":"https:\/\/zoomserie.at\/en\/shop\/#listItem","name":"Shop"}},{"@type":"ListItem","@id":"https:\/\/zoomserie.at\/en\/shop\/#listItem","position":2,"name":"Shop","item":"https:\/\/zoomserie.at\/en\/shop\/","nextItem":{"@type":"ListItem","@id":"https:\/\/zoomserie.at\/en\/produktkategorie\/feiertage-und-besondere-anlaesse\/#listItem","name":"Feiertage und besondere Anl\u00e4sse"},"previousItem":{"@type":"ListItem","@id":"https:\/\/zoomserie.at\/en#listItem","name":"Zu Hause"}},{"@type":"ListItem","@id":"https:\/\/zoomserie.at\/en\/produktkategorie\/feiertage-und-besondere-anlaesse\/#listItem","position":3,"name":"Feiertage und besondere Anl\u00e4sse","item":"https:\/\/zoomserie.at\/en\/produktkategorie\/feiertage-und-besondere-anlaesse\/","nextItem":{"@type":"ListItem","@id":"https:\/\/zoomserie.at\/en\/produktkategorie\/feiertage-und-besondere-anlaesse\/weihnachten-und-neujahr\/#listItem","name":"Weihnachten und Neujahr"},"previousItem":{"@type":"ListItem","@id":"https:\/\/zoomserie.at\/en\/shop\/#listItem","name":"Shop"}},{"@type":"ListItem","@id":"https:\/\/zoomserie.at\/en\/produktkategorie\/feiertage-und-besondere-anlaesse\/weihnachten-und-neujahr\/#listItem","position":4,"name":"Weihnachten und Neujahr","item":"https:\/\/zoomserie.at\/en\/produktkategorie\/feiertage-und-besondere-anlaesse\/weihnachten-und-neujahr\/","nextItem":{"@type":"ListItem","@id":"https:\/\/zoomserie.at\/en\/produkt\/schokolade-candy-box\/#listItem","name":"Chocolate Candy Box"},"previousItem":{"@type":"ListItem","@id":"https:\/\/zoomserie.at\/en\/produktkategorie\/feiertage-und-besondere-anlaesse\/#listItem","name":"Feiertage und besondere Anl\u00e4sse"}},{"@type":"ListItem","@id":"https:\/\/zoomserie.at\/en\/produkt\/schokolade-candy-box\/#listItem","position":5,"name":"Chocolate Candy Box","previousItem":{"@type":"ListItem","@id":"https:\/\/zoomserie.at\/en\/produktkategorie\/feiertage-und-besondere-anlaesse\/weihnachten-und-neujahr\/#listItem","name":"Weihnachten und Neujahr"}}]},{"@type":"ItemPage","@id":"https:\/\/zoomserie.at\/en\/produkt\/schokolade-candy-box\/#itempage","url":"https:\/\/zoomserie.at\/en\/produkt\/schokolade-candy-box\/","name":"Chocolate Candy Box \u25ba Zoomserie Wien","description":"Die Chocolate Candy Box, mit 24 Schokoladen-Leckerbissen, wiegt etwa 550 Gramm \u2013 das ideale Geschenk f\u00fcr Feinschmecker von s\u00fc\u00dfen Gen\u00fcssen.","inLanguage":"en-US","isPartOf":{"@id":"https:\/\/zoomserie.at\/en\/#website"},"breadcrumb":{"@id":"https:\/\/zoomserie.at\/en\/produkt\/schokolade-candy-box\/#breadcrumblist"},"image":{"@type":"ImageObject","url":"https:\/\/zoomserie.at\/wp-content\/uploads\/2023\/11\/mini-treat-bonbons-2-scaled-1.jpg","@id":"https:\/\/zoomserie.at\/en\/produkt\/schokolade-candy-box\/#mainImage","width":2560,"height":1708},"primaryImageOfPage":{"@id":"https:\/\/zoomserie.at\/en\/produkt\/schokolade-candy-box\/#mainImage"},"datePublished":"2024-01-23T14:54:27+01:00","dateModified":"2024-03-01T18:05:55+01:00"},{"@type":"Organization","@id":"https:\/\/zoomserie.at\/en\/#organization","name":"Zoomserie Wien","description":"Zoomserie ist eine moderne Patisserie. Gegr\u00fcndet wurde sie 1981 im gebirgigen Norden Griechenlands als Eishersteller. Die lokalen Zutaten wie Milch, Butter und Eier bestimmten die Rezepte, und sehr schnell wurde das kleine l\u00e4ndliche Unternehmen zu einer nationalen Marke. Mit derselben Leidenschaft setzen wir unsere Arbeit fort, verwenden die nat\u00fcrlichsten Zutaten und kreieren neue Rezepte in den Bereichen Patisserie, Eiscreme und traditionelle Backwaren. Griechenland, ein ewiger Schnittpunkt kulinarischer Kulturen, beeinflusst unsere Produktpalette am st\u00e4rksten. Orientalisch sirupartige Aromen, franz\u00f6sische Haute-Desserts, italienisches Gelato sowie die neuesten Trends der internationalen Patisseriekunst lassen unser umfangreiches Produktsortiment auf dem Markt hervorstechen. Dar\u00fcber hinaus wurde unsere Leidenschaft und unser Augenmerk auf das Detail beim guten Kaffee mit einem Great Taste Award f\u00fcr unsere Specialty-Kaffees ausgezeichnet. Unsere Produkte finden Sie in den Zoomserie-Fachgesch\u00e4ften in Griechenland, Deutschland, \u00d6sterreich, Gro\u00dfbritannien und Rum\u00e4nien sowie bei ausgew\u00e4hlten Handelspartnern.","url":"https:\/\/zoomserie.at\/en\/","email":"kontakt@zoomserie.at","telephone":"+4367761781960","foundingDate":"1981-04-18","logo":{"@type":"ImageObject","url":"https:\/\/zoomserie.at\/wp-content\/uploads\/2023\/11\/logo_zoomserie-01.svg","@id":"https:\/\/zoomserie.at\/en\/produkt\/schokolade-candy-box\/#organizationLogo"},"image":{"@id":"https:\/\/zoomserie.at\/en\/produkt\/schokolade-candy-box\/#organizationLogo"},"sameAs":["https:\/\/www.facebook.com\/ZoomserieAustria","https:\/\/www.instagram.com\/zoomseriewien","https:\/\/www.tiktok.com\/@zoomserie.wien"],"address":{"@id":"https:\/\/zoomserie.at\/en\/#postaladdress","@type":"PostalAddress","streetAddress":"Gablenzgasse 11, Lugner City","postalCode":"1150","addressLocality":"Wien","addressCountry":"AT"},"taxID":"FN 617575 z","vatID":"ATU80436324"},{"@type":"WebPage","@id":"https:\/\/zoomserie.at\/en\/produkt\/schokolade-candy-box\/#webpage","url":"https:\/\/zoomserie.at\/en\/produkt\/schokolade-candy-box\/","name":"Chocolate Candy Box \u25ba Zoomserie Wien","description":"Die Chocolate Candy Box, mit 24 Schokoladen-Leckerbissen, wiegt etwa 550 Gramm \u2013 das ideale Geschenk f\u00fcr Feinschmecker von s\u00fc\u00dfen Gen\u00fcssen.","inLanguage":"en-US","isPartOf":{"@id":"https:\/\/zoomserie.at\/en\/#website"},"breadcrumb":{"@id":"https:\/\/zoomserie.at\/en\/produkt\/schokolade-candy-box\/#breadcrumblist"},"image":{"@type":"ImageObject","url":"https:\/\/zoomserie.at\/wp-content\/uploads\/2023\/11\/mini-treat-bonbons-2-scaled-1.jpg","@id":"https:\/\/zoomserie.at\/en\/produkt\/schokolade-candy-box\/#mainImage","width":2560,"height":1708},"primaryImageOfPage":{"@id":"https:\/\/zoomserie.at\/en\/produkt\/schokolade-candy-box\/#mainImage"},"datePublished":"2024-01-23T14:54:27+01:00","dateModified":"2024-03-01T18:05:55+01:00"},{"@type":"WebSite","@id":"https:\/\/zoomserie.at\/en\/#website","url":"https:\/\/zoomserie.at\/en\/","name":"Zoomserie Wien","description":"Zoomserie Wien, Torten Bestellen, Konditorei, Eis, Kaffee, Patisserie","inLanguage":"en-US","publisher":{"@id":"https:\/\/zoomserie.at\/en\/#organization"}}]},"og:locale":"en_US","og:site_name":"Zoomserie Wien \u25ba Zoomserie Wien, Torten Bestellen, Konditorei, Eis, Kaffee, Patisserie","og:type":"article","og:title":"Chocolate Candy Box \u25ba Zoomserie Wien","og:description":"Die Chocolate Candy Box, mit 24 Schokoladen-Leckerbissen, wiegt etwa 550 Gramm \u2013 das ideale Geschenk f\u00fcr Feinschmecker von s\u00fc\u00dfen Gen\u00fcssen.","og:url":"https:\/\/zoomserie.at\/en\/produkt\/schokolade-candy-box\/","og:image":"https:\/\/zoomserie.at\/wp-content\/uploads\/2023\/11\/logo_zoomserie-01.svg","og:image:secure_url":"https:\/\/zoomserie.at\/wp-content\/uploads\/2023\/11\/logo_zoomserie-01.svg","article:published_time":"2024-01-23T13:54:27+00:00","article:modified_time":"2024-03-01T17:05:55+00:00","article:publisher":"https:\/\/www.facebook.com\/ZoomserieAustria","twitter:card":"summary_large_image","twitter:title":"Chocolate Candy Box \u25ba Zoomserie Wien","twitter:description":"Die Chocolate Candy Box, mit 24 Schokoladen-Leckerbissen, wiegt etwa 550 Gramm \u2013 das ideale Geschenk f\u00fcr Feinschmecker von s\u00fc\u00dfen Gen\u00fcssen.","twitter:image":"https:\/\/zoomserie.at\/wp-content\/uploads\/2023\/11\/logo_zoomserie-01.svg"},"aioseo_meta_data":{"post_id":"1293","title":null,"description":null,"keywords":[],"keyphrases":{"focus":{"keyphrase":"Chocolate Candy Box","score":92,"analysis":{"keyphraseInTitle":{"score":9,"maxScore":9,"error":0},"keyphraseInDescription":{"score":9,"maxScore":9,"error":0},"keyphraseLength":{"score":9,"maxScore":9,"error":0,"length":3},"keyphraseInURL":{"score":1,"maxScore":5,"error":1},"keyphraseInIntroduction":{"score":9,"maxScore":9,"error":0},"keyphraseInSubHeadings":[],"keyphraseInImageAlt":[],"keywordDensity":{"type":"best","score":9,"maxScore":9,"error":0}}},"additional":[]},"primary_term":null,"canonical_url":null,"og_title":null,"og_description":null,"og_object_type":"default","og_image_type":"default","og_image_url":null,"og_image_width":null,"og_image_height":null,"og_image_custom_url":null,"og_image_custom_fields":null,"og_video":"","og_custom_url":null,"og_article_section":null,"og_article_tags":[],"twitter_use_og":false,"twitter_card":"default","twitter_image_type":"default","twitter_image_url":null,"twitter_image_custom_url":null,"twitter_image_custom_fields":null,"twitter_title":null,"twitter_description":null,"schema":{"blockGraphs":[],"customGraphs":[],"default":{"data":{"Article":[],"Course":[],"Dataset":[],"FAQPage":[],"Movie":[],"Person":[],"Product":[],"ProductReview":[],"Car":[],"Recipe":[],"Service":[],"SoftwareApplication":[],"WebPage":[]},"graphName":"ItemPage","isEnabled":true},"graphs":[]},"schema_type":"default","schema_type_options":null,"pillar_content":false,"robots_default":true,"robots_noindex":false,"robots_noarchive":false,"robots_nosnippet":false,"robots_nofollow":false,"robots_noimageindex":false,"robots_noodp":false,"robots_notranslate":false,"robots_max_snippet":"-1","robots_max_videopreview":"-1","robots_max_imagepreview":"large","priority":null,"frequency":"default","local_seo":null,"seo_analyzer_scan_date":"2025-10-09 06:42:03","breadcrumb_settings":null,"limit_modified_date":false,"reviewed_by":null,"open_ai":"{\"title\":{\"suggestions\":[],\"usage\":0},\"description\":{\"suggestions\":[],\"usage\":0}}","ai":null,"created":"2024-02-09 14:16:15","updated":"2025-10-09 06:42:03"},"aioseo_breadcrumb":"<div class=\"aioseo-breadcrumbs\"><span class=\"aioseo-breadcrumb\">\n\t<a href=\"https:\/\/zoomserie.at\/en\" title=\"Zu Hause\">Zu Hause<\/a>\n<\/span><span class=\"aioseo-breadcrumb-separator\">&raquo;<\/span><span class=\"aioseo-breadcrumb\">\n\t<a href=\"https:\/\/zoomserie.at\/en\/shop\/\" title=\"Shop\">Shop<\/a>\n<\/span><span class=\"aioseo-breadcrumb-separator\">&raquo;<\/span><span class=\"aioseo-breadcrumb\">\n\t<a href=\"https:\/\/zoomserie.at\/en\/produktkategorie\/feiertage-und-besondere-anlaesse\/\" title=\"Feiertage und besondere Anl\u00e4sse\">Feiertage und besondere Anl\u00e4sse<\/a>\n<\/span><span class=\"aioseo-breadcrumb-separator\">&raquo;<\/span><span class=\"aioseo-breadcrumb\">\n\t<a href=\"https:\/\/zoomserie.at\/en\/produktkategorie\/feiertage-und-besondere-anlaesse\/weihnachten-und-neujahr\/\" title=\"Weihnachten und Neujahr\">Weihnachten und Neujahr<\/a>\n<\/span><span class=\"aioseo-breadcrumb-separator\">&raquo;<\/span><span class=\"aioseo-breadcrumb\">\n\tChocolate Candy Box\n<\/span><\/div>","aioseo_breadcrumb_json":[{"label":"Zu Hause","link":"https:\/\/zoomserie.at\/en"},{"label":"Shop","link":"https:\/\/zoomserie.at\/en\/shop\/"},{"label":"Feiertage und besondere Anl\u00e4sse","link":"https:\/\/zoomserie.at\/en\/produktkategorie\/feiertage-und-besondere-anlaesse\/"},{"label":"Weihnachten und Neujahr","link":"https:\/\/zoomserie.at\/en\/produktkategorie\/feiertage-und-besondere-anlaesse\/weihnachten-und-neujahr\/"},{"label":"Chocolate Candy Box","link":"https:\/\/zoomserie.at\/en\/produkt\/schokolade-candy-box\/"}],"_links":{"self":[{"href":"https:\/\/zoomserie.at\/en\/wp-json\/wp\/v2\/product\/1293","targetHints":{"allow":["GET"]}}],"collection":[{"href":"https:\/\/zoomserie.at\/en\/wp-json\/wp\/v2\/product"}],"about":[{"href":"https:\/\/zoomserie.at\/en\/wp-json\/wp\/v2\/types\/product"}],"replies":[{"embeddable":true,"href":"https:\/\/zoomserie.at\/en\/wp-json\/wp\/v2\/comments?post=1293"}],"wp:featuredmedia":[{"embeddable":true,"href":"https:\/\/zoomserie.at\/en\/wp-json\/wp\/v2\/media\/98"}],"wp:attachment":[{"href":"https:\/\/zoomserie.at\/en\/wp-json\/wp\/v2\/media?parent=1293"}],"wp:term":[{"taxonomy":"product_brand","embeddable":true,"href":"https:\/\/zoomserie.at\/en\/wp-json\/wp\/v2\/product_brand?post=1293"},{"taxonomy":"product_cat","embeddable":true,"href":"https:\/\/zoomserie.at\/en\/wp-json\/wp\/v2\/product_cat?post=1293"},{"taxonomy":"product_tag","embeddable":true,"href":"https:\/\/zoomserie.at\/en\/wp-json\/wp\/v2\/product_tag?post=1293"}],"curies":[{"name":"wp","href":"https:\/\/api.w.org\/{rel}","templated":true}]}}