{"id":1572,"date":"2024-02-21T07:07:25","date_gmt":"2024-02-21T06:07:25","guid":{"rendered":"https:\/\/zoomserie.at\/?post_type=product&#038;p=1572"},"modified":"2024-02-29T06:40:37","modified_gmt":"2024-02-29T05:40:37","slug":"cafe-frappe","status":"publish","type":"product","link":"https:\/\/zoomserie.at\/en\/produkt\/cafe-frappe\/","title":{"rendered":"Cafe Frappe"},"content":{"rendered":"<p>The authentic Cafe Frappe. The most iconic Greek iced coffee, associated with long relaxing moments by the Greek sea and with the birthplace of our brand, Thessaloniki. For the preparation we only use the real instant coffee that is needed. You can enjoy it with or without milk and of course with the sweetness you prefer: sweet, medium or no sugar. It is the strongest coffee we have in our coffee range and of course the most refreshing of all.<\/p>","protected":false},"excerpt":{"rendered":"<p>The authentic Cafe Frappe. The most iconic Greek iced coffee, associated with long relaxing moments by the Greek sea and with the birthplace of our brand, Thessaloniki. For the preparation we only use the real instant coffee that is needed. You can enjoy it with or without milk and of course with the sweetness you prefer: sweet, medium or no sugar. It is the strongest coffee we have in our coffee range and of course the most refreshing of all.<\/p>","protected":false},"featured_media":1573,"comment_status":"closed","ping_status":"closed","template":"","meta":{"_monsterinsights_skip_tracking":false,"_monsterinsights_sitenote_active":false,"_monsterinsights_sitenote_note":"","_monsterinsights_sitenote_category":0},"product_brand":[],"product_cat":[23],"product_tag":[],"class_list":{"0":"post-1572","1":"product","2":"type-product","3":"status-publish","4":"has-post-thumbnail","6":"product_cat-kaffee-und-getraenke","8":"first","9":"instock","10":"taxable","11":"shipping-taxable","12":"product-type-simple"},"aioseo_notices":[],"aioseo_head":"\n\t\t<!-- All in One SEO Pro 4.9.7 - aioseo.com -->\n\t<meta name=\"description\" content=\"Das authentische Cafe Frappe. Der kultigste griechische Eiskaffee, verbunden mit den langen entspannenden Momenten am griechischen Meer und mit der Geburtsstadt unserer Marke, Thessaloniki. F\u00fcr die Zubereitung verwenden wir nur den echten Instantkaffee, der ben\u00f6tigt wird. Sie k\u00f6nnen es mit oder ohne Milch und nat\u00fcrlich mit der von Ihnen bevorzugten S\u00fc\u00dfe genie\u00dfen: s\u00fc\u00df, mittel oder ohne Zucker. Es ist der st\u00e4rkste Kaffee, den wir in unserem Kaffeesortiment haben, und nat\u00fcrlich der erfrischendste von allen.\" \/>\n\t<meta name=\"robots\" content=\"max-image-preview:large\" \/>\n\t<link rel=\"canonical\" href=\"https:\/\/zoomserie.at\/en\/produkt\/cafe-frappe\/\" \/>\n\t<meta name=\"generator\" content=\"All in One SEO Pro (AIOSEO) 4.9.7\" \/>\n\t\t<meta property=\"og:locale\" content=\"en_US\" \/>\n\t\t<meta property=\"og:site_name\" content=\"Zoomserie Wien \u25ba Zoomserie Wien, Torten Bestellen, Konditorei, Eis, Kaffee, Patisserie\" \/>\n\t\t<meta property=\"og:type\" content=\"article\" \/>\n\t\t<meta property=\"og:title\" content=\"Cafe Frappe \u25ba Zoomserie Wien\" \/>\n\t\t<meta property=\"og:description\" content=\"Das authentische Cafe Frappe. Der kultigste griechische Eiskaffee, verbunden mit den langen entspannenden Momenten am griechischen Meer und mit der Geburtsstadt unserer Marke, Thessaloniki. F\u00fcr die Zubereitung verwenden wir nur den echten Instantkaffee, der ben\u00f6tigt wird. Sie k\u00f6nnen es mit oder ohne Milch und nat\u00fcrlich mit der von Ihnen bevorzugten S\u00fc\u00dfe genie\u00dfen: s\u00fc\u00df, mittel oder ohne Zucker. Es ist der st\u00e4rkste Kaffee, den wir in unserem Kaffeesortiment haben, und nat\u00fcrlich der erfrischendste von allen.\" \/>\n\t\t<meta property=\"og:url\" content=\"https:\/\/zoomserie.at\/en\/produkt\/cafe-frappe\/\" \/>\n\t\t<meta property=\"og:image\" content=\"https:\/\/zoomserie.at\/wp-content\/uploads\/2023\/11\/logo_zoomserie-01.svg\" \/>\n\t\t<meta property=\"og:image:secure_url\" content=\"https:\/\/zoomserie.at\/wp-content\/uploads\/2023\/11\/logo_zoomserie-01.svg\" \/>\n\t\t<meta property=\"article:published_time\" content=\"2024-02-21T06:07:25+00:00\" \/>\n\t\t<meta property=\"article:modified_time\" content=\"2024-02-29T05:40:37+00:00\" \/>\n\t\t<meta property=\"article:publisher\" content=\"https:\/\/www.facebook.com\/ZoomserieAustria\" \/>\n\t\t<meta name=\"twitter:card\" content=\"summary_large_image\" \/>\n\t\t<meta name=\"twitter:title\" content=\"Cafe Frappe \u25ba Zoomserie Wien\" \/>\n\t\t<meta name=\"twitter:description\" content=\"Das authentische Cafe Frappe. Der kultigste griechische Eiskaffee, verbunden mit den langen entspannenden Momenten am griechischen Meer und mit der Geburtsstadt unserer Marke, Thessaloniki. F\u00fcr die Zubereitung verwenden wir nur den echten Instantkaffee, der ben\u00f6tigt wird. Sie k\u00f6nnen es mit oder ohne Milch und nat\u00fcrlich mit der von Ihnen bevorzugten S\u00fc\u00dfe genie\u00dfen: s\u00fc\u00df, mittel oder ohne Zucker. Es ist der st\u00e4rkste Kaffee, den wir in unserem Kaffeesortiment haben, und nat\u00fcrlich der erfrischendste von allen.\" \/>\n\t\t<meta name=\"twitter:image\" content=\"https:\/\/zoomserie.at\/wp-content\/uploads\/2023\/11\/logo_zoomserie-01.svg\" \/>\n\t\t<script type=\"application\/ld+json\" class=\"aioseo-schema\">\n\t\t\t{\"@context\":\"https:\\\/\\\/schema.org\",\"@graph\":[{\"@type\":\"BreadcrumbList\",\"@id\":\"https:\\\/\\\/zoomserie.at\\\/en\\\/produkt\\\/cafe-frappe\\\/#breadcrumblist\",\"itemListElement\":[{\"@type\":\"ListItem\",\"@id\":\"https:\\\/\\\/zoomserie.at\\\/en#listItem\",\"position\":1,\"name\":\"Zu Hause\",\"item\":\"https:\\\/\\\/zoomserie.at\\\/en\",\"nextItem\":{\"@type\":\"ListItem\",\"@id\":\"https:\\\/\\\/zoomserie.at\\\/en\\\/shop\\\/#listItem\",\"name\":\"Shop\"}},{\"@type\":\"ListItem\",\"@id\":\"https:\\\/\\\/zoomserie.at\\\/en\\\/shop\\\/#listItem\",\"position\":2,\"name\":\"Shop\",\"item\":\"https:\\\/\\\/zoomserie.at\\\/en\\\/shop\\\/\",\"nextItem\":{\"@type\":\"ListItem\",\"@id\":\"https:\\\/\\\/zoomserie.at\\\/en\\\/produktkategorie\\\/kaffee-und-getraenke\\\/#listItem\",\"name\":\"Kaffee und Getr\\u00e4nke\"},\"previousItem\":{\"@type\":\"ListItem\",\"@id\":\"https:\\\/\\\/zoomserie.at\\\/en#listItem\",\"name\":\"Zu Hause\"}},{\"@type\":\"ListItem\",\"@id\":\"https:\\\/\\\/zoomserie.at\\\/en\\\/produktkategorie\\\/kaffee-und-getraenke\\\/#listItem\",\"position\":3,\"name\":\"Kaffee und Getr\\u00e4nke\",\"item\":\"https:\\\/\\\/zoomserie.at\\\/en\\\/produktkategorie\\\/kaffee-und-getraenke\\\/\",\"nextItem\":{\"@type\":\"ListItem\",\"@id\":\"https:\\\/\\\/zoomserie.at\\\/en\\\/produkt\\\/cafe-frappe\\\/#listItem\",\"name\":\"Cafe Frappe\"},\"previousItem\":{\"@type\":\"ListItem\",\"@id\":\"https:\\\/\\\/zoomserie.at\\\/en\\\/shop\\\/#listItem\",\"name\":\"Shop\"}},{\"@type\":\"ListItem\",\"@id\":\"https:\\\/\\\/zoomserie.at\\\/en\\\/produkt\\\/cafe-frappe\\\/#listItem\",\"position\":4,\"name\":\"Cafe Frappe\",\"previousItem\":{\"@type\":\"ListItem\",\"@id\":\"https:\\\/\\\/zoomserie.at\\\/en\\\/produktkategorie\\\/kaffee-und-getraenke\\\/#listItem\",\"name\":\"Kaffee und Getr\\u00e4nke\"}}]},{\"@type\":\"ItemPage\",\"@id\":\"https:\\\/\\\/zoomserie.at\\\/en\\\/produkt\\\/cafe-frappe\\\/#itempage\",\"url\":\"https:\\\/\\\/zoomserie.at\\\/en\\\/produkt\\\/cafe-frappe\\\/\",\"name\":\"Cafe Frappe \\u25ba Zoomserie Wien\",\"description\":\"Das authentische Cafe Frappe. Der kultigste griechische Eiskaffee, verbunden mit den langen entspannenden Momenten am griechischen Meer und mit der Geburtsstadt unserer Marke, Thessaloniki. F\\u00fcr die Zubereitung verwenden wir nur den echten Instantkaffee, der ben\\u00f6tigt wird. Sie k\\u00f6nnen es mit oder ohne Milch und nat\\u00fcrlich mit der von Ihnen bevorzugten S\\u00fc\\u00dfe genie\\u00dfen: s\\u00fc\\u00df, mittel oder ohne Zucker. Es ist der st\\u00e4rkste Kaffee, den wir in unserem Kaffeesortiment haben, und nat\\u00fcrlich der erfrischendste von allen.\",\"inLanguage\":\"en-US\",\"isPartOf\":{\"@id\":\"https:\\\/\\\/zoomserie.at\\\/en\\\/#website\"},\"breadcrumb\":{\"@id\":\"https:\\\/\\\/zoomserie.at\\\/en\\\/produkt\\\/cafe-frappe\\\/#breadcrumblist\"},\"image\":{\"@type\":\"ImageObject\",\"url\":\"https:\\\/\\\/zoomserie.at\\\/wp-content\\\/uploads\\\/2024\\\/02\\\/greek-cafe-frappee.jpeg\",\"@id\":\"https:\\\/\\\/zoomserie.at\\\/en\\\/produkt\\\/cafe-frappe\\\/#mainImage\",\"width\":720,\"height\":1080},\"primaryImageOfPage\":{\"@id\":\"https:\\\/\\\/zoomserie.at\\\/en\\\/produkt\\\/cafe-frappe\\\/#mainImage\"},\"datePublished\":\"2024-02-21T07:07:25+01:00\",\"dateModified\":\"2024-02-29T06:40:37+01:00\"},{\"@type\":\"Organization\",\"@id\":\"https:\\\/\\\/zoomserie.at\\\/en\\\/#organization\",\"name\":\"Zoomserie Wien\",\"description\":\"Zoomserie ist eine moderne Patisserie. Gegr\\u00fcndet wurde sie 1981 im gebirgigen Norden Griechenlands als Eishersteller. Die lokalen Zutaten wie Milch, Butter und Eier bestimmten die Rezepte, und sehr schnell wurde das kleine l\\u00e4ndliche Unternehmen zu einer nationalen Marke. Mit derselben Leidenschaft setzen wir unsere Arbeit fort, verwenden die nat\\u00fcrlichsten Zutaten und kreieren neue Rezepte in den Bereichen Patisserie, Eiscreme und traditionelle Backwaren. Griechenland, ein ewiger Schnittpunkt kulinarischer Kulturen, beeinflusst unsere Produktpalette am st\\u00e4rksten. Orientalisch sirupartige Aromen, franz\\u00f6sische Haute-Desserts, italienisches Gelato sowie die neuesten Trends der internationalen Patisseriekunst lassen unser umfangreiches Produktsortiment auf dem Markt hervorstechen. Dar\\u00fcber hinaus wurde unsere Leidenschaft und unser Augenmerk auf das Detail beim guten Kaffee mit einem Great Taste Award f\\u00fcr unsere Specialty-Kaffees ausgezeichnet. Unsere Produkte finden Sie in den Zoomserie-Fachgesch\\u00e4ften in Griechenland, Deutschland, \\u00d6sterreich, Gro\\u00dfbritannien und Rum\\u00e4nien sowie bei ausgew\\u00e4hlten Handelspartnern.\",\"url\":\"https:\\\/\\\/zoomserie.at\\\/en\\\/\",\"email\":\"kontakt@zoomserie.at\",\"telephone\":\"+4367761781960\",\"foundingDate\":\"1981-04-18\",\"logo\":{\"@type\":\"ImageObject\",\"url\":\"https:\\\/\\\/zoomserie.at\\\/wp-content\\\/uploads\\\/2023\\\/11\\\/logo_zoomserie-01.svg\",\"@id\":\"https:\\\/\\\/zoomserie.at\\\/en\\\/produkt\\\/cafe-frappe\\\/#organizationLogo\"},\"image\":{\"@id\":\"https:\\\/\\\/zoomserie.at\\\/en\\\/produkt\\\/cafe-frappe\\\/#organizationLogo\"},\"sameAs\":[\"https:\\\/\\\/www.facebook.com\\\/ZoomserieAustria\",\"https:\\\/\\\/www.instagram.com\\\/zoomseriewien\",\"https:\\\/\\\/www.tiktok.com\\\/@zoomserie.wien\"],\"address\":{\"@id\":\"https:\\\/\\\/zoomserie.at\\\/en\\\/#postaladdress\",\"@type\":\"PostalAddress\",\"streetAddress\":\"Gablenzgasse 11, Lugner City\",\"postalCode\":\"1150\",\"addressLocality\":\"Wien\",\"addressCountry\":\"AT\"},\"taxID\":\"FN 617575 z\",\"vatID\":\"ATU80436324\"},{\"@type\":\"WebPage\",\"@id\":\"https:\\\/\\\/zoomserie.at\\\/en\\\/produkt\\\/cafe-frappe\\\/#webpage\",\"url\":\"https:\\\/\\\/zoomserie.at\\\/en\\\/produkt\\\/cafe-frappe\\\/\",\"name\":\"Cafe Frappe \\u25ba Zoomserie Wien\",\"description\":\"Das authentische Cafe Frappe. Der kultigste griechische Eiskaffee, verbunden mit den langen entspannenden Momenten am griechischen Meer und mit der Geburtsstadt unserer Marke, Thessaloniki. F\\u00fcr die Zubereitung verwenden wir nur den echten Instantkaffee, der ben\\u00f6tigt wird. Sie k\\u00f6nnen es mit oder ohne Milch und nat\\u00fcrlich mit der von Ihnen bevorzugten S\\u00fc\\u00dfe genie\\u00dfen: s\\u00fc\\u00df, mittel oder ohne Zucker. Es ist der st\\u00e4rkste Kaffee, den wir in unserem Kaffeesortiment haben, und nat\\u00fcrlich der erfrischendste von allen.\",\"inLanguage\":\"en-US\",\"isPartOf\":{\"@id\":\"https:\\\/\\\/zoomserie.at\\\/en\\\/#website\"},\"breadcrumb\":{\"@id\":\"https:\\\/\\\/zoomserie.at\\\/en\\\/produkt\\\/cafe-frappe\\\/#breadcrumblist\"},\"image\":{\"@type\":\"ImageObject\",\"url\":\"https:\\\/\\\/zoomserie.at\\\/wp-content\\\/uploads\\\/2024\\\/02\\\/greek-cafe-frappee.jpeg\",\"@id\":\"https:\\\/\\\/zoomserie.at\\\/en\\\/produkt\\\/cafe-frappe\\\/#mainImage\",\"width\":720,\"height\":1080},\"primaryImageOfPage\":{\"@id\":\"https:\\\/\\\/zoomserie.at\\\/en\\\/produkt\\\/cafe-frappe\\\/#mainImage\"},\"datePublished\":\"2024-02-21T07:07:25+01:00\",\"dateModified\":\"2024-02-29T06:40:37+01:00\"},{\"@type\":\"WebSite\",\"@id\":\"https:\\\/\\\/zoomserie.at\\\/en\\\/#website\",\"url\":\"https:\\\/\\\/zoomserie.at\\\/en\\\/\",\"name\":\"Zoomserie Wien\",\"description\":\"Zoomserie Wien, Torten Bestellen, Konditorei, Eis, Kaffee, Patisserie\",\"inLanguage\":\"en-US\",\"publisher\":{\"@id\":\"https:\\\/\\\/zoomserie.at\\\/en\\\/#organization\"}}]}\n\t\t<\/script>\n\t\t<!-- All in One SEO Pro -->\r\n\t\t<title>Cafe Frappe \u25ba Zoomserie Wien<\/title>\n\n","aioseo_head_json":{"title":"Cafe Frappe \u25ba Zoomserie Vienna","description":"The authentic Cafe Frappe. The most iconic Greek iced coffee, associated with long relaxing moments by the Greek sea and with the birthplace of our brand, Thessaloniki. For the preparation we only use the real instant coffee that is needed. You can enjoy it with or without milk and of course with the sweetness you prefer: sweet, medium or no sugar. It is the strongest coffee we have in our coffee range and of course the most refreshing of all.","canonical_url":"https:\/\/zoomserie.at\/en\/produkt\/cafe-frappe\/","robots":"max-image-preview:large","keywords":"","webmasterTools":{"miscellaneous":""},"schema":{"@context":"https:\/\/schema.org","@graph":[{"@type":"BreadcrumbList","@id":"https:\/\/zoomserie.at\/en\/produkt\/cafe-frappe\/#breadcrumblist","itemListElement":[{"@type":"ListItem","@id":"https:\/\/zoomserie.at\/en#listItem","position":1,"name":"Zu Hause","item":"https:\/\/zoomserie.at\/en","nextItem":{"@type":"ListItem","@id":"https:\/\/zoomserie.at\/en\/shop\/#listItem","name":"Shop"}},{"@type":"ListItem","@id":"https:\/\/zoomserie.at\/en\/shop\/#listItem","position":2,"name":"Shop","item":"https:\/\/zoomserie.at\/en\/shop\/","nextItem":{"@type":"ListItem","@id":"https:\/\/zoomserie.at\/en\/produktkategorie\/kaffee-und-getraenke\/#listItem","name":"Kaffee und Getr\u00e4nke"},"previousItem":{"@type":"ListItem","@id":"https:\/\/zoomserie.at\/en#listItem","name":"Zu Hause"}},{"@type":"ListItem","@id":"https:\/\/zoomserie.at\/en\/produktkategorie\/kaffee-und-getraenke\/#listItem","position":3,"name":"Kaffee und Getr\u00e4nke","item":"https:\/\/zoomserie.at\/en\/produktkategorie\/kaffee-und-getraenke\/","nextItem":{"@type":"ListItem","@id":"https:\/\/zoomserie.at\/en\/produkt\/cafe-frappe\/#listItem","name":"Cafe Frappe"},"previousItem":{"@type":"ListItem","@id":"https:\/\/zoomserie.at\/en\/shop\/#listItem","name":"Shop"}},{"@type":"ListItem","@id":"https:\/\/zoomserie.at\/en\/produkt\/cafe-frappe\/#listItem","position":4,"name":"Cafe Frappe","previousItem":{"@type":"ListItem","@id":"https:\/\/zoomserie.at\/en\/produktkategorie\/kaffee-und-getraenke\/#listItem","name":"Kaffee und Getr\u00e4nke"}}]},{"@type":"ItemPage","@id":"https:\/\/zoomserie.at\/en\/produkt\/cafe-frappe\/#itempage","url":"https:\/\/zoomserie.at\/en\/produkt\/cafe-frappe\/","name":"Cafe Frappe \u25ba Zoomserie Wien","description":"Das authentische Cafe Frappe. Der kultigste griechische Eiskaffee, verbunden mit den langen entspannenden Momenten am griechischen Meer und mit der Geburtsstadt unserer Marke, Thessaloniki. F\u00fcr die Zubereitung verwenden wir nur den echten Instantkaffee, der ben\u00f6tigt wird. Sie k\u00f6nnen es mit oder ohne Milch und nat\u00fcrlich mit der von Ihnen bevorzugten S\u00fc\u00dfe genie\u00dfen: s\u00fc\u00df, mittel oder ohne Zucker. Es ist der st\u00e4rkste Kaffee, den wir in unserem Kaffeesortiment haben, und nat\u00fcrlich der erfrischendste von allen.","inLanguage":"en-US","isPartOf":{"@id":"https:\/\/zoomserie.at\/en\/#website"},"breadcrumb":{"@id":"https:\/\/zoomserie.at\/en\/produkt\/cafe-frappe\/#breadcrumblist"},"image":{"@type":"ImageObject","url":"https:\/\/zoomserie.at\/wp-content\/uploads\/2024\/02\/greek-cafe-frappee.jpeg","@id":"https:\/\/zoomserie.at\/en\/produkt\/cafe-frappe\/#mainImage","width":720,"height":1080},"primaryImageOfPage":{"@id":"https:\/\/zoomserie.at\/en\/produkt\/cafe-frappe\/#mainImage"},"datePublished":"2024-02-21T07:07:25+01:00","dateModified":"2024-02-29T06:40:37+01:00"},{"@type":"Organization","@id":"https:\/\/zoomserie.at\/en\/#organization","name":"Zoomserie Wien","description":"Zoomserie ist eine moderne Patisserie. Gegr\u00fcndet wurde sie 1981 im gebirgigen Norden Griechenlands als Eishersteller. Die lokalen Zutaten wie Milch, Butter und Eier bestimmten die Rezepte, und sehr schnell wurde das kleine l\u00e4ndliche Unternehmen zu einer nationalen Marke. Mit derselben Leidenschaft setzen wir unsere Arbeit fort, verwenden die nat\u00fcrlichsten Zutaten und kreieren neue Rezepte in den Bereichen Patisserie, Eiscreme und traditionelle Backwaren. Griechenland, ein ewiger Schnittpunkt kulinarischer Kulturen, beeinflusst unsere Produktpalette am st\u00e4rksten. Orientalisch sirupartige Aromen, franz\u00f6sische Haute-Desserts, italienisches Gelato sowie die neuesten Trends der internationalen Patisseriekunst lassen unser umfangreiches Produktsortiment auf dem Markt hervorstechen. Dar\u00fcber hinaus wurde unsere Leidenschaft und unser Augenmerk auf das Detail beim guten Kaffee mit einem Great Taste Award f\u00fcr unsere Specialty-Kaffees ausgezeichnet. Unsere Produkte finden Sie in den Zoomserie-Fachgesch\u00e4ften in Griechenland, Deutschland, \u00d6sterreich, Gro\u00dfbritannien und Rum\u00e4nien sowie bei ausgew\u00e4hlten Handelspartnern.","url":"https:\/\/zoomserie.at\/en\/","email":"kontakt@zoomserie.at","telephone":"+4367761781960","foundingDate":"1981-04-18","logo":{"@type":"ImageObject","url":"https:\/\/zoomserie.at\/wp-content\/uploads\/2023\/11\/logo_zoomserie-01.svg","@id":"https:\/\/zoomserie.at\/en\/produkt\/cafe-frappe\/#organizationLogo"},"image":{"@id":"https:\/\/zoomserie.at\/en\/produkt\/cafe-frappe\/#organizationLogo"},"sameAs":["https:\/\/www.facebook.com\/ZoomserieAustria","https:\/\/www.instagram.com\/zoomseriewien","https:\/\/www.tiktok.com\/@zoomserie.wien"],"address":{"@id":"https:\/\/zoomserie.at\/en\/#postaladdress","@type":"PostalAddress","streetAddress":"Gablenzgasse 11, Lugner City","postalCode":"1150","addressLocality":"Wien","addressCountry":"AT"},"taxID":"FN 617575 z","vatID":"ATU80436324"},{"@type":"WebPage","@id":"https:\/\/zoomserie.at\/en\/produkt\/cafe-frappe\/#webpage","url":"https:\/\/zoomserie.at\/en\/produkt\/cafe-frappe\/","name":"Cafe Frappe \u25ba Zoomserie Wien","description":"Das authentische Cafe Frappe. Der kultigste griechische Eiskaffee, verbunden mit den langen entspannenden Momenten am griechischen Meer und mit der Geburtsstadt unserer Marke, Thessaloniki. F\u00fcr die Zubereitung verwenden wir nur den echten Instantkaffee, der ben\u00f6tigt wird. Sie k\u00f6nnen es mit oder ohne Milch und nat\u00fcrlich mit der von Ihnen bevorzugten S\u00fc\u00dfe genie\u00dfen: s\u00fc\u00df, mittel oder ohne Zucker. Es ist der st\u00e4rkste Kaffee, den wir in unserem Kaffeesortiment haben, und nat\u00fcrlich der erfrischendste von allen.","inLanguage":"en-US","isPartOf":{"@id":"https:\/\/zoomserie.at\/en\/#website"},"breadcrumb":{"@id":"https:\/\/zoomserie.at\/en\/produkt\/cafe-frappe\/#breadcrumblist"},"image":{"@type":"ImageObject","url":"https:\/\/zoomserie.at\/wp-content\/uploads\/2024\/02\/greek-cafe-frappee.jpeg","@id":"https:\/\/zoomserie.at\/en\/produkt\/cafe-frappe\/#mainImage","width":720,"height":1080},"primaryImageOfPage":{"@id":"https:\/\/zoomserie.at\/en\/produkt\/cafe-frappe\/#mainImage"},"datePublished":"2024-02-21T07:07:25+01:00","dateModified":"2024-02-29T06:40:37+01:00"},{"@type":"WebSite","@id":"https:\/\/zoomserie.at\/en\/#website","url":"https:\/\/zoomserie.at\/en\/","name":"Zoomserie Wien","description":"Zoomserie Wien, Torten Bestellen, Konditorei, Eis, Kaffee, Patisserie","inLanguage":"en-US","publisher":{"@id":"https:\/\/zoomserie.at\/en\/#organization"}}]},"og:locale":"en_US","og:site_name":"Zoomserie Wien \u25ba Zoomserie Wien, Torten Bestellen, Konditorei, Eis, Kaffee, Patisserie","og:type":"article","og:title":"Cafe Frappe \u25ba Zoomserie Wien","og:description":"Das authentische Cafe Frappe. Der kultigste griechische Eiskaffee, verbunden mit den langen entspannenden Momenten am griechischen Meer und mit der Geburtsstadt unserer Marke, Thessaloniki. F\u00fcr die Zubereitung verwenden wir nur den echten Instantkaffee, der ben\u00f6tigt wird. Sie k\u00f6nnen es mit oder ohne Milch und nat\u00fcrlich mit der von Ihnen bevorzugten S\u00fc\u00dfe genie\u00dfen: s\u00fc\u00df, mittel oder ohne Zucker. Es ist der st\u00e4rkste Kaffee, den wir in unserem Kaffeesortiment haben, und nat\u00fcrlich der erfrischendste von allen.","og:url":"https:\/\/zoomserie.at\/en\/produkt\/cafe-frappe\/","og:image":"https:\/\/zoomserie.at\/wp-content\/uploads\/2023\/11\/logo_zoomserie-01.svg","og:image:secure_url":"https:\/\/zoomserie.at\/wp-content\/uploads\/2023\/11\/logo_zoomserie-01.svg","article:published_time":"2024-02-21T06:07:25+00:00","article:modified_time":"2024-02-29T05:40:37+00:00","article:publisher":"https:\/\/www.facebook.com\/ZoomserieAustria","twitter:card":"summary_large_image","twitter:title":"Cafe Frappe \u25ba Zoomserie Wien","twitter:description":"Das authentische Cafe Frappe. Der kultigste griechische Eiskaffee, verbunden mit den langen entspannenden Momenten am griechischen Meer und mit der Geburtsstadt unserer Marke, Thessaloniki. F\u00fcr die Zubereitung verwenden wir nur den echten Instantkaffee, der ben\u00f6tigt wird. Sie k\u00f6nnen es mit oder ohne Milch und nat\u00fcrlich mit der von Ihnen bevorzugten S\u00fc\u00dfe genie\u00dfen: s\u00fc\u00df, mittel oder ohne Zucker. Es ist der st\u00e4rkste Kaffee, den wir in unserem Kaffeesortiment haben, und nat\u00fcrlich der erfrischendste von allen.","twitter:image":"https:\/\/zoomserie.at\/wp-content\/uploads\/2023\/11\/logo_zoomserie-01.svg"},"aioseo_meta_data":{"post_id":"1572","title":null,"description":null,"keywords":[],"keyphrases":{"focus":{"keyphrase":"cafe frappe","score":100,"analysis":{"keyphraseInTitle":{"score":9,"maxScore":9,"error":0},"keyphraseInDescription":{"score":9,"maxScore":9,"error":0},"keyphraseLength":{"score":9,"maxScore":9,"error":0,"length":2},"keyphraseInURL":{"score":5,"maxScore":5,"error":0},"keyphraseInIntroduction":{"score":9,"maxScore":9,"error":0},"keyphraseInSubHeadings":[],"keyphraseInImageAlt":[],"keywordDensity":{"type":"best","score":9,"maxScore":9,"error":0}}},"additional":[]},"primary_term":null,"canonical_url":null,"og_title":null,"og_description":null,"og_object_type":"default","og_image_type":"default","og_image_url":null,"og_image_width":null,"og_image_height":null,"og_image_custom_url":null,"og_image_custom_fields":null,"og_video":"","og_custom_url":null,"og_article_section":null,"og_article_tags":[],"twitter_use_og":false,"twitter_card":"default","twitter_image_type":"default","twitter_image_url":null,"twitter_image_custom_url":null,"twitter_image_custom_fields":null,"twitter_title":null,"twitter_description":null,"schema":{"blockGraphs":[],"customGraphs":[],"default":{"data":{"Article":[],"Course":[],"Dataset":[],"FAQPage":[],"Movie":[],"Person":[],"Product":[],"ProductReview":[],"Car":[],"Recipe":[],"Service":[],"SoftwareApplication":[],"WebPage":[]},"graphName":"ItemPage","isEnabled":true},"graphs":[]},"schema_type":"default","schema_type_options":null,"pillar_content":false,"robots_default":true,"robots_noindex":false,"robots_noarchive":false,"robots_nosnippet":false,"robots_nofollow":false,"robots_noimageindex":false,"robots_noodp":false,"robots_notranslate":false,"robots_max_snippet":"-1","robots_max_videopreview":"-1","robots_max_imagepreview":"large","priority":null,"frequency":"default","local_seo":null,"seo_analyzer_scan_date":"2026-05-13 02:37:09","breadcrumb_settings":null,"limit_modified_date":false,"reviewed_by":null,"open_ai":"{\"title\":{\"suggestions\":[],\"usage\":0},\"description\":{\"suggestions\":[],\"usage\":0}}","ai":null,"created":"2024-02-21 06:07:25","updated":"2026-05-13 02:37:09"},"aioseo_breadcrumb":"<div class=\"aioseo-breadcrumbs\"><span class=\"aioseo-breadcrumb\">\n\t<a href=\"https:\/\/zoomserie.at\/en\" title=\"Zu Hause\">Zu Hause<\/a>\n<\/span><span class=\"aioseo-breadcrumb-separator\">&raquo;<\/span><span class=\"aioseo-breadcrumb\">\n\t<a href=\"https:\/\/zoomserie.at\/en\/shop\/\" title=\"Shop\">Shop<\/a>\n<\/span><span class=\"aioseo-breadcrumb-separator\">&raquo;<\/span><span class=\"aioseo-breadcrumb\">\n\t<a href=\"https:\/\/zoomserie.at\/en\/produktkategorie\/kaffee-und-getraenke\/\" title=\"Kaffee und Getr\u00e4nke\">Kaffee und Getr\u00e4nke<\/a>\n<\/span><span class=\"aioseo-breadcrumb-separator\">&raquo;<\/span><span class=\"aioseo-breadcrumb\">\n\tCafe Frappe\n<\/span><\/div>","aioseo_breadcrumb_json":[{"label":"Zu Hause","link":"https:\/\/zoomserie.at\/en"},{"label":"Shop","link":"https:\/\/zoomserie.at\/en\/shop\/"},{"label":"Kaffee und Getr\u00e4nke","link":"https:\/\/zoomserie.at\/en\/produktkategorie\/kaffee-und-getraenke\/"},{"label":"Cafe Frappe","link":"https:\/\/zoomserie.at\/en\/produkt\/cafe-frappe\/"}],"_links":{"self":[{"href":"https:\/\/zoomserie.at\/en\/wp-json\/wp\/v2\/product\/1572","targetHints":{"allow":["GET"]}}],"collection":[{"href":"https:\/\/zoomserie.at\/en\/wp-json\/wp\/v2\/product"}],"about":[{"href":"https:\/\/zoomserie.at\/en\/wp-json\/wp\/v2\/types\/product"}],"replies":[{"embeddable":true,"href":"https:\/\/zoomserie.at\/en\/wp-json\/wp\/v2\/comments?post=1572"}],"wp:featuredmedia":[{"embeddable":true,"href":"https:\/\/zoomserie.at\/en\/wp-json\/wp\/v2\/media\/1573"}],"wp:attachment":[{"href":"https:\/\/zoomserie.at\/en\/wp-json\/wp\/v2\/media?parent=1572"}],"wp:term":[{"taxonomy":"product_brand","embeddable":true,"href":"https:\/\/zoomserie.at\/en\/wp-json\/wp\/v2\/product_brand?post=1572"},{"taxonomy":"product_cat","embeddable":true,"href":"https:\/\/zoomserie.at\/en\/wp-json\/wp\/v2\/product_cat?post=1572"},{"taxonomy":"product_tag","embeddable":true,"href":"https:\/\/zoomserie.at\/en\/wp-json\/wp\/v2\/product_tag?post=1572"}],"curies":[{"name":"wp","href":"https:\/\/api.w.org\/{rel}","templated":true}]}}