{"id":1958,"date":"2025-06-15T11:42:14","date_gmt":"2025-06-15T09:42:14","guid":{"rendered":"https:\/\/zoomserie.at\/?post_type=product&#038;p=1958"},"modified":"2026-03-28T09:06:30","modified_gmt":"2026-03-28T08:06:30","slug":"pistachio-cheesecake","status":"publish","type":"product","link":"https:\/\/zoomserie.at\/en\/produkt\/pistazien-cheesecake\/","title":{"rendered":"Pistachio Cheesecake"},"content":{"rendered":"<h4>Pistachio Cheesecake combines the creamy, slightly sour taste of cheesecake with the distinctive, nutty aroma of pistachios.<\/h4>\n<p>It consists of a graham cracker base and a rich, velvety filling made with cream cheese, sugar, 100% pistachio paste, and finely ground pistachios. You can buy it by the slice or as a whole cake.<\/p>","protected":false},"excerpt":{"rendered":"<p>Pistachio Cheesecake combines the creamy, slightly tart flavor of cheesecake with the distinctive, nutty aroma of pistachios. It features a graham cracker base and a rich, velvety filling of cream cheese, sugar, 100g pistachio paste, and finely ground pistachios. You can buy it by the slice or as a whole cake.<\/p>","protected":false},"featured_media":2015,"comment_status":"closed","ping_status":"closed","template":"","meta":{"_monsterinsights_skip_tracking":false,"_monsterinsights_sitenote_active":false,"_monsterinsights_sitenote_note":"","_monsterinsights_sitenote_category":0},"product_brand":[],"product_cat":[128,129],"product_tag":[],"class_list":{"0":"post-1958","1":"product","2":"type-product","3":"status-publish","4":"has-post-thumbnail","6":"product_cat-cheese-cake","7":"product_cat-tarte","9":"first","10":"instock","11":"taxable","12":"shipping-taxable","13":"product-type-simple"},"aioseo_notices":[],"aioseo_head":"\n\t\t<!-- All in One SEO Pro 4.9.6.2 - aioseo.com -->\n\t<meta name=\"description\" content=\"Pistazien Cheesecake verbindet den cremigen, leicht s\u00e4uerlichen Geschmack von Cheesecake mit dem unverwechselbaren, nussigen Aroma der Pistazien. Er besteht aus einem Boden aus Graham-Crackern und einer reichhaltigen, samtigen F\u00fcllung aus Frischk\u00e4se, Zucker sowie 100 % Pistazienpaste und fein gemahlenen Pistazien. Sie k\u00f6nnen ihn als St\u00fcck oder als ganze Torte kaufen.\" \/>\n\t<meta name=\"robots\" content=\"max-image-preview:large\" \/>\n\t<link rel=\"canonical\" href=\"https:\/\/zoomserie.at\/en\/produkt\/pistazien-cheesecake\/\" \/>\n\t<meta name=\"generator\" content=\"All in One SEO Pro (AIOSEO) 4.9.6.2\" \/>\n\t\t<meta property=\"og:locale\" content=\"en_US\" \/>\n\t\t<meta property=\"og:site_name\" content=\"Zoomserie Wien \u25ba Zoomserie Wien, Torten Bestellen, Konditorei, Eis, Kaffee, Patisserie\" \/>\n\t\t<meta property=\"og:type\" content=\"article\" \/>\n\t\t<meta property=\"og:title\" content=\"Pistazien Cheesecake \u25ba Zoomserie Wien\" \/>\n\t\t<meta property=\"og:description\" content=\"Pistazien Cheesecake verbindet den cremigen, leicht s\u00e4uerlichen Geschmack von Cheesecake mit dem unverwechselbaren, nussigen Aroma der Pistazien. Er besteht aus einem Boden aus Graham-Crackern und einer reichhaltigen, samtigen F\u00fcllung aus Frischk\u00e4se, Zucker sowie 100 % Pistazienpaste und fein gemahlenen Pistazien. Sie k\u00f6nnen ihn als St\u00fcck oder als ganze Torte kaufen.\" \/>\n\t\t<meta property=\"og:url\" content=\"https:\/\/zoomserie.at\/en\/produkt\/pistazien-cheesecake\/\" \/>\n\t\t<meta property=\"og:image\" content=\"https:\/\/zoomserie.at\/wp-content\/uploads\/2023\/11\/logo_zoomserie-01.svg\" \/>\n\t\t<meta property=\"og:image:secure_url\" content=\"https:\/\/zoomserie.at\/wp-content\/uploads\/2023\/11\/logo_zoomserie-01.svg\" \/>\n\t\t<meta property=\"article:published_time\" content=\"2025-06-15T09:42:14+00:00\" \/>\n\t\t<meta property=\"article:modified_time\" content=\"2026-03-28T08:06:30+00:00\" \/>\n\t\t<meta property=\"article:publisher\" content=\"https:\/\/www.facebook.com\/ZoomserieAustria\" \/>\n\t\t<meta name=\"twitter:card\" content=\"summary_large_image\" \/>\n\t\t<meta name=\"twitter:title\" content=\"Pistazien Cheesecake \u25ba Zoomserie Wien\" \/>\n\t\t<meta name=\"twitter:description\" content=\"Pistazien Cheesecake verbindet den cremigen, leicht s\u00e4uerlichen Geschmack von Cheesecake mit dem unverwechselbaren, nussigen Aroma der Pistazien. Er besteht aus einem Boden aus Graham-Crackern und einer reichhaltigen, samtigen F\u00fcllung aus Frischk\u00e4se, Zucker sowie 100 % Pistazienpaste und fein gemahlenen Pistazien. Sie k\u00f6nnen ihn als St\u00fcck oder als ganze Torte kaufen.\" \/>\n\t\t<meta name=\"twitter:image\" content=\"https:\/\/zoomserie.at\/wp-content\/uploads\/2023\/11\/logo_zoomserie-01.svg\" \/>\n\t\t<script type=\"application\/ld+json\" class=\"aioseo-schema\">\n\t\t\t{\"@context\":\"https:\\\/\\\/schema.org\",\"@graph\":[{\"@type\":\"BreadcrumbList\",\"@id\":\"https:\\\/\\\/zoomserie.at\\\/en\\\/produkt\\\/pistazien-cheesecake\\\/#breadcrumblist\",\"itemListElement\":[{\"@type\":\"ListItem\",\"@id\":\"https:\\\/\\\/zoomserie.at\\\/en#listItem\",\"position\":1,\"name\":\"Zu Hause\",\"item\":\"https:\\\/\\\/zoomserie.at\\\/en\",\"nextItem\":{\"@type\":\"ListItem\",\"@id\":\"https:\\\/\\\/zoomserie.at\\\/en\\\/shop\\\/#listItem\",\"name\":\"Shop\"}},{\"@type\":\"ListItem\",\"@id\":\"https:\\\/\\\/zoomserie.at\\\/en\\\/shop\\\/#listItem\",\"position\":2,\"name\":\"Shop\",\"item\":\"https:\\\/\\\/zoomserie.at\\\/en\\\/shop\\\/\",\"nextItem\":{\"@type\":\"ListItem\",\"@id\":\"https:\\\/\\\/zoomserie.at\\\/en\\\/produktkategorie\\\/kuchen\\\/#listItem\",\"name\":\"Kuchen\"},\"previousItem\":{\"@type\":\"ListItem\",\"@id\":\"https:\\\/\\\/zoomserie.at\\\/en#listItem\",\"name\":\"Zu Hause\"}},{\"@type\":\"ListItem\",\"@id\":\"https:\\\/\\\/zoomserie.at\\\/en\\\/produktkategorie\\\/kuchen\\\/#listItem\",\"position\":3,\"name\":\"Kuchen\",\"item\":\"https:\\\/\\\/zoomserie.at\\\/en\\\/produktkategorie\\\/kuchen\\\/\",\"nextItem\":{\"@type\":\"ListItem\",\"@id\":\"https:\\\/\\\/zoomserie.at\\\/en\\\/produktkategorie\\\/kuchen\\\/cheese-cake\\\/#listItem\",\"name\":\"Cheese Cake\"},\"previousItem\":{\"@type\":\"ListItem\",\"@id\":\"https:\\\/\\\/zoomserie.at\\\/en\\\/shop\\\/#listItem\",\"name\":\"Shop\"}},{\"@type\":\"ListItem\",\"@id\":\"https:\\\/\\\/zoomserie.at\\\/en\\\/produktkategorie\\\/kuchen\\\/cheese-cake\\\/#listItem\",\"position\":4,\"name\":\"Cheese Cake\",\"item\":\"https:\\\/\\\/zoomserie.at\\\/en\\\/produktkategorie\\\/kuchen\\\/cheese-cake\\\/\",\"nextItem\":{\"@type\":\"ListItem\",\"@id\":\"https:\\\/\\\/zoomserie.at\\\/en\\\/produkt\\\/pistazien-cheesecake\\\/#listItem\",\"name\":\"Pistazien Cheesecake\"},\"previousItem\":{\"@type\":\"ListItem\",\"@id\":\"https:\\\/\\\/zoomserie.at\\\/en\\\/produktkategorie\\\/kuchen\\\/#listItem\",\"name\":\"Kuchen\"}},{\"@type\":\"ListItem\",\"@id\":\"https:\\\/\\\/zoomserie.at\\\/en\\\/produkt\\\/pistazien-cheesecake\\\/#listItem\",\"position\":5,\"name\":\"Pistazien Cheesecake\",\"previousItem\":{\"@type\":\"ListItem\",\"@id\":\"https:\\\/\\\/zoomserie.at\\\/en\\\/produktkategorie\\\/kuchen\\\/cheese-cake\\\/#listItem\",\"name\":\"Cheese Cake\"}}]},{\"@type\":\"ItemPage\",\"@id\":\"https:\\\/\\\/zoomserie.at\\\/en\\\/produkt\\\/pistazien-cheesecake\\\/#itempage\",\"url\":\"https:\\\/\\\/zoomserie.at\\\/en\\\/produkt\\\/pistazien-cheesecake\\\/\",\"name\":\"Pistazien Cheesecake \\u25ba Zoomserie Wien\",\"description\":\"Pistazien Cheesecake verbindet den cremigen, leicht s\\u00e4uerlichen Geschmack von Cheesecake mit dem unverwechselbaren, nussigen Aroma der Pistazien. Er besteht aus einem Boden aus Graham-Crackern und einer reichhaltigen, samtigen F\\u00fcllung aus Frischk\\u00e4se, Zucker sowie 100 % Pistazienpaste und fein gemahlenen Pistazien. Sie k\\u00f6nnen ihn als St\\u00fcck oder als ganze Torte kaufen.\",\"inLanguage\":\"en-US\",\"isPartOf\":{\"@id\":\"https:\\\/\\\/zoomserie.at\\\/en\\\/#website\"},\"breadcrumb\":{\"@id\":\"https:\\\/\\\/zoomserie.at\\\/en\\\/produkt\\\/pistazien-cheesecake\\\/#breadcrumblist\"},\"image\":{\"@type\":\"ImageObject\",\"url\":\"https:\\\/\\\/zoomserie.at\\\/wp-content\\\/uploads\\\/2025\\\/06\\\/cheesecake-pistachio.jpg\",\"@id\":\"https:\\\/\\\/zoomserie.at\\\/en\\\/produkt\\\/pistazien-cheesecake\\\/#mainImage\",\"width\":709,\"height\":495},\"primaryImageOfPage\":{\"@id\":\"https:\\\/\\\/zoomserie.at\\\/en\\\/produkt\\\/pistazien-cheesecake\\\/#mainImage\"},\"datePublished\":\"2025-06-15T11:42:14+02:00\",\"dateModified\":\"2026-03-28T09:06:30+01:00\"},{\"@type\":\"Organization\",\"@id\":\"https:\\\/\\\/zoomserie.at\\\/en\\\/#organization\",\"name\":\"Zoomserie Wien\",\"description\":\"Zoomserie ist eine moderne Patisserie. Gegr\\u00fcndet wurde sie 1981 im gebirgigen Norden Griechenlands als Eishersteller. Die lokalen Zutaten wie Milch, Butter und Eier bestimmten die Rezepte, und sehr schnell wurde das kleine l\\u00e4ndliche Unternehmen zu einer nationalen Marke. Mit derselben Leidenschaft setzen wir unsere Arbeit fort, verwenden die nat\\u00fcrlichsten Zutaten und kreieren neue Rezepte in den Bereichen Patisserie, Eiscreme und traditionelle Backwaren. Griechenland, ein ewiger Schnittpunkt kulinarischer Kulturen, beeinflusst unsere Produktpalette am st\\u00e4rksten. Orientalisch sirupartige Aromen, franz\\u00f6sische Haute-Desserts, italienisches Gelato sowie die neuesten Trends der internationalen Patisseriekunst lassen unser umfangreiches Produktsortiment auf dem Markt hervorstechen. Dar\\u00fcber hinaus wurde unsere Leidenschaft und unser Augenmerk auf das Detail beim guten Kaffee mit einem Great Taste Award f\\u00fcr unsere Specialty-Kaffees ausgezeichnet. Unsere Produkte finden Sie in den Zoomserie-Fachgesch\\u00e4ften in Griechenland, Deutschland, \\u00d6sterreich, Gro\\u00dfbritannien und Rum\\u00e4nien sowie bei ausgew\\u00e4hlten Handelspartnern.\",\"url\":\"https:\\\/\\\/zoomserie.at\\\/en\\\/\",\"email\":\"kontakt@zoomserie.at\",\"telephone\":\"+4367761781960\",\"foundingDate\":\"1981-04-18\",\"logo\":{\"@type\":\"ImageObject\",\"url\":\"https:\\\/\\\/zoomserie.at\\\/wp-content\\\/uploads\\\/2023\\\/11\\\/logo_zoomserie-01.svg\",\"@id\":\"https:\\\/\\\/zoomserie.at\\\/en\\\/produkt\\\/pistazien-cheesecake\\\/#organizationLogo\"},\"image\":{\"@id\":\"https:\\\/\\\/zoomserie.at\\\/en\\\/produkt\\\/pistazien-cheesecake\\\/#organizationLogo\"},\"sameAs\":[\"https:\\\/\\\/www.facebook.com\\\/ZoomserieAustria\",\"https:\\\/\\\/www.instagram.com\\\/zoomseriewien\",\"https:\\\/\\\/www.tiktok.com\\\/@zoomserie.wien\"],\"address\":{\"@id\":\"https:\\\/\\\/zoomserie.at\\\/en\\\/#postaladdress\",\"@type\":\"PostalAddress\",\"streetAddress\":\"Gablenzgasse 11, Lugner City\",\"postalCode\":\"1150\",\"addressLocality\":\"Wien\",\"addressCountry\":\"AT\"},\"taxID\":\"FN 617575 z\",\"vatID\":\"ATU80436324\"},{\"@type\":\"WebPage\",\"@id\":\"https:\\\/\\\/zoomserie.at\\\/en\\\/produkt\\\/pistazien-cheesecake\\\/#webpage\",\"url\":\"https:\\\/\\\/zoomserie.at\\\/en\\\/produkt\\\/pistazien-cheesecake\\\/\",\"name\":\"Pistazien Cheesecake \\u25ba Zoomserie Wien\",\"description\":\"Pistazien Cheesecake verbindet den cremigen, leicht s\\u00e4uerlichen Geschmack von Cheesecake mit dem unverwechselbaren, nussigen Aroma der Pistazien. Er besteht aus einem Boden aus Graham-Crackern und einer reichhaltigen, samtigen F\\u00fcllung aus Frischk\\u00e4se, Zucker sowie 100 % Pistazienpaste und fein gemahlenen Pistazien. Sie k\\u00f6nnen ihn als St\\u00fcck oder als ganze Torte kaufen.\",\"inLanguage\":\"en-US\",\"isPartOf\":{\"@id\":\"https:\\\/\\\/zoomserie.at\\\/en\\\/#website\"},\"breadcrumb\":{\"@id\":\"https:\\\/\\\/zoomserie.at\\\/en\\\/produkt\\\/pistazien-cheesecake\\\/#breadcrumblist\"},\"image\":{\"@type\":\"ImageObject\",\"url\":\"https:\\\/\\\/zoomserie.at\\\/wp-content\\\/uploads\\\/2025\\\/06\\\/cheesecake-pistachio.jpg\",\"@id\":\"https:\\\/\\\/zoomserie.at\\\/en\\\/produkt\\\/pistazien-cheesecake\\\/#mainImage\",\"width\":709,\"height\":495},\"primaryImageOfPage\":{\"@id\":\"https:\\\/\\\/zoomserie.at\\\/en\\\/produkt\\\/pistazien-cheesecake\\\/#mainImage\"},\"datePublished\":\"2025-06-15T11:42:14+02:00\",\"dateModified\":\"2026-03-28T09:06:30+01:00\"},{\"@type\":\"WebSite\",\"@id\":\"https:\\\/\\\/zoomserie.at\\\/en\\\/#website\",\"url\":\"https:\\\/\\\/zoomserie.at\\\/en\\\/\",\"name\":\"Zoomserie Wien\",\"description\":\"Zoomserie Wien, Torten Bestellen, Konditorei, Eis, Kaffee, Patisserie\",\"inLanguage\":\"en-US\",\"publisher\":{\"@id\":\"https:\\\/\\\/zoomserie.at\\\/en\\\/#organization\"}}]}\n\t\t<\/script>\n\t\t<!-- All in One SEO Pro -->\r\n\t\t<title>Pistazien Cheesecake \u25ba Zoomserie Wien<\/title>\n\n","aioseo_head_json":{"title":"Pistachio Cheesecake \u25ba Zoomserie Vienna","description":"Pistachio Cheesecake combines the creamy, slightly tart flavor of cheesecake with the distinctive, nutty aroma of pistachios. It features a graham cracker base and a rich, velvety filling of cream cheese, sugar, 100g pistachio paste, and finely ground pistachios. You can buy it by the slice or as a whole cake.","canonical_url":"https:\/\/zoomserie.at\/en\/produkt\/pistazien-cheesecake\/","robots":"max-image-preview:large","keywords":"","webmasterTools":{"miscellaneous":""},"schema":{"@context":"https:\/\/schema.org","@graph":[{"@type":"BreadcrumbList","@id":"https:\/\/zoomserie.at\/en\/produkt\/pistazien-cheesecake\/#breadcrumblist","itemListElement":[{"@type":"ListItem","@id":"https:\/\/zoomserie.at\/en#listItem","position":1,"name":"Zu Hause","item":"https:\/\/zoomserie.at\/en","nextItem":{"@type":"ListItem","@id":"https:\/\/zoomserie.at\/en\/shop\/#listItem","name":"Shop"}},{"@type":"ListItem","@id":"https:\/\/zoomserie.at\/en\/shop\/#listItem","position":2,"name":"Shop","item":"https:\/\/zoomserie.at\/en\/shop\/","nextItem":{"@type":"ListItem","@id":"https:\/\/zoomserie.at\/en\/produktkategorie\/kuchen\/#listItem","name":"Kuchen"},"previousItem":{"@type":"ListItem","@id":"https:\/\/zoomserie.at\/en#listItem","name":"Zu Hause"}},{"@type":"ListItem","@id":"https:\/\/zoomserie.at\/en\/produktkategorie\/kuchen\/#listItem","position":3,"name":"Kuchen","item":"https:\/\/zoomserie.at\/en\/produktkategorie\/kuchen\/","nextItem":{"@type":"ListItem","@id":"https:\/\/zoomserie.at\/en\/produktkategorie\/kuchen\/cheese-cake\/#listItem","name":"Cheese Cake"},"previousItem":{"@type":"ListItem","@id":"https:\/\/zoomserie.at\/en\/shop\/#listItem","name":"Shop"}},{"@type":"ListItem","@id":"https:\/\/zoomserie.at\/en\/produktkategorie\/kuchen\/cheese-cake\/#listItem","position":4,"name":"Cheese Cake","item":"https:\/\/zoomserie.at\/en\/produktkategorie\/kuchen\/cheese-cake\/","nextItem":{"@type":"ListItem","@id":"https:\/\/zoomserie.at\/en\/produkt\/pistazien-cheesecake\/#listItem","name":"Pistazien Cheesecake"},"previousItem":{"@type":"ListItem","@id":"https:\/\/zoomserie.at\/en\/produktkategorie\/kuchen\/#listItem","name":"Kuchen"}},{"@type":"ListItem","@id":"https:\/\/zoomserie.at\/en\/produkt\/pistazien-cheesecake\/#listItem","position":5,"name":"Pistazien Cheesecake","previousItem":{"@type":"ListItem","@id":"https:\/\/zoomserie.at\/en\/produktkategorie\/kuchen\/cheese-cake\/#listItem","name":"Cheese Cake"}}]},{"@type":"ItemPage","@id":"https:\/\/zoomserie.at\/en\/produkt\/pistazien-cheesecake\/#itempage","url":"https:\/\/zoomserie.at\/en\/produkt\/pistazien-cheesecake\/","name":"Pistazien Cheesecake \u25ba Zoomserie Wien","description":"Pistazien Cheesecake verbindet den cremigen, leicht s\u00e4uerlichen Geschmack von Cheesecake mit dem unverwechselbaren, nussigen Aroma der Pistazien. Er besteht aus einem Boden aus Graham-Crackern und einer reichhaltigen, samtigen F\u00fcllung aus Frischk\u00e4se, Zucker sowie 100 % Pistazienpaste und fein gemahlenen Pistazien. Sie k\u00f6nnen ihn als St\u00fcck oder als ganze Torte kaufen.","inLanguage":"en-US","isPartOf":{"@id":"https:\/\/zoomserie.at\/en\/#website"},"breadcrumb":{"@id":"https:\/\/zoomserie.at\/en\/produkt\/pistazien-cheesecake\/#breadcrumblist"},"image":{"@type":"ImageObject","url":"https:\/\/zoomserie.at\/wp-content\/uploads\/2025\/06\/cheesecake-pistachio.jpg","@id":"https:\/\/zoomserie.at\/en\/produkt\/pistazien-cheesecake\/#mainImage","width":709,"height":495},"primaryImageOfPage":{"@id":"https:\/\/zoomserie.at\/en\/produkt\/pistazien-cheesecake\/#mainImage"},"datePublished":"2025-06-15T11:42:14+02:00","dateModified":"2026-03-28T09:06:30+01:00"},{"@type":"Organization","@id":"https:\/\/zoomserie.at\/en\/#organization","name":"Zoomserie Wien","description":"Zoomserie ist eine moderne Patisserie. Gegr\u00fcndet wurde sie 1981 im gebirgigen Norden Griechenlands als Eishersteller. Die lokalen Zutaten wie Milch, Butter und Eier bestimmten die Rezepte, und sehr schnell wurde das kleine l\u00e4ndliche Unternehmen zu einer nationalen Marke. Mit derselben Leidenschaft setzen wir unsere Arbeit fort, verwenden die nat\u00fcrlichsten Zutaten und kreieren neue Rezepte in den Bereichen Patisserie, Eiscreme und traditionelle Backwaren. Griechenland, ein ewiger Schnittpunkt kulinarischer Kulturen, beeinflusst unsere Produktpalette am st\u00e4rksten. Orientalisch sirupartige Aromen, franz\u00f6sische Haute-Desserts, italienisches Gelato sowie die neuesten Trends der internationalen Patisseriekunst lassen unser umfangreiches Produktsortiment auf dem Markt hervorstechen. Dar\u00fcber hinaus wurde unsere Leidenschaft und unser Augenmerk auf das Detail beim guten Kaffee mit einem Great Taste Award f\u00fcr unsere Specialty-Kaffees ausgezeichnet. Unsere Produkte finden Sie in den Zoomserie-Fachgesch\u00e4ften in Griechenland, Deutschland, \u00d6sterreich, Gro\u00dfbritannien und Rum\u00e4nien sowie bei ausgew\u00e4hlten Handelspartnern.","url":"https:\/\/zoomserie.at\/en\/","email":"kontakt@zoomserie.at","telephone":"+4367761781960","foundingDate":"1981-04-18","logo":{"@type":"ImageObject","url":"https:\/\/zoomserie.at\/wp-content\/uploads\/2023\/11\/logo_zoomserie-01.svg","@id":"https:\/\/zoomserie.at\/en\/produkt\/pistazien-cheesecake\/#organizationLogo"},"image":{"@id":"https:\/\/zoomserie.at\/en\/produkt\/pistazien-cheesecake\/#organizationLogo"},"sameAs":["https:\/\/www.facebook.com\/ZoomserieAustria","https:\/\/www.instagram.com\/zoomseriewien","https:\/\/www.tiktok.com\/@zoomserie.wien"],"address":{"@id":"https:\/\/zoomserie.at\/en\/#postaladdress","@type":"PostalAddress","streetAddress":"Gablenzgasse 11, Lugner City","postalCode":"1150","addressLocality":"Wien","addressCountry":"AT"},"taxID":"FN 617575 z","vatID":"ATU80436324"},{"@type":"WebPage","@id":"https:\/\/zoomserie.at\/en\/produkt\/pistazien-cheesecake\/#webpage","url":"https:\/\/zoomserie.at\/en\/produkt\/pistazien-cheesecake\/","name":"Pistazien Cheesecake \u25ba Zoomserie Wien","description":"Pistazien Cheesecake verbindet den cremigen, leicht s\u00e4uerlichen Geschmack von Cheesecake mit dem unverwechselbaren, nussigen Aroma der Pistazien. Er besteht aus einem Boden aus Graham-Crackern und einer reichhaltigen, samtigen F\u00fcllung aus Frischk\u00e4se, Zucker sowie 100 % Pistazienpaste und fein gemahlenen Pistazien. Sie k\u00f6nnen ihn als St\u00fcck oder als ganze Torte kaufen.","inLanguage":"en-US","isPartOf":{"@id":"https:\/\/zoomserie.at\/en\/#website"},"breadcrumb":{"@id":"https:\/\/zoomserie.at\/en\/produkt\/pistazien-cheesecake\/#breadcrumblist"},"image":{"@type":"ImageObject","url":"https:\/\/zoomserie.at\/wp-content\/uploads\/2025\/06\/cheesecake-pistachio.jpg","@id":"https:\/\/zoomserie.at\/en\/produkt\/pistazien-cheesecake\/#mainImage","width":709,"height":495},"primaryImageOfPage":{"@id":"https:\/\/zoomserie.at\/en\/produkt\/pistazien-cheesecake\/#mainImage"},"datePublished":"2025-06-15T11:42:14+02:00","dateModified":"2026-03-28T09:06:30+01:00"},{"@type":"WebSite","@id":"https:\/\/zoomserie.at\/en\/#website","url":"https:\/\/zoomserie.at\/en\/","name":"Zoomserie Wien","description":"Zoomserie Wien, Torten Bestellen, Konditorei, Eis, Kaffee, Patisserie","inLanguage":"en-US","publisher":{"@id":"https:\/\/zoomserie.at\/en\/#organization"}}]},"og:locale":"en_US","og:site_name":"Zoomserie Wien \u25ba Zoomserie Wien, Torten Bestellen, Konditorei, Eis, Kaffee, Patisserie","og:type":"article","og:title":"Pistazien Cheesecake \u25ba Zoomserie Wien","og:description":"Pistazien Cheesecake verbindet den cremigen, leicht s\u00e4uerlichen Geschmack von Cheesecake mit dem unverwechselbaren, nussigen Aroma der Pistazien. Er besteht aus einem Boden aus Graham-Crackern und einer reichhaltigen, samtigen F\u00fcllung aus Frischk\u00e4se, Zucker sowie 100 % Pistazienpaste und fein gemahlenen Pistazien. Sie k\u00f6nnen ihn als St\u00fcck oder als ganze Torte kaufen.","og:url":"https:\/\/zoomserie.at\/en\/produkt\/pistazien-cheesecake\/","og:image":"https:\/\/zoomserie.at\/wp-content\/uploads\/2023\/11\/logo_zoomserie-01.svg","og:image:secure_url":"https:\/\/zoomserie.at\/wp-content\/uploads\/2023\/11\/logo_zoomserie-01.svg","article:published_time":"2025-06-15T09:42:14+00:00","article:modified_time":"2026-03-28T08:06:30+00:00","article:publisher":"https:\/\/www.facebook.com\/ZoomserieAustria","twitter:card":"summary_large_image","twitter:title":"Pistazien Cheesecake \u25ba Zoomserie Wien","twitter:description":"Pistazien Cheesecake verbindet den cremigen, leicht s\u00e4uerlichen Geschmack von Cheesecake mit dem unverwechselbaren, nussigen Aroma der Pistazien. Er besteht aus einem Boden aus Graham-Crackern und einer reichhaltigen, samtigen F\u00fcllung aus Frischk\u00e4se, Zucker sowie 100 % Pistazienpaste und fein gemahlenen Pistazien. Sie k\u00f6nnen ihn als St\u00fcck oder als ganze Torte kaufen.","twitter:image":"https:\/\/zoomserie.at\/wp-content\/uploads\/2023\/11\/logo_zoomserie-01.svg"},"aioseo_meta_data":{"post_id":"1958","title":null,"description":null,"keywords":null,"keyphrases":{"focus":{"keyphrase":"Pistazien Cheesecake","score":88,"analysis":{"keyphraseInTitle":{"score":9,"maxScore":9,"error":0},"keyphraseInDescription":{"score":9,"maxScore":9,"error":0},"keyphraseLength":{"score":9,"maxScore":9,"error":0,"length":2},"keyphraseInURL":{"score":5,"maxScore":5,"error":0},"keyphraseInIntroduction":{"score":3,"maxScore":9,"error":1},"keyphraseInSubHeadings":[],"keyphraseInImageAlt":[],"keywordDensity":{"type":"best","score":9,"maxScore":9,"error":0}}},"additional":[]},"primary_term":null,"canonical_url":null,"og_title":null,"og_description":null,"og_object_type":"default","og_image_type":"default","og_image_url":null,"og_image_width":null,"og_image_height":null,"og_image_custom_url":null,"og_image_custom_fields":null,"og_video":"","og_custom_url":null,"og_article_section":null,"og_article_tags":null,"twitter_use_og":false,"twitter_card":"default","twitter_image_type":"default","twitter_image_url":null,"twitter_image_custom_url":null,"twitter_image_custom_fields":null,"twitter_title":null,"twitter_description":null,"schema":{"blockGraphs":[],"customGraphs":[],"default":{"data":{"Article":[],"Course":[],"Dataset":[],"FAQPage":[],"Movie":[],"Person":[],"Product":[],"ProductReview":[],"Car":[],"Recipe":[],"Service":[],"SoftwareApplication":[],"WebPage":[]},"graphName":"ItemPage","isEnabled":true},"graphs":[]},"schema_type":"default","schema_type_options":null,"pillar_content":false,"robots_default":true,"robots_noindex":false,"robots_noarchive":false,"robots_nosnippet":false,"robots_nofollow":false,"robots_noimageindex":false,"robots_noodp":false,"robots_notranslate":false,"robots_max_snippet":"-1","robots_max_videopreview":"-1","robots_max_imagepreview":"large","priority":null,"frequency":"default","local_seo":null,"seo_analyzer_scan_date":"2026-03-28 08:46:23","breadcrumb_settings":null,"limit_modified_date":false,"reviewed_by":"0","open_ai":"{\"title\":{\"suggestions\":[],\"usage\":0},\"description\":{\"suggestions\":[],\"usage\":0}}","ai":{"faqs":[],"keyPoints":[],"titles":[],"descriptions":[],"socialPosts":{"email":[],"linkedin":[],"twitter":[],"facebook":[],"instagram":[]}},"created":"2025-06-15 09:42:14","updated":"2026-03-28 08:48:54"},"aioseo_breadcrumb":"<div class=\"aioseo-breadcrumbs\"><span class=\"aioseo-breadcrumb\">\n\t<a href=\"https:\/\/zoomserie.at\/en\" title=\"Zu Hause\">Zu Hause<\/a>\n<\/span><span class=\"aioseo-breadcrumb-separator\">&raquo;<\/span><span class=\"aioseo-breadcrumb\">\n\t<a href=\"https:\/\/zoomserie.at\/en\/shop\/\" title=\"Shop\">Shop<\/a>\n<\/span><span class=\"aioseo-breadcrumb-separator\">&raquo;<\/span><span class=\"aioseo-breadcrumb\">\n\t<a href=\"https:\/\/zoomserie.at\/en\/produktkategorie\/kuchen\/\" title=\"Kuchen\">Kuchen<\/a>\n<\/span><span class=\"aioseo-breadcrumb-separator\">&raquo;<\/span><span class=\"aioseo-breadcrumb\">\n\t<a href=\"https:\/\/zoomserie.at\/en\/produktkategorie\/kuchen\/cheese-cake\/\" title=\"Cheese Cake\">Cheese Cake<\/a>\n<\/span><span class=\"aioseo-breadcrumb-separator\">&raquo;<\/span><span class=\"aioseo-breadcrumb\">\n\tPistazien Cheesecake\n<\/span><\/div>","aioseo_breadcrumb_json":[{"label":"Zu Hause","link":"https:\/\/zoomserie.at\/en"},{"label":"Shop","link":"https:\/\/zoomserie.at\/en\/shop\/"},{"label":"Kuchen","link":"https:\/\/zoomserie.at\/en\/produktkategorie\/kuchen\/"},{"label":"Cheese Cake","link":"https:\/\/zoomserie.at\/en\/produktkategorie\/kuchen\/cheese-cake\/"},{"label":"Pistazien Cheesecake","link":"https:\/\/zoomserie.at\/en\/produkt\/pistazien-cheesecake\/"}],"_links":{"self":[{"href":"https:\/\/zoomserie.at\/en\/wp-json\/wp\/v2\/product\/1958","targetHints":{"allow":["GET"]}}],"collection":[{"href":"https:\/\/zoomserie.at\/en\/wp-json\/wp\/v2\/product"}],"about":[{"href":"https:\/\/zoomserie.at\/en\/wp-json\/wp\/v2\/types\/product"}],"replies":[{"embeddable":true,"href":"https:\/\/zoomserie.at\/en\/wp-json\/wp\/v2\/comments?post=1958"}],"wp:featuredmedia":[{"embeddable":true,"href":"https:\/\/zoomserie.at\/en\/wp-json\/wp\/v2\/media\/2015"}],"wp:attachment":[{"href":"https:\/\/zoomserie.at\/en\/wp-json\/wp\/v2\/media?parent=1958"}],"wp:term":[{"taxonomy":"product_brand","embeddable":true,"href":"https:\/\/zoomserie.at\/en\/wp-json\/wp\/v2\/product_brand?post=1958"},{"taxonomy":"product_cat","embeddable":true,"href":"https:\/\/zoomserie.at\/en\/wp-json\/wp\/v2\/product_cat?post=1958"},{"taxonomy":"product_tag","embeddable":true,"href":"https:\/\/zoomserie.at\/en\/wp-json\/wp\/v2\/product_tag?post=1958"}],"curies":[{"name":"wp","href":"https:\/\/api.w.org\/{rel}","templated":true}]}}