{"id":348,"date":"2023-11-23T00:04:17","date_gmt":"2023-11-22T23:04:17","guid":{"rendered":"https:\/\/zoomserie.at\/product\/himbeer-new-york-cheesecake\/"},"modified":"2025-05-02T19:41:14","modified_gmt":"2025-05-02T17:41:14","slug":"raspberry-new-york-cheesecake","status":"publish","type":"product","link":"https:\/\/zoomserie.at\/en\/produkt\/himbeer-new-york-cheesecake\/","title":{"rendered":"Raspberry New York Cheese Cake"},"content":{"rendered":"<p>Raspberry New York Cheesecake, <span class=\"dia_suggestion w4\" contextmenu=\"true\">complete<\/span> the <span class=\"dia_suggestion w5\" contextmenu=\"true\">Selection<\/span> from <span class=\"dia_suggestion w7\" contextmenu=\"true\">Tarts<\/span> Cheesecake, <span class=\"dia_suggestion w9\" contextmenu=\"true\">Manufacturing<\/span> <span class=\"dia_suggestion w10\" contextmenu=\"true\">from<\/span> \u2013 <span class=\"dia_suggestion w11\" contextmenu=\"true\">outstanding<\/span> <span class=\"dia_suggestion w12\" contextmenu=\"true\">above<\/span> the <span class=\"dia_suggestion w14\" contextmenu=\"true\">The taste<\/span> Distinctively from raspberries. <span class=\"dia_suggestion w17\" contextmenu=\"true\">This<\/span> <span class=\"dia_suggestion w18\" contextmenu=\"true\">contains<\/span> <span class=\"dia_suggestion_done w19\" contextmenu=\"true\">tart<\/span> <span class=\"dia_suggestion w20\" contextmenu=\"true\">from<\/span> <span class=\"dia_suggestion w21\" contextmenu=\"true\">Cookies<\/span> , <span class=\"dia_suggestion_done w22\" contextmenu=\"true\">cream<\/span> from <span class=\"dia_suggestion w24\" contextmenu=\"true\">Cheese<\/span> with <span class=\"dia_suggestion w26\" contextmenu=\"true\">flavor<\/span> from <span class=\"dia_suggestion w28\" contextmenu=\"true\">lemon<\/span> <span class=\"dia_suggestion w29\" contextmenu=\"true\">and<\/span> <span class=\"dia_suggestion w30\" contextmenu=\"true\">raspberry<\/span> .<\/p>","protected":false},"excerpt":{"rendered":"<p><span class=\"dia_suggestion w4\" contextmenu=\"true\">Raspberry New York Cheese Cake complete<\/span> the <span class=\"dia_suggestion w5\" contextmenu=\"true\">Selection<\/span> from <span class=\"dia_suggestion w7\" contextmenu=\"true\">cake<\/span> Cheesecake, <span class=\"dia_suggestion w9\" contextmenu=\"true\">production<\/span> <span class=\"dia_suggestion w10\" contextmenu=\"true\">From<\/span> \u2013 <span class=\"dia_suggestion w11\" contextmenu=\"true\">terrific<\/span> about the <span class=\"dia_suggestion w12\" contextmenu=\"true\">The taste<\/span> <span class=\"dia_suggestion w14\" contextmenu=\"true\">Unmistakable<\/span> of raspberries. <span class=\"dia_suggestion w17\" contextmenu=\"true\">This<\/span> <span class=\"dia_suggestion w18\" contextmenu=\"true\">contains<\/span> <span class=\"dia_suggestion_done w19\" contextmenu=\"true\">tart<\/span> <span class=\"dia_suggestion w20\" contextmenu=\"true\">from<\/span> <span class=\"dia_suggestion w21\" contextmenu=\"true\">Cookies<\/span> , <span class=\"dia_suggestion_done w22\" contextmenu=\"true\">cream<\/span> from <span class=\"dia_suggestion w24\" contextmenu=\"true\">Cheese<\/span> with <span class=\"dia_suggestion w26\" contextmenu=\"true\">flavor<\/span> from <span class=\"dia_suggestion w28\" contextmenu=\"true\">lemon<\/span> <span class=\"dia_suggestion w29\" contextmenu=\"true\">and<\/span> <span class=\"dia_suggestion w30\" contextmenu=\"true\">raspberry<\/span> .<\/p>","protected":false},"featured_media":1724,"comment_status":"closed","ping_status":"closed","template":"","meta":{"_monsterinsights_skip_tracking":false,"_monsterinsights_sitenote_active":false,"_monsterinsights_sitenote_note":"","_monsterinsights_sitenote_category":0},"product_brand":[],"product_cat":[128,129],"product_tag":[],"class_list":{"0":"post-348","1":"product","2":"type-product","3":"status-publish","4":"has-post-thumbnail","6":"product_cat-cheese-cake","7":"product_cat-tarte","9":"first","10":"outofstock","11":"taxable","12":"shipping-taxable","13":"purchasable","14":"product-type-simple"},"aioseo_notices":[],"aioseo_head":"\n\t\t<!-- All in One SEO Pro 4.9.6.2 - aioseo.com -->\n\t<meta name=\"description\" content=\"Raspberry New York Cheese Cake vollst\u00e4ndig die Auswahl von Torte K\u00e4sekuchen, Produktion Von - hervorragend \u00fcber die Geschmack Unverwechselbar nach Himbeeren. Diese enth\u00e4lt tart von Kekse , Creme von K\u00e4se mit Geschmacksrichtung von Zitrone und Himbeere .\" \/>\n\t<meta name=\"robots\" content=\"max-image-preview:large\" \/>\n\t<link rel=\"canonical\" href=\"https:\/\/zoomserie.at\/en\/produkt\/himbeer-new-york-cheesecake\/\" \/>\n\t<meta name=\"generator\" content=\"All in One SEO Pro (AIOSEO) 4.9.6.2\" \/>\n\t\t<meta property=\"og:locale\" content=\"en_US\" \/>\n\t\t<meta property=\"og:site_name\" content=\"Zoomserie Wien \u25ba Zoomserie Wien, Torten Bestellen, Konditorei, Eis, Kaffee, Patisserie\" \/>\n\t\t<meta property=\"og:type\" content=\"article\" \/>\n\t\t<meta property=\"og:title\" content=\"Raspberry New York Cheese Cake \u25ba Zoomserie Wien\" \/>\n\t\t<meta property=\"og:description\" content=\"Raspberry New York Cheese Cake vollst\u00e4ndig die Auswahl von Torte K\u00e4sekuchen, Produktion Von - hervorragend \u00fcber die Geschmack Unverwechselbar nach Himbeeren. Diese enth\u00e4lt tart von Kekse , Creme von K\u00e4se mit Geschmacksrichtung von Zitrone und Himbeere .\" \/>\n\t\t<meta property=\"og:url\" content=\"https:\/\/zoomserie.at\/en\/produkt\/himbeer-new-york-cheesecake\/\" \/>\n\t\t<meta property=\"og:image\" content=\"https:\/\/zoomserie.at\/wp-content\/uploads\/2023\/11\/logo_zoomserie-01.svg\" \/>\n\t\t<meta property=\"og:image:secure_url\" content=\"https:\/\/zoomserie.at\/wp-content\/uploads\/2023\/11\/logo_zoomserie-01.svg\" \/>\n\t\t<meta property=\"article:published_time\" content=\"2023-11-22T23:04:17+00:00\" \/>\n\t\t<meta property=\"article:modified_time\" content=\"2025-05-02T17:41:14+00:00\" \/>\n\t\t<meta property=\"article:publisher\" content=\"https:\/\/www.facebook.com\/ZoomserieAustria\" \/>\n\t\t<meta name=\"twitter:card\" content=\"summary_large_image\" \/>\n\t\t<meta name=\"twitter:title\" content=\"Raspberry New York Cheese Cake \u25ba Zoomserie Wien\" \/>\n\t\t<meta name=\"twitter:description\" content=\"Raspberry New York Cheese Cake vollst\u00e4ndig die Auswahl von Torte K\u00e4sekuchen, Produktion Von - hervorragend \u00fcber die Geschmack Unverwechselbar nach Himbeeren. Diese enth\u00e4lt tart von Kekse , Creme von K\u00e4se mit Geschmacksrichtung von Zitrone und Himbeere .\" \/>\n\t\t<meta name=\"twitter:image\" content=\"https:\/\/zoomserie.at\/wp-content\/uploads\/2023\/11\/logo_zoomserie-01.svg\" \/>\n\t\t<script type=\"application\/ld+json\" class=\"aioseo-schema\">\n\t\t\t{\"@context\":\"https:\\\/\\\/schema.org\",\"@graph\":[{\"@type\":\"BreadcrumbList\",\"@id\":\"https:\\\/\\\/zoomserie.at\\\/en\\\/produkt\\\/himbeer-new-york-cheesecake\\\/#breadcrumblist\",\"itemListElement\":[{\"@type\":\"ListItem\",\"@id\":\"https:\\\/\\\/zoomserie.at\\\/en#listItem\",\"position\":1,\"name\":\"Zu Hause\",\"item\":\"https:\\\/\\\/zoomserie.at\\\/en\",\"nextItem\":{\"@type\":\"ListItem\",\"@id\":\"https:\\\/\\\/zoomserie.at\\\/en\\\/shop\\\/#listItem\",\"name\":\"Shop\"}},{\"@type\":\"ListItem\",\"@id\":\"https:\\\/\\\/zoomserie.at\\\/en\\\/shop\\\/#listItem\",\"position\":2,\"name\":\"Shop\",\"item\":\"https:\\\/\\\/zoomserie.at\\\/en\\\/shop\\\/\",\"nextItem\":{\"@type\":\"ListItem\",\"@id\":\"https:\\\/\\\/zoomserie.at\\\/en\\\/produktkategorie\\\/kuchen\\\/#listItem\",\"name\":\"Kuchen\"},\"previousItem\":{\"@type\":\"ListItem\",\"@id\":\"https:\\\/\\\/zoomserie.at\\\/en#listItem\",\"name\":\"Zu Hause\"}},{\"@type\":\"ListItem\",\"@id\":\"https:\\\/\\\/zoomserie.at\\\/en\\\/produktkategorie\\\/kuchen\\\/#listItem\",\"position\":3,\"name\":\"Kuchen\",\"item\":\"https:\\\/\\\/zoomserie.at\\\/en\\\/produktkategorie\\\/kuchen\\\/\",\"nextItem\":{\"@type\":\"ListItem\",\"@id\":\"https:\\\/\\\/zoomserie.at\\\/en\\\/produktkategorie\\\/kuchen\\\/cheese-cake\\\/#listItem\",\"name\":\"Cheese Cake\"},\"previousItem\":{\"@type\":\"ListItem\",\"@id\":\"https:\\\/\\\/zoomserie.at\\\/en\\\/shop\\\/#listItem\",\"name\":\"Shop\"}},{\"@type\":\"ListItem\",\"@id\":\"https:\\\/\\\/zoomserie.at\\\/en\\\/produktkategorie\\\/kuchen\\\/cheese-cake\\\/#listItem\",\"position\":4,\"name\":\"Cheese Cake\",\"item\":\"https:\\\/\\\/zoomserie.at\\\/en\\\/produktkategorie\\\/kuchen\\\/cheese-cake\\\/\",\"nextItem\":{\"@type\":\"ListItem\",\"@id\":\"https:\\\/\\\/zoomserie.at\\\/en\\\/produkt\\\/himbeer-new-york-cheesecake\\\/#listItem\",\"name\":\"Raspberry New York Cheese Cake\"},\"previousItem\":{\"@type\":\"ListItem\",\"@id\":\"https:\\\/\\\/zoomserie.at\\\/en\\\/produktkategorie\\\/kuchen\\\/#listItem\",\"name\":\"Kuchen\"}},{\"@type\":\"ListItem\",\"@id\":\"https:\\\/\\\/zoomserie.at\\\/en\\\/produkt\\\/himbeer-new-york-cheesecake\\\/#listItem\",\"position\":5,\"name\":\"Raspberry New York Cheese Cake\",\"previousItem\":{\"@type\":\"ListItem\",\"@id\":\"https:\\\/\\\/zoomserie.at\\\/en\\\/produktkategorie\\\/kuchen\\\/cheese-cake\\\/#listItem\",\"name\":\"Cheese Cake\"}}]},{\"@type\":\"ItemPage\",\"@id\":\"https:\\\/\\\/zoomserie.at\\\/en\\\/produkt\\\/himbeer-new-york-cheesecake\\\/#itempage\",\"url\":\"https:\\\/\\\/zoomserie.at\\\/en\\\/produkt\\\/himbeer-new-york-cheesecake\\\/\",\"name\":\"Raspberry New York Cheese Cake \\u25ba Zoomserie Wien\",\"description\":\"Raspberry New York Cheese Cake vollst\\u00e4ndig die Auswahl von Torte K\\u00e4sekuchen, Produktion Von - hervorragend \\u00fcber die Geschmack Unverwechselbar nach Himbeeren. Diese enth\\u00e4lt tart von Kekse , Creme von K\\u00e4se mit Geschmacksrichtung von Zitrone und Himbeere .\",\"inLanguage\":\"en-US\",\"isPartOf\":{\"@id\":\"https:\\\/\\\/zoomserie.at\\\/en\\\/#website\"},\"breadcrumb\":{\"@id\":\"https:\\\/\\\/zoomserie.at\\\/en\\\/produkt\\\/himbeer-new-york-cheesecake\\\/#breadcrumblist\"},\"image\":{\"@type\":\"ImageObject\",\"url\":\"https:\\\/\\\/zoomserie.at\\\/wp-content\\\/uploads\\\/2024\\\/03\\\/red-fruits-with-white-choco-cheesecake.jpg\",\"@id\":\"https:\\\/\\\/zoomserie.at\\\/en\\\/produkt\\\/himbeer-new-york-cheesecake\\\/#mainImage\",\"width\":1000,\"height\":1000},\"primaryImageOfPage\":{\"@id\":\"https:\\\/\\\/zoomserie.at\\\/en\\\/produkt\\\/himbeer-new-york-cheesecake\\\/#mainImage\"},\"datePublished\":\"2023-11-23T00:04:17+01:00\",\"dateModified\":\"2025-05-02T19:41:14+02:00\"},{\"@type\":\"Organization\",\"@id\":\"https:\\\/\\\/zoomserie.at\\\/en\\\/#organization\",\"name\":\"Zoomserie Wien\",\"description\":\"Zoomserie ist eine moderne Patisserie. Gegr\\u00fcndet wurde sie 1981 im gebirgigen Norden Griechenlands als Eishersteller. Die lokalen Zutaten wie Milch, Butter und Eier bestimmten die Rezepte, und sehr schnell wurde das kleine l\\u00e4ndliche Unternehmen zu einer nationalen Marke. Mit derselben Leidenschaft setzen wir unsere Arbeit fort, verwenden die nat\\u00fcrlichsten Zutaten und kreieren neue Rezepte in den Bereichen Patisserie, Eiscreme und traditionelle Backwaren. Griechenland, ein ewiger Schnittpunkt kulinarischer Kulturen, beeinflusst unsere Produktpalette am st\\u00e4rksten. Orientalisch sirupartige Aromen, franz\\u00f6sische Haute-Desserts, italienisches Gelato sowie die neuesten Trends der internationalen Patisseriekunst lassen unser umfangreiches Produktsortiment auf dem Markt hervorstechen. Dar\\u00fcber hinaus wurde unsere Leidenschaft und unser Augenmerk auf das Detail beim guten Kaffee mit einem Great Taste Award f\\u00fcr unsere Specialty-Kaffees ausgezeichnet. Unsere Produkte finden Sie in den Zoomserie-Fachgesch\\u00e4ften in Griechenland, Deutschland, \\u00d6sterreich, Gro\\u00dfbritannien und Rum\\u00e4nien sowie bei ausgew\\u00e4hlten Handelspartnern.\",\"url\":\"https:\\\/\\\/zoomserie.at\\\/en\\\/\",\"email\":\"kontakt@zoomserie.at\",\"telephone\":\"+4367761781960\",\"foundingDate\":\"1981-04-18\",\"logo\":{\"@type\":\"ImageObject\",\"url\":\"https:\\\/\\\/zoomserie.at\\\/wp-content\\\/uploads\\\/2023\\\/11\\\/logo_zoomserie-01.svg\",\"@id\":\"https:\\\/\\\/zoomserie.at\\\/en\\\/produkt\\\/himbeer-new-york-cheesecake\\\/#organizationLogo\"},\"image\":{\"@id\":\"https:\\\/\\\/zoomserie.at\\\/en\\\/produkt\\\/himbeer-new-york-cheesecake\\\/#organizationLogo\"},\"sameAs\":[\"https:\\\/\\\/www.facebook.com\\\/ZoomserieAustria\",\"https:\\\/\\\/www.instagram.com\\\/zoomseriewien\",\"https:\\\/\\\/www.tiktok.com\\\/@zoomserie.wien\"],\"address\":{\"@id\":\"https:\\\/\\\/zoomserie.at\\\/en\\\/#postaladdress\",\"@type\":\"PostalAddress\",\"streetAddress\":\"Gablenzgasse 11, Lugner City\",\"postalCode\":\"1150\",\"addressLocality\":\"Wien\",\"addressCountry\":\"AT\"},\"taxID\":\"FN 617575 z\",\"vatID\":\"ATU80436324\"},{\"@type\":\"WebPage\",\"@id\":\"https:\\\/\\\/zoomserie.at\\\/en\\\/produkt\\\/himbeer-new-york-cheesecake\\\/#webpage\",\"url\":\"https:\\\/\\\/zoomserie.at\\\/en\\\/produkt\\\/himbeer-new-york-cheesecake\\\/\",\"name\":\"Raspberry New York Cheese Cake \\u25ba Zoomserie Wien\",\"description\":\"Raspberry New York Cheese Cake vollst\\u00e4ndig die Auswahl von Torte K\\u00e4sekuchen, Produktion Von - hervorragend \\u00fcber die Geschmack Unverwechselbar nach Himbeeren. Diese enth\\u00e4lt tart von Kekse , Creme von K\\u00e4se mit Geschmacksrichtung von Zitrone und Himbeere .\",\"inLanguage\":\"en-US\",\"isPartOf\":{\"@id\":\"https:\\\/\\\/zoomserie.at\\\/en\\\/#website\"},\"breadcrumb\":{\"@id\":\"https:\\\/\\\/zoomserie.at\\\/en\\\/produkt\\\/himbeer-new-york-cheesecake\\\/#breadcrumblist\"},\"image\":{\"@type\":\"ImageObject\",\"url\":\"https:\\\/\\\/zoomserie.at\\\/wp-content\\\/uploads\\\/2024\\\/03\\\/red-fruits-with-white-choco-cheesecake.jpg\",\"@id\":\"https:\\\/\\\/zoomserie.at\\\/en\\\/produkt\\\/himbeer-new-york-cheesecake\\\/#mainImage\",\"width\":1000,\"height\":1000},\"primaryImageOfPage\":{\"@id\":\"https:\\\/\\\/zoomserie.at\\\/en\\\/produkt\\\/himbeer-new-york-cheesecake\\\/#mainImage\"},\"datePublished\":\"2023-11-23T00:04:17+01:00\",\"dateModified\":\"2025-05-02T19:41:14+02:00\"},{\"@type\":\"WebSite\",\"@id\":\"https:\\\/\\\/zoomserie.at\\\/en\\\/#website\",\"url\":\"https:\\\/\\\/zoomserie.at\\\/en\\\/\",\"name\":\"Zoomserie Wien\",\"description\":\"Zoomserie Wien, Torten Bestellen, Konditorei, Eis, Kaffee, Patisserie\",\"inLanguage\":\"en-US\",\"publisher\":{\"@id\":\"https:\\\/\\\/zoomserie.at\\\/en\\\/#organization\"}}]}\n\t\t<\/script>\n\t\t<!-- All in One SEO Pro -->\r\n\t\t<title>Raspberry New York Cheese Cake \u25ba Zoomserie Wien<\/title>\n\n","aioseo_head_json":{"title":"Raspberry New York Cheese Cake \u25ba Zoomserie Vienna","description":"Raspberry New York Cheese Cake completes the selection of cake cheesecakes, production of - excellent about the taste unmistakably of raspberries. This contains tart of biscuits, cream of cheese with flavor of lemon and raspberry.","canonical_url":"https:\/\/zoomserie.at\/en\/produkt\/himbeer-new-york-cheesecake\/","robots":"max-image-preview:large","keywords":"","webmasterTools":{"miscellaneous":""},"schema":{"@context":"https:\/\/schema.org","@graph":[{"@type":"BreadcrumbList","@id":"https:\/\/zoomserie.at\/en\/produkt\/himbeer-new-york-cheesecake\/#breadcrumblist","itemListElement":[{"@type":"ListItem","@id":"https:\/\/zoomserie.at\/en#listItem","position":1,"name":"Zu Hause","item":"https:\/\/zoomserie.at\/en","nextItem":{"@type":"ListItem","@id":"https:\/\/zoomserie.at\/en\/shop\/#listItem","name":"Shop"}},{"@type":"ListItem","@id":"https:\/\/zoomserie.at\/en\/shop\/#listItem","position":2,"name":"Shop","item":"https:\/\/zoomserie.at\/en\/shop\/","nextItem":{"@type":"ListItem","@id":"https:\/\/zoomserie.at\/en\/produktkategorie\/kuchen\/#listItem","name":"Kuchen"},"previousItem":{"@type":"ListItem","@id":"https:\/\/zoomserie.at\/en#listItem","name":"Zu Hause"}},{"@type":"ListItem","@id":"https:\/\/zoomserie.at\/en\/produktkategorie\/kuchen\/#listItem","position":3,"name":"Kuchen","item":"https:\/\/zoomserie.at\/en\/produktkategorie\/kuchen\/","nextItem":{"@type":"ListItem","@id":"https:\/\/zoomserie.at\/en\/produktkategorie\/kuchen\/cheese-cake\/#listItem","name":"Cheese Cake"},"previousItem":{"@type":"ListItem","@id":"https:\/\/zoomserie.at\/en\/shop\/#listItem","name":"Shop"}},{"@type":"ListItem","@id":"https:\/\/zoomserie.at\/en\/produktkategorie\/kuchen\/cheese-cake\/#listItem","position":4,"name":"Cheese Cake","item":"https:\/\/zoomserie.at\/en\/produktkategorie\/kuchen\/cheese-cake\/","nextItem":{"@type":"ListItem","@id":"https:\/\/zoomserie.at\/en\/produkt\/himbeer-new-york-cheesecake\/#listItem","name":"Raspberry New York Cheese Cake"},"previousItem":{"@type":"ListItem","@id":"https:\/\/zoomserie.at\/en\/produktkategorie\/kuchen\/#listItem","name":"Kuchen"}},{"@type":"ListItem","@id":"https:\/\/zoomserie.at\/en\/produkt\/himbeer-new-york-cheesecake\/#listItem","position":5,"name":"Raspberry New York Cheese Cake","previousItem":{"@type":"ListItem","@id":"https:\/\/zoomserie.at\/en\/produktkategorie\/kuchen\/cheese-cake\/#listItem","name":"Cheese Cake"}}]},{"@type":"ItemPage","@id":"https:\/\/zoomserie.at\/en\/produkt\/himbeer-new-york-cheesecake\/#itempage","url":"https:\/\/zoomserie.at\/en\/produkt\/himbeer-new-york-cheesecake\/","name":"Raspberry New York Cheese Cake \u25ba Zoomserie Wien","description":"Raspberry New York Cheese Cake vollst\u00e4ndig die Auswahl von Torte K\u00e4sekuchen, Produktion Von - hervorragend \u00fcber die Geschmack Unverwechselbar nach Himbeeren. Diese enth\u00e4lt tart von Kekse , Creme von K\u00e4se mit Geschmacksrichtung von Zitrone und Himbeere .","inLanguage":"en-US","isPartOf":{"@id":"https:\/\/zoomserie.at\/en\/#website"},"breadcrumb":{"@id":"https:\/\/zoomserie.at\/en\/produkt\/himbeer-new-york-cheesecake\/#breadcrumblist"},"image":{"@type":"ImageObject","url":"https:\/\/zoomserie.at\/wp-content\/uploads\/2024\/03\/red-fruits-with-white-choco-cheesecake.jpg","@id":"https:\/\/zoomserie.at\/en\/produkt\/himbeer-new-york-cheesecake\/#mainImage","width":1000,"height":1000},"primaryImageOfPage":{"@id":"https:\/\/zoomserie.at\/en\/produkt\/himbeer-new-york-cheesecake\/#mainImage"},"datePublished":"2023-11-23T00:04:17+01:00","dateModified":"2025-05-02T19:41:14+02:00"},{"@type":"Organization","@id":"https:\/\/zoomserie.at\/en\/#organization","name":"Zoomserie Wien","description":"Zoomserie ist eine moderne Patisserie. Gegr\u00fcndet wurde sie 1981 im gebirgigen Norden Griechenlands als Eishersteller. Die lokalen Zutaten wie Milch, Butter und Eier bestimmten die Rezepte, und sehr schnell wurde das kleine l\u00e4ndliche Unternehmen zu einer nationalen Marke. Mit derselben Leidenschaft setzen wir unsere Arbeit fort, verwenden die nat\u00fcrlichsten Zutaten und kreieren neue Rezepte in den Bereichen Patisserie, Eiscreme und traditionelle Backwaren. Griechenland, ein ewiger Schnittpunkt kulinarischer Kulturen, beeinflusst unsere Produktpalette am st\u00e4rksten. Orientalisch sirupartige Aromen, franz\u00f6sische Haute-Desserts, italienisches Gelato sowie die neuesten Trends der internationalen Patisseriekunst lassen unser umfangreiches Produktsortiment auf dem Markt hervorstechen. Dar\u00fcber hinaus wurde unsere Leidenschaft und unser Augenmerk auf das Detail beim guten Kaffee mit einem Great Taste Award f\u00fcr unsere Specialty-Kaffees ausgezeichnet. Unsere Produkte finden Sie in den Zoomserie-Fachgesch\u00e4ften in Griechenland, Deutschland, \u00d6sterreich, Gro\u00dfbritannien und Rum\u00e4nien sowie bei ausgew\u00e4hlten Handelspartnern.","url":"https:\/\/zoomserie.at\/en\/","email":"kontakt@zoomserie.at","telephone":"+4367761781960","foundingDate":"1981-04-18","logo":{"@type":"ImageObject","url":"https:\/\/zoomserie.at\/wp-content\/uploads\/2023\/11\/logo_zoomserie-01.svg","@id":"https:\/\/zoomserie.at\/en\/produkt\/himbeer-new-york-cheesecake\/#organizationLogo"},"image":{"@id":"https:\/\/zoomserie.at\/en\/produkt\/himbeer-new-york-cheesecake\/#organizationLogo"},"sameAs":["https:\/\/www.facebook.com\/ZoomserieAustria","https:\/\/www.instagram.com\/zoomseriewien","https:\/\/www.tiktok.com\/@zoomserie.wien"],"address":{"@id":"https:\/\/zoomserie.at\/en\/#postaladdress","@type":"PostalAddress","streetAddress":"Gablenzgasse 11, Lugner City","postalCode":"1150","addressLocality":"Wien","addressCountry":"AT"},"taxID":"FN 617575 z","vatID":"ATU80436324"},{"@type":"WebPage","@id":"https:\/\/zoomserie.at\/en\/produkt\/himbeer-new-york-cheesecake\/#webpage","url":"https:\/\/zoomserie.at\/en\/produkt\/himbeer-new-york-cheesecake\/","name":"Raspberry New York Cheese Cake \u25ba Zoomserie Wien","description":"Raspberry New York Cheese Cake vollst\u00e4ndig die Auswahl von Torte K\u00e4sekuchen, Produktion Von - hervorragend \u00fcber die Geschmack Unverwechselbar nach Himbeeren. Diese enth\u00e4lt tart von Kekse , Creme von K\u00e4se mit Geschmacksrichtung von Zitrone und Himbeere .","inLanguage":"en-US","isPartOf":{"@id":"https:\/\/zoomserie.at\/en\/#website"},"breadcrumb":{"@id":"https:\/\/zoomserie.at\/en\/produkt\/himbeer-new-york-cheesecake\/#breadcrumblist"},"image":{"@type":"ImageObject","url":"https:\/\/zoomserie.at\/wp-content\/uploads\/2024\/03\/red-fruits-with-white-choco-cheesecake.jpg","@id":"https:\/\/zoomserie.at\/en\/produkt\/himbeer-new-york-cheesecake\/#mainImage","width":1000,"height":1000},"primaryImageOfPage":{"@id":"https:\/\/zoomserie.at\/en\/produkt\/himbeer-new-york-cheesecake\/#mainImage"},"datePublished":"2023-11-23T00:04:17+01:00","dateModified":"2025-05-02T19:41:14+02:00"},{"@type":"WebSite","@id":"https:\/\/zoomserie.at\/en\/#website","url":"https:\/\/zoomserie.at\/en\/","name":"Zoomserie Wien","description":"Zoomserie Wien, Torten Bestellen, Konditorei, Eis, Kaffee, Patisserie","inLanguage":"en-US","publisher":{"@id":"https:\/\/zoomserie.at\/en\/#organization"}}]},"og:locale":"en_US","og:site_name":"Zoomserie Wien \u25ba Zoomserie Wien, Torten Bestellen, Konditorei, Eis, Kaffee, Patisserie","og:type":"article","og:title":"Raspberry New York Cheese Cake \u25ba Zoomserie Wien","og:description":"Raspberry New York Cheese Cake vollst\u00e4ndig die Auswahl von Torte K\u00e4sekuchen, Produktion Von - hervorragend \u00fcber die Geschmack Unverwechselbar nach Himbeeren. Diese enth\u00e4lt tart von Kekse , Creme von K\u00e4se mit Geschmacksrichtung von Zitrone und Himbeere .","og:url":"https:\/\/zoomserie.at\/en\/produkt\/himbeer-new-york-cheesecake\/","og:image":"https:\/\/zoomserie.at\/wp-content\/uploads\/2023\/11\/logo_zoomserie-01.svg","og:image:secure_url":"https:\/\/zoomserie.at\/wp-content\/uploads\/2023\/11\/logo_zoomserie-01.svg","article:published_time":"2023-11-22T23:04:17+00:00","article:modified_time":"2025-05-02T17:41:14+00:00","article:publisher":"https:\/\/www.facebook.com\/ZoomserieAustria","twitter:card":"summary_large_image","twitter:title":"Raspberry New York Cheese Cake \u25ba Zoomserie Wien","twitter:description":"Raspberry New York Cheese Cake vollst\u00e4ndig die Auswahl von Torte K\u00e4sekuchen, Produktion Von - hervorragend \u00fcber die Geschmack Unverwechselbar nach Himbeeren. Diese enth\u00e4lt tart von Kekse , Creme von K\u00e4se mit Geschmacksrichtung von Zitrone und Himbeere .","twitter:image":"https:\/\/zoomserie.at\/wp-content\/uploads\/2023\/11\/logo_zoomserie-01.svg"},"aioseo_meta_data":{"post_id":"348","title":null,"description":null,"keywords":null,"keyphrases":{"focus":{"keyphrase":"Raspberry New York Cheese Cake","score":56,"analysis":{"keyphraseInTitle":{"score":9,"maxScore":9,"error":0},"keyphraseInDescription":{"score":9,"maxScore":9,"error":0},"keyphraseLength":{"score":6,"maxScore":9,"error":1,"length":5},"keyphraseInURL":{"score":1,"maxScore":5,"error":1},"keyphraseInIntroduction":{"score":3,"maxScore":9,"error":1},"keyphraseInSubHeadings":[],"keyphraseInImageAlt":[],"keywordDensity":{"score":0,"type":"low","maxScore":9,"error":1}}},"additional":[]},"primary_term":null,"canonical_url":null,"og_title":null,"og_description":null,"og_object_type":"default","og_image_type":"default","og_image_url":null,"og_image_width":null,"og_image_height":null,"og_image_custom_url":null,"og_image_custom_fields":null,"og_video":"","og_custom_url":null,"og_article_section":null,"og_article_tags":null,"twitter_use_og":false,"twitter_card":"default","twitter_image_type":"default","twitter_image_url":null,"twitter_image_custom_url":null,"twitter_image_custom_fields":null,"twitter_title":null,"twitter_description":null,"schema":{"blockGraphs":[],"customGraphs":[],"default":{"data":{"Article":[],"Course":[],"Dataset":[],"FAQPage":[],"Movie":[],"Person":[],"Product":[],"ProductReview":[],"Car":[],"Recipe":[],"Service":[],"SoftwareApplication":[],"WebPage":[]},"graphName":"ItemPage","isEnabled":true},"graphs":[]},"schema_type":"default","schema_type_options":null,"pillar_content":false,"robots_default":true,"robots_noindex":false,"robots_noarchive":false,"robots_nosnippet":false,"robots_nofollow":false,"robots_noimageindex":false,"robots_noodp":false,"robots_notranslate":false,"robots_max_snippet":"-1","robots_max_videopreview":"-1","robots_max_imagepreview":"large","priority":null,"frequency":"default","local_seo":null,"seo_analyzer_scan_date":"2025-10-09 06:10:34","breadcrumb_settings":null,"limit_modified_date":false,"reviewed_by":null,"open_ai":"{\"title\":{\"suggestions\":[],\"usage\":0},\"description\":{\"suggestions\":[],\"usage\":0}}","ai":null,"created":"2024-02-09 13:06:30","updated":"2025-10-09 06:10:34"},"aioseo_breadcrumb":"<div class=\"aioseo-breadcrumbs\"><span class=\"aioseo-breadcrumb\">\n\t<a href=\"https:\/\/zoomserie.at\/en\" title=\"Zu Hause\">Zu Hause<\/a>\n<\/span><span class=\"aioseo-breadcrumb-separator\">&raquo;<\/span><span class=\"aioseo-breadcrumb\">\n\t<a href=\"https:\/\/zoomserie.at\/en\/shop\/\" title=\"Shop\">Shop<\/a>\n<\/span><span class=\"aioseo-breadcrumb-separator\">&raquo;<\/span><span class=\"aioseo-breadcrumb\">\n\t<a href=\"https:\/\/zoomserie.at\/en\/produktkategorie\/kuchen\/\" title=\"Kuchen\">Kuchen<\/a>\n<\/span><span class=\"aioseo-breadcrumb-separator\">&raquo;<\/span><span class=\"aioseo-breadcrumb\">\n\t<a href=\"https:\/\/zoomserie.at\/en\/produktkategorie\/kuchen\/cheese-cake\/\" title=\"Cheese Cake\">Cheese Cake<\/a>\n<\/span><span class=\"aioseo-breadcrumb-separator\">&raquo;<\/span><span class=\"aioseo-breadcrumb\">\n\tRaspberry New York Cheese Cake\n<\/span><\/div>","aioseo_breadcrumb_json":[{"label":"Zu Hause","link":"https:\/\/zoomserie.at\/en"},{"label":"Shop","link":"https:\/\/zoomserie.at\/en\/shop\/"},{"label":"Kuchen","link":"https:\/\/zoomserie.at\/en\/produktkategorie\/kuchen\/"},{"label":"Cheese Cake","link":"https:\/\/zoomserie.at\/en\/produktkategorie\/kuchen\/cheese-cake\/"},{"label":"Raspberry New York Cheese Cake","link":"https:\/\/zoomserie.at\/en\/produkt\/himbeer-new-york-cheesecake\/"}],"_links":{"self":[{"href":"https:\/\/zoomserie.at\/en\/wp-json\/wp\/v2\/product\/348","targetHints":{"allow":["GET"]}}],"collection":[{"href":"https:\/\/zoomserie.at\/en\/wp-json\/wp\/v2\/product"}],"about":[{"href":"https:\/\/zoomserie.at\/en\/wp-json\/wp\/v2\/types\/product"}],"replies":[{"embeddable":true,"href":"https:\/\/zoomserie.at\/en\/wp-json\/wp\/v2\/comments?post=348"}],"wp:featuredmedia":[{"embeddable":true,"href":"https:\/\/zoomserie.at\/en\/wp-json\/wp\/v2\/media\/1724"}],"wp:attachment":[{"href":"https:\/\/zoomserie.at\/en\/wp-json\/wp\/v2\/media?parent=348"}],"wp:term":[{"taxonomy":"product_brand","embeddable":true,"href":"https:\/\/zoomserie.at\/en\/wp-json\/wp\/v2\/product_brand?post=348"},{"taxonomy":"product_cat","embeddable":true,"href":"https:\/\/zoomserie.at\/en\/wp-json\/wp\/v2\/product_cat?post=348"},{"taxonomy":"product_tag","embeddable":true,"href":"https:\/\/zoomserie.at\/en\/wp-json\/wp\/v2\/product_tag?post=348"}],"curies":[{"name":"wp","href":"https:\/\/api.w.org\/{rel}","templated":true}]}}