{"id":448,"date":"2023-11-23T00:04:41","date_gmt":"2023-11-22T23:04:41","guid":{"rendered":"https:\/\/zoomserie.at\/product\/kuchen-biscotto\/"},"modified":"2025-06-09T20:46:38","modified_gmt":"2025-06-09T18:46:38","slug":"cake-biscotto","status":"publish","type":"product","link":"https:\/\/zoomserie.at\/en\/produkt\/kuchen-biscotto\/","title":{"rendered":"Biscotto cake"},"content":{"rendered":"<p>The biscotto cake is a flavor combination that pleases most palates and is one of the most popular desserts at any time of the year. This cake consists of a slightly syrupy cocoa sponge, praline cream, vanilla cream and crunchy cookies.<\/p>\n<p>The biscotto cake is one of the favorites in the Zoomserie range and is often chosen for various occasions. The biscotto cake is an easy-to-prepare dessert that is also recommended for the little ones. It is always a good choice for you and your loved ones.<\/p>\n<p>This range is also available in the form of mini cakes.<\/p>","protected":false},"excerpt":{"rendered":"<p>Biscotto cake: syrupy cocoa sponge cake, praline cream, vanilla cream and crispy cookies.<\/p>","protected":false},"featured_media":1627,"comment_status":"closed","ping_status":"closed","template":"","meta":{"_monsterinsights_skip_tracking":false,"_monsterinsights_sitenote_active":false,"_monsterinsights_sitenote_note":"","_monsterinsights_sitenote_category":0},"product_brand":[],"product_cat":[24],"product_tag":[202,185,44,272,269,39,203,192,204,41,273,211,196,274,207,275,59,208],"class_list":{"0":"post-448","1":"product","2":"type-product","3":"status-publish","4":"has-post-thumbnail","6":"product_cat-torten","7":"product_tag-baeckereien","8":"product_tag-cake-for-children","9":"product_tag-comanda-online","10":"product_tag-einfacher-kuchen","11":"product_tag-geburtstagskuchen","12":"product_tag-konditorei-bukarest","13":"product_tag-kuchen-bestellen-bucuresti","14":"product_tag-kuchen-online-bestellen","15":"product_tag-livrare","16":"product_tag-online-baeckereien","17":"product_tag-pralinencreme","18":"product_tag-tort-comanda-online","19":"product_tag-torten","20":"product_tag-torten-biscotto","21":"product_tag-torturi-la-comanda-bucuresti","22":"product_tag-vanillecreme","23":"product_tag-zoomserie","24":"product_tag-zoomserie-livrare","26":"first","27":"instock","28":"taxable","29":"shipping-taxable","30":"purchasable","31":"product-type-variable","32":"has-default-attributes"},"aioseo_notices":[],"aioseo_head":"\n\t\t<!-- All in One SEO Pro 4.9.6.2 - aioseo.com -->\n\t<meta name=\"description\" content=\"Biscotto-Torte: sirupartigen Kakao-Biskuitteig, Pralinencreme, Vanillecreme und knusprigen Keksen.\" \/>\n\t<meta name=\"robots\" content=\"max-image-preview:large\" \/>\n\t<link rel=\"canonical\" href=\"https:\/\/zoomserie.at\/en\/produkt\/kuchen-biscotto\/\" \/>\n\t<meta name=\"generator\" content=\"All in One SEO Pro (AIOSEO) 4.9.6.2\" \/>\n\t\t<meta property=\"og:locale\" content=\"en_US\" \/>\n\t\t<meta property=\"og:site_name\" content=\"Zoomserie Wien \u25ba Zoomserie Wien, Torten Bestellen, Konditorei, Eis, Kaffee, Patisserie\" \/>\n\t\t<meta property=\"og:type\" content=\"article\" \/>\n\t\t<meta property=\"og:title\" content=\"Biscotto Torte \u25ba Zoomserie Wien\" \/>\n\t\t<meta property=\"og:description\" content=\"Biscotto-Torte: sirupartigen Kakao-Biskuitteig, Pralinencreme, Vanillecreme und knusprigen Keksen.\" \/>\n\t\t<meta property=\"og:url\" content=\"https:\/\/zoomserie.at\/en\/produkt\/kuchen-biscotto\/\" \/>\n\t\t<meta property=\"og:image\" content=\"https:\/\/zoomserie.at\/wp-content\/uploads\/2023\/11\/logo_zoomserie-01.svg\" \/>\n\t\t<meta property=\"og:image:secure_url\" content=\"https:\/\/zoomserie.at\/wp-content\/uploads\/2023\/11\/logo_zoomserie-01.svg\" \/>\n\t\t<meta property=\"article:published_time\" content=\"2023-11-22T23:04:41+00:00\" \/>\n\t\t<meta property=\"article:modified_time\" content=\"2025-06-09T18:46:38+00:00\" \/>\n\t\t<meta property=\"article:publisher\" content=\"https:\/\/www.facebook.com\/ZoomserieAustria\" \/>\n\t\t<meta name=\"twitter:card\" content=\"summary_large_image\" \/>\n\t\t<meta name=\"twitter:title\" content=\"Biscotto Torte \u25ba Zoomserie Wien\" \/>\n\t\t<meta name=\"twitter:description\" content=\"Biscotto-Torte: sirupartigen Kakao-Biskuitteig, Pralinencreme, Vanillecreme und knusprigen Keksen.\" \/>\n\t\t<meta name=\"twitter:image\" content=\"https:\/\/zoomserie.at\/wp-content\/uploads\/2023\/11\/logo_zoomserie-01.svg\" \/>\n\t\t<script type=\"application\/ld+json\" class=\"aioseo-schema\">\n\t\t\t{\"@context\":\"https:\\\/\\\/schema.org\",\"@graph\":[{\"@type\":\"BreadcrumbList\",\"@id\":\"https:\\\/\\\/zoomserie.at\\\/en\\\/produkt\\\/kuchen-biscotto\\\/#breadcrumblist\",\"itemListElement\":[{\"@type\":\"ListItem\",\"@id\":\"https:\\\/\\\/zoomserie.at\\\/en#listItem\",\"position\":1,\"name\":\"Zu Hause\",\"item\":\"https:\\\/\\\/zoomserie.at\\\/en\",\"nextItem\":{\"@type\":\"ListItem\",\"@id\":\"https:\\\/\\\/zoomserie.at\\\/en\\\/shop\\\/#listItem\",\"name\":\"Shop\"}},{\"@type\":\"ListItem\",\"@id\":\"https:\\\/\\\/zoomserie.at\\\/en\\\/shop\\\/#listItem\",\"position\":2,\"name\":\"Shop\",\"item\":\"https:\\\/\\\/zoomserie.at\\\/en\\\/shop\\\/\",\"nextItem\":{\"@type\":\"ListItem\",\"@id\":\"https:\\\/\\\/zoomserie.at\\\/en\\\/produktkategorie\\\/torten\\\/#listItem\",\"name\":\"Torten\"},\"previousItem\":{\"@type\":\"ListItem\",\"@id\":\"https:\\\/\\\/zoomserie.at\\\/en#listItem\",\"name\":\"Zu Hause\"}},{\"@type\":\"ListItem\",\"@id\":\"https:\\\/\\\/zoomserie.at\\\/en\\\/produktkategorie\\\/torten\\\/#listItem\",\"position\":3,\"name\":\"Torten\",\"item\":\"https:\\\/\\\/zoomserie.at\\\/en\\\/produktkategorie\\\/torten\\\/\",\"nextItem\":{\"@type\":\"ListItem\",\"@id\":\"https:\\\/\\\/zoomserie.at\\\/en\\\/produkt\\\/kuchen-biscotto\\\/#listItem\",\"name\":\"Biscotto Torte\"},\"previousItem\":{\"@type\":\"ListItem\",\"@id\":\"https:\\\/\\\/zoomserie.at\\\/en\\\/shop\\\/#listItem\",\"name\":\"Shop\"}},{\"@type\":\"ListItem\",\"@id\":\"https:\\\/\\\/zoomserie.at\\\/en\\\/produkt\\\/kuchen-biscotto\\\/#listItem\",\"position\":4,\"name\":\"Biscotto Torte\",\"previousItem\":{\"@type\":\"ListItem\",\"@id\":\"https:\\\/\\\/zoomserie.at\\\/en\\\/produktkategorie\\\/torten\\\/#listItem\",\"name\":\"Torten\"}}]},{\"@type\":\"ItemPage\",\"@id\":\"https:\\\/\\\/zoomserie.at\\\/en\\\/produkt\\\/kuchen-biscotto\\\/#itempage\",\"url\":\"https:\\\/\\\/zoomserie.at\\\/en\\\/produkt\\\/kuchen-biscotto\\\/\",\"name\":\"Biscotto Torte \\u25ba Zoomserie Wien\",\"description\":\"Biscotto-Torte: sirupartigen Kakao-Biskuitteig, Pralinencreme, Vanillecreme und knusprigen Keksen.\",\"inLanguage\":\"en-US\",\"isPartOf\":{\"@id\":\"https:\\\/\\\/zoomserie.at\\\/en\\\/#website\"},\"breadcrumb\":{\"@id\":\"https:\\\/\\\/zoomserie.at\\\/en\\\/produkt\\\/kuchen-biscotto\\\/#breadcrumblist\"},\"image\":{\"@type\":\"ImageObject\",\"url\":\"https:\\\/\\\/zoomserie.at\\\/wp-content\\\/uploads\\\/2024\\\/03\\\/biscotto-cake.jpg\",\"@id\":\"https:\\\/\\\/zoomserie.at\\\/en\\\/produkt\\\/kuchen-biscotto\\\/#mainImage\",\"width\":1000,\"height\":1000},\"primaryImageOfPage\":{\"@id\":\"https:\\\/\\\/zoomserie.at\\\/en\\\/produkt\\\/kuchen-biscotto\\\/#mainImage\"},\"datePublished\":\"2023-11-23T00:04:41+01:00\",\"dateModified\":\"2025-06-09T20:46:38+02:00\"},{\"@type\":\"Organization\",\"@id\":\"https:\\\/\\\/zoomserie.at\\\/en\\\/#organization\",\"name\":\"Zoomserie Wien\",\"description\":\"Zoomserie ist eine moderne Patisserie. Gegr\\u00fcndet wurde sie 1981 im gebirgigen Norden Griechenlands als Eishersteller. Die lokalen Zutaten wie Milch, Butter und Eier bestimmten die Rezepte, und sehr schnell wurde das kleine l\\u00e4ndliche Unternehmen zu einer nationalen Marke. Mit derselben Leidenschaft setzen wir unsere Arbeit fort, verwenden die nat\\u00fcrlichsten Zutaten und kreieren neue Rezepte in den Bereichen Patisserie, Eiscreme und traditionelle Backwaren. Griechenland, ein ewiger Schnittpunkt kulinarischer Kulturen, beeinflusst unsere Produktpalette am st\\u00e4rksten. Orientalisch sirupartige Aromen, franz\\u00f6sische Haute-Desserts, italienisches Gelato sowie die neuesten Trends der internationalen Patisseriekunst lassen unser umfangreiches Produktsortiment auf dem Markt hervorstechen. Dar\\u00fcber hinaus wurde unsere Leidenschaft und unser Augenmerk auf das Detail beim guten Kaffee mit einem Great Taste Award f\\u00fcr unsere Specialty-Kaffees ausgezeichnet. Unsere Produkte finden Sie in den Zoomserie-Fachgesch\\u00e4ften in Griechenland, Deutschland, \\u00d6sterreich, Gro\\u00dfbritannien und Rum\\u00e4nien sowie bei ausgew\\u00e4hlten Handelspartnern.\",\"url\":\"https:\\\/\\\/zoomserie.at\\\/en\\\/\",\"email\":\"kontakt@zoomserie.at\",\"telephone\":\"+4367761781960\",\"foundingDate\":\"1981-04-18\",\"logo\":{\"@type\":\"ImageObject\",\"url\":\"https:\\\/\\\/zoomserie.at\\\/wp-content\\\/uploads\\\/2023\\\/11\\\/logo_zoomserie-01.svg\",\"@id\":\"https:\\\/\\\/zoomserie.at\\\/en\\\/produkt\\\/kuchen-biscotto\\\/#organizationLogo\"},\"image\":{\"@id\":\"https:\\\/\\\/zoomserie.at\\\/en\\\/produkt\\\/kuchen-biscotto\\\/#organizationLogo\"},\"sameAs\":[\"https:\\\/\\\/www.facebook.com\\\/ZoomserieAustria\",\"https:\\\/\\\/www.instagram.com\\\/zoomseriewien\",\"https:\\\/\\\/www.tiktok.com\\\/@zoomserie.wien\"],\"address\":{\"@id\":\"https:\\\/\\\/zoomserie.at\\\/en\\\/#postaladdress\",\"@type\":\"PostalAddress\",\"streetAddress\":\"Gablenzgasse 11, Lugner City\",\"postalCode\":\"1150\",\"addressLocality\":\"Wien\",\"addressCountry\":\"AT\"},\"taxID\":\"FN 617575 z\",\"vatID\":\"ATU80436324\"},{\"@type\":\"WebPage\",\"@id\":\"https:\\\/\\\/zoomserie.at\\\/en\\\/produkt\\\/kuchen-biscotto\\\/#webpage\",\"url\":\"https:\\\/\\\/zoomserie.at\\\/en\\\/produkt\\\/kuchen-biscotto\\\/\",\"name\":\"Biscotto Torte \\u25ba Zoomserie Wien\",\"description\":\"Biscotto-Torte: sirupartigen Kakao-Biskuitteig, Pralinencreme, Vanillecreme und knusprigen Keksen.\",\"inLanguage\":\"en-US\",\"isPartOf\":{\"@id\":\"https:\\\/\\\/zoomserie.at\\\/en\\\/#website\"},\"breadcrumb\":{\"@id\":\"https:\\\/\\\/zoomserie.at\\\/en\\\/produkt\\\/kuchen-biscotto\\\/#breadcrumblist\"},\"image\":{\"@type\":\"ImageObject\",\"url\":\"https:\\\/\\\/zoomserie.at\\\/wp-content\\\/uploads\\\/2024\\\/03\\\/biscotto-cake.jpg\",\"@id\":\"https:\\\/\\\/zoomserie.at\\\/en\\\/produkt\\\/kuchen-biscotto\\\/#mainImage\",\"width\":1000,\"height\":1000},\"primaryImageOfPage\":{\"@id\":\"https:\\\/\\\/zoomserie.at\\\/en\\\/produkt\\\/kuchen-biscotto\\\/#mainImage\"},\"datePublished\":\"2023-11-23T00:04:41+01:00\",\"dateModified\":\"2025-06-09T20:46:38+02:00\"},{\"@type\":\"WebSite\",\"@id\":\"https:\\\/\\\/zoomserie.at\\\/en\\\/#website\",\"url\":\"https:\\\/\\\/zoomserie.at\\\/en\\\/\",\"name\":\"Zoomserie Wien\",\"description\":\"Zoomserie Wien, Torten Bestellen, Konditorei, Eis, Kaffee, Patisserie\",\"inLanguage\":\"en-US\",\"publisher\":{\"@id\":\"https:\\\/\\\/zoomserie.at\\\/en\\\/#organization\"}}]}\n\t\t<\/script>\n\t\t<!-- All in One SEO Pro -->\r\n\t\t<title>Biscotto Torte \u25ba Zoomserie Wien<\/title>\n\n","aioseo_head_json":{"title":"Biscotto Torte \u25ba Zoomserie Vienna","description":"Biscotto cake: syrupy cocoa sponge cake, praline cream, vanilla cream and crispy cookies.","canonical_url":"https:\/\/zoomserie.at\/en\/produkt\/kuchen-biscotto\/","robots":"max-image-preview:large","keywords":"","webmasterTools":{"miscellaneous":""},"schema":{"@context":"https:\/\/schema.org","@graph":[{"@type":"BreadcrumbList","@id":"https:\/\/zoomserie.at\/en\/produkt\/kuchen-biscotto\/#breadcrumblist","itemListElement":[{"@type":"ListItem","@id":"https:\/\/zoomserie.at\/en#listItem","position":1,"name":"Zu Hause","item":"https:\/\/zoomserie.at\/en","nextItem":{"@type":"ListItem","@id":"https:\/\/zoomserie.at\/en\/shop\/#listItem","name":"Shop"}},{"@type":"ListItem","@id":"https:\/\/zoomserie.at\/en\/shop\/#listItem","position":2,"name":"Shop","item":"https:\/\/zoomserie.at\/en\/shop\/","nextItem":{"@type":"ListItem","@id":"https:\/\/zoomserie.at\/en\/produktkategorie\/torten\/#listItem","name":"Torten"},"previousItem":{"@type":"ListItem","@id":"https:\/\/zoomserie.at\/en#listItem","name":"Zu Hause"}},{"@type":"ListItem","@id":"https:\/\/zoomserie.at\/en\/produktkategorie\/torten\/#listItem","position":3,"name":"Torten","item":"https:\/\/zoomserie.at\/en\/produktkategorie\/torten\/","nextItem":{"@type":"ListItem","@id":"https:\/\/zoomserie.at\/en\/produkt\/kuchen-biscotto\/#listItem","name":"Biscotto Torte"},"previousItem":{"@type":"ListItem","@id":"https:\/\/zoomserie.at\/en\/shop\/#listItem","name":"Shop"}},{"@type":"ListItem","@id":"https:\/\/zoomserie.at\/en\/produkt\/kuchen-biscotto\/#listItem","position":4,"name":"Biscotto Torte","previousItem":{"@type":"ListItem","@id":"https:\/\/zoomserie.at\/en\/produktkategorie\/torten\/#listItem","name":"Torten"}}]},{"@type":"ItemPage","@id":"https:\/\/zoomserie.at\/en\/produkt\/kuchen-biscotto\/#itempage","url":"https:\/\/zoomserie.at\/en\/produkt\/kuchen-biscotto\/","name":"Biscotto Torte \u25ba Zoomserie Wien","description":"Biscotto-Torte: sirupartigen Kakao-Biskuitteig, Pralinencreme, Vanillecreme und knusprigen Keksen.","inLanguage":"en-US","isPartOf":{"@id":"https:\/\/zoomserie.at\/en\/#website"},"breadcrumb":{"@id":"https:\/\/zoomserie.at\/en\/produkt\/kuchen-biscotto\/#breadcrumblist"},"image":{"@type":"ImageObject","url":"https:\/\/zoomserie.at\/wp-content\/uploads\/2024\/03\/biscotto-cake.jpg","@id":"https:\/\/zoomserie.at\/en\/produkt\/kuchen-biscotto\/#mainImage","width":1000,"height":1000},"primaryImageOfPage":{"@id":"https:\/\/zoomserie.at\/en\/produkt\/kuchen-biscotto\/#mainImage"},"datePublished":"2023-11-23T00:04:41+01:00","dateModified":"2025-06-09T20:46:38+02:00"},{"@type":"Organization","@id":"https:\/\/zoomserie.at\/en\/#organization","name":"Zoomserie Wien","description":"Zoomserie ist eine moderne Patisserie. Gegr\u00fcndet wurde sie 1981 im gebirgigen Norden Griechenlands als Eishersteller. Die lokalen Zutaten wie Milch, Butter und Eier bestimmten die Rezepte, und sehr schnell wurde das kleine l\u00e4ndliche Unternehmen zu einer nationalen Marke. Mit derselben Leidenschaft setzen wir unsere Arbeit fort, verwenden die nat\u00fcrlichsten Zutaten und kreieren neue Rezepte in den Bereichen Patisserie, Eiscreme und traditionelle Backwaren. Griechenland, ein ewiger Schnittpunkt kulinarischer Kulturen, beeinflusst unsere Produktpalette am st\u00e4rksten. Orientalisch sirupartige Aromen, franz\u00f6sische Haute-Desserts, italienisches Gelato sowie die neuesten Trends der internationalen Patisseriekunst lassen unser umfangreiches Produktsortiment auf dem Markt hervorstechen. Dar\u00fcber hinaus wurde unsere Leidenschaft und unser Augenmerk auf das Detail beim guten Kaffee mit einem Great Taste Award f\u00fcr unsere Specialty-Kaffees ausgezeichnet. Unsere Produkte finden Sie in den Zoomserie-Fachgesch\u00e4ften in Griechenland, Deutschland, \u00d6sterreich, Gro\u00dfbritannien und Rum\u00e4nien sowie bei ausgew\u00e4hlten Handelspartnern.","url":"https:\/\/zoomserie.at\/en\/","email":"kontakt@zoomserie.at","telephone":"+4367761781960","foundingDate":"1981-04-18","logo":{"@type":"ImageObject","url":"https:\/\/zoomserie.at\/wp-content\/uploads\/2023\/11\/logo_zoomserie-01.svg","@id":"https:\/\/zoomserie.at\/en\/produkt\/kuchen-biscotto\/#organizationLogo"},"image":{"@id":"https:\/\/zoomserie.at\/en\/produkt\/kuchen-biscotto\/#organizationLogo"},"sameAs":["https:\/\/www.facebook.com\/ZoomserieAustria","https:\/\/www.instagram.com\/zoomseriewien","https:\/\/www.tiktok.com\/@zoomserie.wien"],"address":{"@id":"https:\/\/zoomserie.at\/en\/#postaladdress","@type":"PostalAddress","streetAddress":"Gablenzgasse 11, Lugner City","postalCode":"1150","addressLocality":"Wien","addressCountry":"AT"},"taxID":"FN 617575 z","vatID":"ATU80436324"},{"@type":"WebPage","@id":"https:\/\/zoomserie.at\/en\/produkt\/kuchen-biscotto\/#webpage","url":"https:\/\/zoomserie.at\/en\/produkt\/kuchen-biscotto\/","name":"Biscotto Torte \u25ba Zoomserie Wien","description":"Biscotto-Torte: sirupartigen Kakao-Biskuitteig, Pralinencreme, Vanillecreme und knusprigen Keksen.","inLanguage":"en-US","isPartOf":{"@id":"https:\/\/zoomserie.at\/en\/#website"},"breadcrumb":{"@id":"https:\/\/zoomserie.at\/en\/produkt\/kuchen-biscotto\/#breadcrumblist"},"image":{"@type":"ImageObject","url":"https:\/\/zoomserie.at\/wp-content\/uploads\/2024\/03\/biscotto-cake.jpg","@id":"https:\/\/zoomserie.at\/en\/produkt\/kuchen-biscotto\/#mainImage","width":1000,"height":1000},"primaryImageOfPage":{"@id":"https:\/\/zoomserie.at\/en\/produkt\/kuchen-biscotto\/#mainImage"},"datePublished":"2023-11-23T00:04:41+01:00","dateModified":"2025-06-09T20:46:38+02:00"},{"@type":"WebSite","@id":"https:\/\/zoomserie.at\/en\/#website","url":"https:\/\/zoomserie.at\/en\/","name":"Zoomserie Wien","description":"Zoomserie Wien, Torten Bestellen, Konditorei, Eis, Kaffee, Patisserie","inLanguage":"en-US","publisher":{"@id":"https:\/\/zoomserie.at\/en\/#organization"}}]},"og:locale":"en_US","og:site_name":"Zoomserie Wien \u25ba Zoomserie Wien, Torten Bestellen, Konditorei, Eis, Kaffee, Patisserie","og:type":"article","og:title":"Biscotto Torte \u25ba Zoomserie Wien","og:description":"Biscotto-Torte: sirupartigen Kakao-Biskuitteig, Pralinencreme, Vanillecreme und knusprigen Keksen.","og:url":"https:\/\/zoomserie.at\/en\/produkt\/kuchen-biscotto\/","og:image":"https:\/\/zoomserie.at\/wp-content\/uploads\/2023\/11\/logo_zoomserie-01.svg","og:image:secure_url":"https:\/\/zoomserie.at\/wp-content\/uploads\/2023\/11\/logo_zoomserie-01.svg","article:published_time":"2023-11-22T23:04:41+00:00","article:modified_time":"2025-06-09T18:46:38+00:00","article:publisher":"https:\/\/www.facebook.com\/ZoomserieAustria","twitter:card":"summary_large_image","twitter:title":"Biscotto Torte \u25ba Zoomserie Wien","twitter:description":"Biscotto-Torte: sirupartigen Kakao-Biskuitteig, Pralinencreme, Vanillecreme und knusprigen Keksen.","twitter:image":"https:\/\/zoomserie.at\/wp-content\/uploads\/2023\/11\/logo_zoomserie-01.svg"},"aioseo_meta_data":{"post_id":"448","title":null,"description":null,"keywords":[],"keyphrases":{"focus":{"keyphrase":"Biscotto Torte","score":62,"analysis":{"keyphraseInTitle":{"score":9,"maxScore":9,"error":0},"keyphraseInDescription":{"score":3,"maxScore":9,"error":1},"keyphraseLength":{"score":9,"maxScore":9,"error":0,"length":2},"keyphraseInURL":{"score":1,"maxScore":5,"error":1},"keyphraseInIntroduction":{"score":9,"maxScore":9,"error":0},"keyphraseInSubHeadings":[],"keyphraseInImageAlt":[],"keywordDensity":{"type":"high","score":0,"maxScore":9,"error":1}}},"additional":[]},"primary_term":null,"canonical_url":null,"og_title":null,"og_description":null,"og_object_type":"default","og_image_type":"default","og_image_url":null,"og_image_width":null,"og_image_height":null,"og_image_custom_url":null,"og_image_custom_fields":null,"og_video":"","og_custom_url":null,"og_article_section":null,"og_article_tags":[],"twitter_use_og":false,"twitter_card":"default","twitter_image_type":"default","twitter_image_url":null,"twitter_image_custom_url":null,"twitter_image_custom_fields":null,"twitter_title":null,"twitter_description":null,"schema":{"blockGraphs":[],"customGraphs":[],"default":{"data":{"Article":[],"Course":[],"Dataset":[],"FAQPage":[],"Movie":[],"Person":[],"Product":[],"ProductReview":[],"Car":[],"Recipe":[],"Service":[],"SoftwareApplication":[],"WebPage":[]},"graphName":"ItemPage","isEnabled":true},"graphs":[]},"schema_type":"default","schema_type_options":null,"pillar_content":false,"robots_default":true,"robots_noindex":false,"robots_noarchive":false,"robots_nosnippet":false,"robots_nofollow":false,"robots_noimageindex":false,"robots_noodp":false,"robots_notranslate":false,"robots_max_snippet":"-1","robots_max_videopreview":"-1","robots_max_imagepreview":"large","priority":null,"frequency":"default","local_seo":null,"seo_analyzer_scan_date":"2025-10-09 06:18:08","breadcrumb_settings":null,"limit_modified_date":false,"reviewed_by":null,"open_ai":"{\"title\":{\"suggestions\":[],\"usage\":0},\"description\":{\"suggestions\":[],\"usage\":0}}","ai":null,"created":"2024-02-09 13:10:33","updated":"2025-10-09 06:18:08"},"aioseo_breadcrumb":"<div class=\"aioseo-breadcrumbs\"><span class=\"aioseo-breadcrumb\">\n\t<a href=\"https:\/\/zoomserie.at\/en\" title=\"Zu Hause\">Zu Hause<\/a>\n<\/span><span class=\"aioseo-breadcrumb-separator\">&raquo;<\/span><span class=\"aioseo-breadcrumb\">\n\t<a href=\"https:\/\/zoomserie.at\/en\/shop\/\" title=\"Shop\">Shop<\/a>\n<\/span><span class=\"aioseo-breadcrumb-separator\">&raquo;<\/span><span class=\"aioseo-breadcrumb\">\n\t<a href=\"https:\/\/zoomserie.at\/en\/produktkategorie\/torten\/\" title=\"Torten\">Torten<\/a>\n<\/span><span class=\"aioseo-breadcrumb-separator\">&raquo;<\/span><span class=\"aioseo-breadcrumb\">\n\tBiscotto Torte\n<\/span><\/div>","aioseo_breadcrumb_json":[{"label":"Zu Hause","link":"https:\/\/zoomserie.at\/en"},{"label":"Shop","link":"https:\/\/zoomserie.at\/en\/shop\/"},{"label":"Torten","link":"https:\/\/zoomserie.at\/en\/produktkategorie\/torten\/"},{"label":"Biscotto Torte","link":"https:\/\/zoomserie.at\/en\/produkt\/kuchen-biscotto\/"}],"_links":{"self":[{"href":"https:\/\/zoomserie.at\/en\/wp-json\/wp\/v2\/product\/448","targetHints":{"allow":["GET"]}}],"collection":[{"href":"https:\/\/zoomserie.at\/en\/wp-json\/wp\/v2\/product"}],"about":[{"href":"https:\/\/zoomserie.at\/en\/wp-json\/wp\/v2\/types\/product"}],"replies":[{"embeddable":true,"href":"https:\/\/zoomserie.at\/en\/wp-json\/wp\/v2\/comments?post=448"}],"wp:featuredmedia":[{"embeddable":true,"href":"https:\/\/zoomserie.at\/en\/wp-json\/wp\/v2\/media\/1627"}],"wp:attachment":[{"href":"https:\/\/zoomserie.at\/en\/wp-json\/wp\/v2\/media?parent=448"}],"wp:term":[{"taxonomy":"product_brand","embeddable":true,"href":"https:\/\/zoomserie.at\/en\/wp-json\/wp\/v2\/product_brand?post=448"},{"taxonomy":"product_cat","embeddable":true,"href":"https:\/\/zoomserie.at\/en\/wp-json\/wp\/v2\/product_cat?post=448"},{"taxonomy":"product_tag","embeddable":true,"href":"https:\/\/zoomserie.at\/en\/wp-json\/wp\/v2\/product_tag?post=448"}],"curies":[{"name":"wp","href":"https:\/\/api.w.org\/{rel}","templated":true}]}}