{"id":503,"date":"2023-11-23T00:04:48","date_gmt":"2023-11-22T23:04:48","guid":{"rendered":"https:\/\/zoomserie.at\/product\/caramela\/"},"modified":"2024-03-08T18:16:51","modified_gmt":"2024-03-08T17:16:51","slug":"caramela","status":"publish","type":"product","link":"https:\/\/zoomserie.at\/en\/produkt\/caramela\/","title":{"rendered":"Caramela cake"},"content":{"rendered":"<p>Caramela cake, a delicious creation that will make any event an unforgettable experience. This sweet temptation consists of a cocoa syrup sponge cake, a vanilla-flavored milk cream and an irresistible combination of caramel and milk chocolate. The caramel in particular gives this dessert a unique touch.<\/p>\n<p>Enjoy our treat either in the classic cake form as a caramel cake or in the handy miniature version as a mini cake plate. No matter which variant you choose, the caramela cake promises a sweet highlight for your senses.<\/p>","protected":false},"excerpt":{"rendered":"<p>Caramela cake: unsweetened cocoa sponge cake, milk cream (vanilla flavor), caramel, milk chocolate.<\/p>","protected":false},"featured_media":1754,"comment_status":"closed","ping_status":"closed","template":"","meta":{"_monsterinsights_skip_tracking":false,"_monsterinsights_sitenote_active":false,"_monsterinsights_sitenote_note":"","_monsterinsights_sitenote_category":0},"product_brand":[],"product_cat":[60],"product_tag":[284,171],"class_list":{"0":"post-503","1":"product","2":"type-product","3":"status-publish","4":"has-post-thumbnail","6":"product_cat-tortenstuecke","7":"product_tag-karamela","8":"product_tag-karamell","10":"first","11":"instock","12":"taxable","13":"shipping-taxable","14":"purchasable","15":"product-type-simple"},"aioseo_notices":[],"aioseo_head":"\n\t\t<!-- All in One SEO Pro 4.9.6.2 - aioseo.com -->\n\t<meta name=\"description\" content=\"Caramela-Kuchen: unges\u00fc\u00dfter Kakao-Biskuitteig, Milchcreme (Vanillegeschmack), Karamell, Milchschokolade.\" \/>\n\t<meta name=\"robots\" content=\"max-image-preview:large\" \/>\n\t<link rel=\"canonical\" href=\"https:\/\/zoomserie.at\/en\/produkt\/caramela\/\" \/>\n\t<meta name=\"generator\" content=\"All in One SEO Pro (AIOSEO) 4.9.6.2\" \/>\n\t\t<meta property=\"og:locale\" content=\"en_US\" \/>\n\t\t<meta property=\"og:site_name\" content=\"Zoomserie Wien \u25ba Zoomserie Wien, Torten Bestellen, Konditorei, Eis, Kaffee, Patisserie\" \/>\n\t\t<meta property=\"og:type\" content=\"article\" \/>\n\t\t<meta property=\"og:title\" content=\"Caramela-Kuchen \u25ba Zoomserie Wien\" \/>\n\t\t<meta property=\"og:description\" content=\"Caramela-Kuchen: unges\u00fc\u00dfter Kakao-Biskuitteig, Milchcreme (Vanillegeschmack), Karamell, Milchschokolade.\" \/>\n\t\t<meta property=\"og:url\" content=\"https:\/\/zoomserie.at\/en\/produkt\/caramela\/\" \/>\n\t\t<meta property=\"og:image\" content=\"https:\/\/zoomserie.at\/wp-content\/uploads\/2023\/11\/logo_zoomserie-01.svg\" \/>\n\t\t<meta property=\"og:image:secure_url\" content=\"https:\/\/zoomserie.at\/wp-content\/uploads\/2023\/11\/logo_zoomserie-01.svg\" \/>\n\t\t<meta property=\"article:published_time\" content=\"2023-11-22T23:04:48+00:00\" \/>\n\t\t<meta property=\"article:modified_time\" content=\"2024-03-08T17:16:51+00:00\" \/>\n\t\t<meta property=\"article:publisher\" content=\"https:\/\/www.facebook.com\/ZoomserieAustria\" \/>\n\t\t<meta name=\"twitter:card\" content=\"summary_large_image\" \/>\n\t\t<meta name=\"twitter:title\" content=\"Caramela-Kuchen \u25ba Zoomserie Wien\" \/>\n\t\t<meta name=\"twitter:description\" content=\"Caramela-Kuchen: unges\u00fc\u00dfter Kakao-Biskuitteig, Milchcreme (Vanillegeschmack), Karamell, Milchschokolade.\" \/>\n\t\t<meta name=\"twitter:image\" content=\"https:\/\/zoomserie.at\/wp-content\/uploads\/2023\/11\/logo_zoomserie-01.svg\" \/>\n\t\t<script type=\"application\/ld+json\" class=\"aioseo-schema\">\n\t\t\t{\"@context\":\"https:\\\/\\\/schema.org\",\"@graph\":[{\"@type\":\"BreadcrumbList\",\"@id\":\"https:\\\/\\\/zoomserie.at\\\/en\\\/produkt\\\/caramela\\\/#breadcrumblist\",\"itemListElement\":[{\"@type\":\"ListItem\",\"@id\":\"https:\\\/\\\/zoomserie.at\\\/en#listItem\",\"position\":1,\"name\":\"Zu Hause\",\"item\":\"https:\\\/\\\/zoomserie.at\\\/en\",\"nextItem\":{\"@type\":\"ListItem\",\"@id\":\"https:\\\/\\\/zoomserie.at\\\/en\\\/shop\\\/#listItem\",\"name\":\"Shop\"}},{\"@type\":\"ListItem\",\"@id\":\"https:\\\/\\\/zoomserie.at\\\/en\\\/shop\\\/#listItem\",\"position\":2,\"name\":\"Shop\",\"item\":\"https:\\\/\\\/zoomserie.at\\\/en\\\/shop\\\/\",\"nextItem\":{\"@type\":\"ListItem\",\"@id\":\"https:\\\/\\\/zoomserie.at\\\/en\\\/produktkategorie\\\/kuchen\\\/#listItem\",\"name\":\"Kuchen\"},\"previousItem\":{\"@type\":\"ListItem\",\"@id\":\"https:\\\/\\\/zoomserie.at\\\/en#listItem\",\"name\":\"Zu Hause\"}},{\"@type\":\"ListItem\",\"@id\":\"https:\\\/\\\/zoomserie.at\\\/en\\\/produktkategorie\\\/kuchen\\\/#listItem\",\"position\":3,\"name\":\"Kuchen\",\"item\":\"https:\\\/\\\/zoomserie.at\\\/en\\\/produktkategorie\\\/kuchen\\\/\",\"nextItem\":{\"@type\":\"ListItem\",\"@id\":\"https:\\\/\\\/zoomserie.at\\\/en\\\/produktkategorie\\\/kuchen\\\/tortenstuecke\\\/#listItem\",\"name\":\"Tortenst\\u00fccke\"},\"previousItem\":{\"@type\":\"ListItem\",\"@id\":\"https:\\\/\\\/zoomserie.at\\\/en\\\/shop\\\/#listItem\",\"name\":\"Shop\"}},{\"@type\":\"ListItem\",\"@id\":\"https:\\\/\\\/zoomserie.at\\\/en\\\/produktkategorie\\\/kuchen\\\/tortenstuecke\\\/#listItem\",\"position\":4,\"name\":\"Tortenst\\u00fccke\",\"item\":\"https:\\\/\\\/zoomserie.at\\\/en\\\/produktkategorie\\\/kuchen\\\/tortenstuecke\\\/\",\"nextItem\":{\"@type\":\"ListItem\",\"@id\":\"https:\\\/\\\/zoomserie.at\\\/en\\\/produkt\\\/caramela\\\/#listItem\",\"name\":\"Caramela-Kuchen\"},\"previousItem\":{\"@type\":\"ListItem\",\"@id\":\"https:\\\/\\\/zoomserie.at\\\/en\\\/produktkategorie\\\/kuchen\\\/#listItem\",\"name\":\"Kuchen\"}},{\"@type\":\"ListItem\",\"@id\":\"https:\\\/\\\/zoomserie.at\\\/en\\\/produkt\\\/caramela\\\/#listItem\",\"position\":5,\"name\":\"Caramela-Kuchen\",\"previousItem\":{\"@type\":\"ListItem\",\"@id\":\"https:\\\/\\\/zoomserie.at\\\/en\\\/produktkategorie\\\/kuchen\\\/tortenstuecke\\\/#listItem\",\"name\":\"Tortenst\\u00fccke\"}}]},{\"@type\":\"ItemPage\",\"@id\":\"https:\\\/\\\/zoomserie.at\\\/en\\\/produkt\\\/caramela\\\/#itempage\",\"url\":\"https:\\\/\\\/zoomserie.at\\\/en\\\/produkt\\\/caramela\\\/\",\"name\":\"Caramela-Kuchen \\u25ba Zoomserie Wien\",\"description\":\"Caramela-Kuchen: unges\\u00fc\\u00dfter Kakao-Biskuitteig, Milchcreme (Vanillegeschmack), Karamell, Milchschokolade.\",\"inLanguage\":\"en-US\",\"isPartOf\":{\"@id\":\"https:\\\/\\\/zoomserie.at\\\/en\\\/#website\"},\"breadcrumb\":{\"@id\":\"https:\\\/\\\/zoomserie.at\\\/en\\\/produkt\\\/caramela\\\/#breadcrumblist\"},\"image\":{\"@type\":\"ImageObject\",\"url\":\"https:\\\/\\\/zoomserie.at\\\/wp-content\\\/uploads\\\/2024\\\/03\\\/toffy-caramel.jpg\",\"@id\":\"https:\\\/\\\/zoomserie.at\\\/en\\\/produkt\\\/caramela\\\/#mainImage\",\"width\":1000,\"height\":1000},\"primaryImageOfPage\":{\"@id\":\"https:\\\/\\\/zoomserie.at\\\/en\\\/produkt\\\/caramela\\\/#mainImage\"},\"datePublished\":\"2023-11-23T00:04:48+01:00\",\"dateModified\":\"2024-03-08T18:16:51+01:00\"},{\"@type\":\"Organization\",\"@id\":\"https:\\\/\\\/zoomserie.at\\\/en\\\/#organization\",\"name\":\"Zoomserie Wien\",\"description\":\"Zoomserie ist eine moderne Patisserie. Gegr\\u00fcndet wurde sie 1981 im gebirgigen Norden Griechenlands als Eishersteller. Die lokalen Zutaten wie Milch, Butter und Eier bestimmten die Rezepte, und sehr schnell wurde das kleine l\\u00e4ndliche Unternehmen zu einer nationalen Marke. Mit derselben Leidenschaft setzen wir unsere Arbeit fort, verwenden die nat\\u00fcrlichsten Zutaten und kreieren neue Rezepte in den Bereichen Patisserie, Eiscreme und traditionelle Backwaren. Griechenland, ein ewiger Schnittpunkt kulinarischer Kulturen, beeinflusst unsere Produktpalette am st\\u00e4rksten. Orientalisch sirupartige Aromen, franz\\u00f6sische Haute-Desserts, italienisches Gelato sowie die neuesten Trends der internationalen Patisseriekunst lassen unser umfangreiches Produktsortiment auf dem Markt hervorstechen. Dar\\u00fcber hinaus wurde unsere Leidenschaft und unser Augenmerk auf das Detail beim guten Kaffee mit einem Great Taste Award f\\u00fcr unsere Specialty-Kaffees ausgezeichnet. Unsere Produkte finden Sie in den Zoomserie-Fachgesch\\u00e4ften in Griechenland, Deutschland, \\u00d6sterreich, Gro\\u00dfbritannien und Rum\\u00e4nien sowie bei ausgew\\u00e4hlten Handelspartnern.\",\"url\":\"https:\\\/\\\/zoomserie.at\\\/en\\\/\",\"email\":\"kontakt@zoomserie.at\",\"telephone\":\"+4367761781960\",\"foundingDate\":\"1981-04-18\",\"logo\":{\"@type\":\"ImageObject\",\"url\":\"https:\\\/\\\/zoomserie.at\\\/wp-content\\\/uploads\\\/2023\\\/11\\\/logo_zoomserie-01.svg\",\"@id\":\"https:\\\/\\\/zoomserie.at\\\/en\\\/produkt\\\/caramela\\\/#organizationLogo\"},\"image\":{\"@id\":\"https:\\\/\\\/zoomserie.at\\\/en\\\/produkt\\\/caramela\\\/#organizationLogo\"},\"sameAs\":[\"https:\\\/\\\/www.facebook.com\\\/ZoomserieAustria\",\"https:\\\/\\\/www.instagram.com\\\/zoomseriewien\",\"https:\\\/\\\/www.tiktok.com\\\/@zoomserie.wien\"],\"address\":{\"@id\":\"https:\\\/\\\/zoomserie.at\\\/en\\\/#postaladdress\",\"@type\":\"PostalAddress\",\"streetAddress\":\"Gablenzgasse 11, Lugner City\",\"postalCode\":\"1150\",\"addressLocality\":\"Wien\",\"addressCountry\":\"AT\"},\"taxID\":\"FN 617575 z\",\"vatID\":\"ATU80436324\"},{\"@type\":\"WebPage\",\"@id\":\"https:\\\/\\\/zoomserie.at\\\/en\\\/produkt\\\/caramela\\\/#webpage\",\"url\":\"https:\\\/\\\/zoomserie.at\\\/en\\\/produkt\\\/caramela\\\/\",\"name\":\"Caramela-Kuchen \\u25ba Zoomserie Wien\",\"description\":\"Caramela-Kuchen: unges\\u00fc\\u00dfter Kakao-Biskuitteig, Milchcreme (Vanillegeschmack), Karamell, Milchschokolade.\",\"inLanguage\":\"en-US\",\"isPartOf\":{\"@id\":\"https:\\\/\\\/zoomserie.at\\\/en\\\/#website\"},\"breadcrumb\":{\"@id\":\"https:\\\/\\\/zoomserie.at\\\/en\\\/produkt\\\/caramela\\\/#breadcrumblist\"},\"image\":{\"@type\":\"ImageObject\",\"url\":\"https:\\\/\\\/zoomserie.at\\\/wp-content\\\/uploads\\\/2024\\\/03\\\/toffy-caramel.jpg\",\"@id\":\"https:\\\/\\\/zoomserie.at\\\/en\\\/produkt\\\/caramela\\\/#mainImage\",\"width\":1000,\"height\":1000},\"primaryImageOfPage\":{\"@id\":\"https:\\\/\\\/zoomserie.at\\\/en\\\/produkt\\\/caramela\\\/#mainImage\"},\"datePublished\":\"2023-11-23T00:04:48+01:00\",\"dateModified\":\"2024-03-08T18:16:51+01:00\"},{\"@type\":\"WebSite\",\"@id\":\"https:\\\/\\\/zoomserie.at\\\/en\\\/#website\",\"url\":\"https:\\\/\\\/zoomserie.at\\\/en\\\/\",\"name\":\"Zoomserie Wien\",\"description\":\"Zoomserie Wien, Torten Bestellen, Konditorei, Eis, Kaffee, Patisserie\",\"inLanguage\":\"en-US\",\"publisher\":{\"@id\":\"https:\\\/\\\/zoomserie.at\\\/en\\\/#organization\"}}]}\n\t\t<\/script>\n\t\t<!-- All in One SEO Pro -->\r\n\t\t<title>Caramela-Kuchen \u25ba Zoomserie Wien<\/title>\n\n","aioseo_head_json":{"title":"Caramel cake \u25ba Zoomserie Vienna","description":"Caramela cake: unsweetened cocoa sponge cake, milk cream (vanilla flavor), caramel, milk chocolate.","canonical_url":"https:\/\/zoomserie.at\/en\/produkt\/caramela\/","robots":"max-image-preview:large","keywords":"","webmasterTools":{"miscellaneous":""},"schema":{"@context":"https:\/\/schema.org","@graph":[{"@type":"BreadcrumbList","@id":"https:\/\/zoomserie.at\/en\/produkt\/caramela\/#breadcrumblist","itemListElement":[{"@type":"ListItem","@id":"https:\/\/zoomserie.at\/en#listItem","position":1,"name":"Zu Hause","item":"https:\/\/zoomserie.at\/en","nextItem":{"@type":"ListItem","@id":"https:\/\/zoomserie.at\/en\/shop\/#listItem","name":"Shop"}},{"@type":"ListItem","@id":"https:\/\/zoomserie.at\/en\/shop\/#listItem","position":2,"name":"Shop","item":"https:\/\/zoomserie.at\/en\/shop\/","nextItem":{"@type":"ListItem","@id":"https:\/\/zoomserie.at\/en\/produktkategorie\/kuchen\/#listItem","name":"Kuchen"},"previousItem":{"@type":"ListItem","@id":"https:\/\/zoomserie.at\/en#listItem","name":"Zu Hause"}},{"@type":"ListItem","@id":"https:\/\/zoomserie.at\/en\/produktkategorie\/kuchen\/#listItem","position":3,"name":"Kuchen","item":"https:\/\/zoomserie.at\/en\/produktkategorie\/kuchen\/","nextItem":{"@type":"ListItem","@id":"https:\/\/zoomserie.at\/en\/produktkategorie\/kuchen\/tortenstuecke\/#listItem","name":"Tortenst\u00fccke"},"previousItem":{"@type":"ListItem","@id":"https:\/\/zoomserie.at\/en\/shop\/#listItem","name":"Shop"}},{"@type":"ListItem","@id":"https:\/\/zoomserie.at\/en\/produktkategorie\/kuchen\/tortenstuecke\/#listItem","position":4,"name":"Tortenst\u00fccke","item":"https:\/\/zoomserie.at\/en\/produktkategorie\/kuchen\/tortenstuecke\/","nextItem":{"@type":"ListItem","@id":"https:\/\/zoomserie.at\/en\/produkt\/caramela\/#listItem","name":"Caramela-Kuchen"},"previousItem":{"@type":"ListItem","@id":"https:\/\/zoomserie.at\/en\/produktkategorie\/kuchen\/#listItem","name":"Kuchen"}},{"@type":"ListItem","@id":"https:\/\/zoomserie.at\/en\/produkt\/caramela\/#listItem","position":5,"name":"Caramela-Kuchen","previousItem":{"@type":"ListItem","@id":"https:\/\/zoomserie.at\/en\/produktkategorie\/kuchen\/tortenstuecke\/#listItem","name":"Tortenst\u00fccke"}}]},{"@type":"ItemPage","@id":"https:\/\/zoomserie.at\/en\/produkt\/caramela\/#itempage","url":"https:\/\/zoomserie.at\/en\/produkt\/caramela\/","name":"Caramela-Kuchen \u25ba Zoomserie Wien","description":"Caramela-Kuchen: unges\u00fc\u00dfter Kakao-Biskuitteig, Milchcreme (Vanillegeschmack), Karamell, Milchschokolade.","inLanguage":"en-US","isPartOf":{"@id":"https:\/\/zoomserie.at\/en\/#website"},"breadcrumb":{"@id":"https:\/\/zoomserie.at\/en\/produkt\/caramela\/#breadcrumblist"},"image":{"@type":"ImageObject","url":"https:\/\/zoomserie.at\/wp-content\/uploads\/2024\/03\/toffy-caramel.jpg","@id":"https:\/\/zoomserie.at\/en\/produkt\/caramela\/#mainImage","width":1000,"height":1000},"primaryImageOfPage":{"@id":"https:\/\/zoomserie.at\/en\/produkt\/caramela\/#mainImage"},"datePublished":"2023-11-23T00:04:48+01:00","dateModified":"2024-03-08T18:16:51+01:00"},{"@type":"Organization","@id":"https:\/\/zoomserie.at\/en\/#organization","name":"Zoomserie Wien","description":"Zoomserie ist eine moderne Patisserie. Gegr\u00fcndet wurde sie 1981 im gebirgigen Norden Griechenlands als Eishersteller. Die lokalen Zutaten wie Milch, Butter und Eier bestimmten die Rezepte, und sehr schnell wurde das kleine l\u00e4ndliche Unternehmen zu einer nationalen Marke. Mit derselben Leidenschaft setzen wir unsere Arbeit fort, verwenden die nat\u00fcrlichsten Zutaten und kreieren neue Rezepte in den Bereichen Patisserie, Eiscreme und traditionelle Backwaren. Griechenland, ein ewiger Schnittpunkt kulinarischer Kulturen, beeinflusst unsere Produktpalette am st\u00e4rksten. Orientalisch sirupartige Aromen, franz\u00f6sische Haute-Desserts, italienisches Gelato sowie die neuesten Trends der internationalen Patisseriekunst lassen unser umfangreiches Produktsortiment auf dem Markt hervorstechen. Dar\u00fcber hinaus wurde unsere Leidenschaft und unser Augenmerk auf das Detail beim guten Kaffee mit einem Great Taste Award f\u00fcr unsere Specialty-Kaffees ausgezeichnet. Unsere Produkte finden Sie in den Zoomserie-Fachgesch\u00e4ften in Griechenland, Deutschland, \u00d6sterreich, Gro\u00dfbritannien und Rum\u00e4nien sowie bei ausgew\u00e4hlten Handelspartnern.","url":"https:\/\/zoomserie.at\/en\/","email":"kontakt@zoomserie.at","telephone":"+4367761781960","foundingDate":"1981-04-18","logo":{"@type":"ImageObject","url":"https:\/\/zoomserie.at\/wp-content\/uploads\/2023\/11\/logo_zoomserie-01.svg","@id":"https:\/\/zoomserie.at\/en\/produkt\/caramela\/#organizationLogo"},"image":{"@id":"https:\/\/zoomserie.at\/en\/produkt\/caramela\/#organizationLogo"},"sameAs":["https:\/\/www.facebook.com\/ZoomserieAustria","https:\/\/www.instagram.com\/zoomseriewien","https:\/\/www.tiktok.com\/@zoomserie.wien"],"address":{"@id":"https:\/\/zoomserie.at\/en\/#postaladdress","@type":"PostalAddress","streetAddress":"Gablenzgasse 11, Lugner City","postalCode":"1150","addressLocality":"Wien","addressCountry":"AT"},"taxID":"FN 617575 z","vatID":"ATU80436324"},{"@type":"WebPage","@id":"https:\/\/zoomserie.at\/en\/produkt\/caramela\/#webpage","url":"https:\/\/zoomserie.at\/en\/produkt\/caramela\/","name":"Caramela-Kuchen \u25ba Zoomserie Wien","description":"Caramela-Kuchen: unges\u00fc\u00dfter Kakao-Biskuitteig, Milchcreme (Vanillegeschmack), Karamell, Milchschokolade.","inLanguage":"en-US","isPartOf":{"@id":"https:\/\/zoomserie.at\/en\/#website"},"breadcrumb":{"@id":"https:\/\/zoomserie.at\/en\/produkt\/caramela\/#breadcrumblist"},"image":{"@type":"ImageObject","url":"https:\/\/zoomserie.at\/wp-content\/uploads\/2024\/03\/toffy-caramel.jpg","@id":"https:\/\/zoomserie.at\/en\/produkt\/caramela\/#mainImage","width":1000,"height":1000},"primaryImageOfPage":{"@id":"https:\/\/zoomserie.at\/en\/produkt\/caramela\/#mainImage"},"datePublished":"2023-11-23T00:04:48+01:00","dateModified":"2024-03-08T18:16:51+01:00"},{"@type":"WebSite","@id":"https:\/\/zoomserie.at\/en\/#website","url":"https:\/\/zoomserie.at\/en\/","name":"Zoomserie Wien","description":"Zoomserie Wien, Torten Bestellen, Konditorei, Eis, Kaffee, Patisserie","inLanguage":"en-US","publisher":{"@id":"https:\/\/zoomserie.at\/en\/#organization"}}]},"og:locale":"en_US","og:site_name":"Zoomserie Wien \u25ba Zoomserie Wien, Torten Bestellen, Konditorei, Eis, Kaffee, Patisserie","og:type":"article","og:title":"Caramela-Kuchen \u25ba Zoomserie Wien","og:description":"Caramela-Kuchen: unges\u00fc\u00dfter Kakao-Biskuitteig, Milchcreme (Vanillegeschmack), Karamell, Milchschokolade.","og:url":"https:\/\/zoomserie.at\/en\/produkt\/caramela\/","og:image":"https:\/\/zoomserie.at\/wp-content\/uploads\/2023\/11\/logo_zoomserie-01.svg","og:image:secure_url":"https:\/\/zoomserie.at\/wp-content\/uploads\/2023\/11\/logo_zoomserie-01.svg","article:published_time":"2023-11-22T23:04:48+00:00","article:modified_time":"2024-03-08T17:16:51+00:00","article:publisher":"https:\/\/www.facebook.com\/ZoomserieAustria","twitter:card":"summary_large_image","twitter:title":"Caramela-Kuchen \u25ba Zoomserie Wien","twitter:description":"Caramela-Kuchen: unges\u00fc\u00dfter Kakao-Biskuitteig, Milchcreme (Vanillegeschmack), Karamell, Milchschokolade.","twitter:image":"https:\/\/zoomserie.at\/wp-content\/uploads\/2023\/11\/logo_zoomserie-01.svg"},"aioseo_meta_data":{"post_id":"503","title":null,"description":null,"keywords":[],"keyphrases":{"focus":{"keyphrase":"","score":0,"analysis":{"keyphraseInTitle":{"score":0,"maxScore":9,"error":1}}},"additional":[]},"primary_term":null,"canonical_url":null,"og_title":null,"og_description":null,"og_object_type":"default","og_image_type":"default","og_image_url":null,"og_image_width":null,"og_image_height":null,"og_image_custom_url":null,"og_image_custom_fields":null,"og_video":"","og_custom_url":null,"og_article_section":null,"og_article_tags":[],"twitter_use_og":false,"twitter_card":"default","twitter_image_type":"default","twitter_image_url":null,"twitter_image_custom_url":null,"twitter_image_custom_fields":null,"twitter_title":null,"twitter_description":null,"schema":{"blockGraphs":[],"customGraphs":[],"default":{"data":{"Article":[],"Course":[],"Dataset":[],"FAQPage":[],"Movie":[],"Person":[],"Product":[],"ProductReview":[],"Car":[],"Recipe":[],"Service":[],"SoftwareApplication":[],"WebPage":[]},"graphName":"ItemPage","isEnabled":true},"graphs":[]},"schema_type":"default","schema_type_options":null,"pillar_content":false,"robots_default":true,"robots_noindex":false,"robots_noarchive":false,"robots_nosnippet":false,"robots_nofollow":false,"robots_noimageindex":false,"robots_noodp":false,"robots_notranslate":false,"robots_max_snippet":"-1","robots_max_videopreview":"-1","robots_max_imagepreview":"large","priority":null,"frequency":"default","local_seo":null,"seo_analyzer_scan_date":"2025-10-09 06:25:23","breadcrumb_settings":null,"limit_modified_date":false,"reviewed_by":null,"open_ai":"{\"title\":{\"suggestions\":[],\"usage\":0},\"description\":{\"suggestions\":[],\"usage\":0}}","ai":null,"created":"2024-02-09 13:12:33","updated":"2025-10-09 06:25:23"},"aioseo_breadcrumb":"<div class=\"aioseo-breadcrumbs\"><span class=\"aioseo-breadcrumb\">\n\t<a href=\"https:\/\/zoomserie.at\/en\" title=\"Zu Hause\">Zu Hause<\/a>\n<\/span><span class=\"aioseo-breadcrumb-separator\">&raquo;<\/span><span class=\"aioseo-breadcrumb\">\n\t<a href=\"https:\/\/zoomserie.at\/en\/shop\/\" title=\"Shop\">Shop<\/a>\n<\/span><span class=\"aioseo-breadcrumb-separator\">&raquo;<\/span><span class=\"aioseo-breadcrumb\">\n\t<a href=\"https:\/\/zoomserie.at\/en\/produktkategorie\/kuchen\/\" title=\"Kuchen\">Kuchen<\/a>\n<\/span><span class=\"aioseo-breadcrumb-separator\">&raquo;<\/span><span class=\"aioseo-breadcrumb\">\n\t<a href=\"https:\/\/zoomserie.at\/en\/produktkategorie\/kuchen\/tortenstuecke\/\" title=\"Tortenst\u00fccke\">Tortenst\u00fccke<\/a>\n<\/span><span class=\"aioseo-breadcrumb-separator\">&raquo;<\/span><span class=\"aioseo-breadcrumb\">\n\tCaramela-Kuchen\n<\/span><\/div>","aioseo_breadcrumb_json":[{"label":"Zu Hause","link":"https:\/\/zoomserie.at\/en"},{"label":"Shop","link":"https:\/\/zoomserie.at\/en\/shop\/"},{"label":"Kuchen","link":"https:\/\/zoomserie.at\/en\/produktkategorie\/kuchen\/"},{"label":"Tortenst\u00fccke","link":"https:\/\/zoomserie.at\/en\/produktkategorie\/kuchen\/tortenstuecke\/"},{"label":"Caramela-Kuchen","link":"https:\/\/zoomserie.at\/en\/produkt\/caramela\/"}],"_links":{"self":[{"href":"https:\/\/zoomserie.at\/en\/wp-json\/wp\/v2\/product\/503","targetHints":{"allow":["GET"]}}],"collection":[{"href":"https:\/\/zoomserie.at\/en\/wp-json\/wp\/v2\/product"}],"about":[{"href":"https:\/\/zoomserie.at\/en\/wp-json\/wp\/v2\/types\/product"}],"replies":[{"embeddable":true,"href":"https:\/\/zoomserie.at\/en\/wp-json\/wp\/v2\/comments?post=503"}],"wp:featuredmedia":[{"embeddable":true,"href":"https:\/\/zoomserie.at\/en\/wp-json\/wp\/v2\/media\/1754"}],"wp:attachment":[{"href":"https:\/\/zoomserie.at\/en\/wp-json\/wp\/v2\/media?parent=503"}],"wp:term":[{"taxonomy":"product_brand","embeddable":true,"href":"https:\/\/zoomserie.at\/en\/wp-json\/wp\/v2\/product_brand?post=503"},{"taxonomy":"product_cat","embeddable":true,"href":"https:\/\/zoomserie.at\/en\/wp-json\/wp\/v2\/product_cat?post=503"},{"taxonomy":"product_tag","embeddable":true,"href":"https:\/\/zoomserie.at\/en\/wp-json\/wp\/v2\/product_tag?post=503"}],"curies":[{"name":"wp","href":"https:\/\/api.w.org\/{rel}","templated":true}]}}